{"id":2252,"date":"2018-04-18T09:02:33","date_gmt":"2018-04-18T08:02:33","guid":{"rendered":"http:\/\/vitamundi.org\/?page_id=2252"},"modified":"2025-03-01T18:22:42","modified_gmt":"2025-03-01T17:22:42","slug":"__trashed","status":"publish","type":"page","link":"http:\/\/vitamundi.org\/ca\/","title":{"rendered":"Vita Mundi"},"content":{"rendered":"<p>ONG de Cooperaci\u00f3 per al Desenvolupament que,des-de l&#8217;any 2006,coordina Projectes sanitaris,alimentaris i educatius a pa\u00efsos amb comunitats vulnerables i que viuen per sota del llindar de la pobresa<\/p>\n<figure><img src=\"http:\/\/vitamundi.org\/wp-content\/uploads\/2018\/02\/cabecera_galeria-1.jpg\" alt=\"cabecera_galeria\" \/><\/figure>\n<figure><img src=\"http:\/\/vitamundi.org\/wp-content\/uploads\/2018\/02\/cabecera_que_puedes_hacer.jpg\" alt=\"cabecera_que_puedes_hacer\" \/><\/figure>\n<figure><img src=\"http:\/\/vitamundi.org\/wp-content\/uploads\/2018\/02\/cabecera_quehacemos_india.jpg\" alt=\"cabecera_quehacemos_india\" \/><\/figure>\n<figure><img src=\"http:\/\/vitamundi.org\/wp-content\/uploads\/2018\/02\/cabecera_quehacemos_meridiana_2.jpg\" alt=\"cabecera_quehacemos_meridiana_2\" \/><\/figure>\n<h2 style=\"text-align: center;\">ESTIMA, IMPULS I OPORTUNITAT<\/h2>\n<h2>Vita Mundi actualitat<\/h2>\n<p>\t\t<img src=\"\" title=\"1997\" alt=\"1997\" \/><br \/>\n                <a href=\"http:\/\/vitamundi.org\/vitamundi-en-india-2024\/\" target=\"_blank\" rel=\"noopener\"><br \/>\n                <\/a><\/p>\n<p>\n                    <a href=\"http:\/\/vitamundi.org\/vitamundi-en-india-2024\/\" target=\"_blank\" rel=\"noopener\">VITAMUNDI A INDIA 2024.El Projecte AYUDA A VIVIR facilita aliments de primera necessitat a m\u00e9s de 400 fam\u00edlies.Ves a la noticia<\/a>\n                <\/p>\n<p>Projecte<\/p>\n<p>\t\t<img width=\"1080\" height=\"1080\" src=\"http:\/\/vitamundi.org\/wp-content\/uploads\/2025\/02\/Foto-Memoria-5.jpg\" alt=\"\" loading=\"lazy\" srcset=\"http:\/\/vitamundi.org\/wp-content\/uploads\/2025\/02\/Foto-Memoria-5.jpg 1080w, http:\/\/vitamundi.org\/wp-content\/uploads\/2025\/02\/Foto-Memoria-5-300x300.jpg 300w, http:\/\/vitamundi.org\/wp-content\/uploads\/2025\/02\/Foto-Memoria-5-1024x1024.jpg 1024w, http:\/\/vitamundi.org\/wp-content\/uploads\/2025\/02\/Foto-Memoria-5-150x150.jpg 150w, http:\/\/vitamundi.org\/wp-content\/uploads\/2025\/02\/Foto-Memoria-5-768x768.jpg 768w\" sizes=\"(max-width: 1080px) 100vw, 1080px\" \/><br \/>\n                <a href=\"http:\/\/vitamundi.org\/vitamundi-en-roquetes\/\" target=\"_blank\" rel=\"noopener\"><br \/>\n                <\/a><\/p>\n<p>\n                    <a href=\"http:\/\/vitamundi.org\/vitamundi-en-roquetes\/\" target=\"_blank\" rel=\"noopener\">VITAMUNDI A ROQUETES-MAR\u00c7 2024.Recolzem el Projecte BETANIA. Llegir article<\/a>\n                <\/p>\n<p>Noticia\n<\/p>\n<p>\t\t<img width=\"150\" height=\"150\" src=\"\" alt=\"\" loading=\"lazy\" srcset=\" 150w, http:\/\/vitamundi.org\/wp-content\/uploads\/2025\/02\/IMG-20250224-WA0000-1-300x300.jpg 300w, http:\/\/vitamundi.org\/wp-content\/uploads\/2025\/02\/IMG-20250224-WA0000-1-1024x1024.jpg 1024w, http:\/\/vitamundi.org\/wp-content\/uploads\/2025\/02\/IMG-20250224-WA0000-1-768x768.jpg 768w, http:\/\/vitamundi.org\/wp-content\/uploads\/2025\/02\/IMG-20250224-WA0000-1.jpg 1080w\" sizes=\"(max-width: 150px) 100vw, 150px\" \/><br \/>\n                <a href=\"http:\/\/vitamundi.org\/proyecto-guarderias-cuba-2025\/\" target=\"_blank\" rel=\"noopener\"><br \/>\n                <\/a><\/p>\n<p>\n                    <a href=\"http:\/\/vitamundi.org\/proyecto-guarderias-cuba-2025\/\" target=\"_blank\" rel=\"noopener\">ESCOLES BRESSOL A CUBA 2025.Ajuda&#8217;ns amb la manutenci\u00f3 de 32 nens i nenes de les escoles bressol de Certeneja i Holgu\u00edn.Ves a la noticia<\/a>\n                <\/p>\n<p>Projecte\n<\/p>\n<h2>Els nostres projectes principals<\/h2>\n<figure><a href=\"http:\/\/vitamundi.org\/que-hacemos\/guatemala\/\"><img src=\"http:\/\/vitamundi.org\/wp-content\/uploads\/2018\/02\/guatemala.png\" alt=\"guatemala\" title=\"guatemala\"><\/a><\/figure>\n<h3><a href=\"http:\/\/vitamundi.org\/que-hacemos\/guatemala\/\">GUATEMALA<\/a><\/h3>\n<p><p>Compromesos amb la salut de les comunitats ind\u00edgenes en projectes sanitaris i d\u2019alimentaci\u00f3.<\/p>\n<\/p>\n<figure><a href=\"http:\/\/vitamundi.org\/que-hacemos\/india\/\"><img src=\"http:\/\/vitamundi.org\/wp-content\/uploads\/2018\/02\/india.png\" alt=\"india\" title=\"india\"><\/a><\/figure>\n<h3><a href=\"http:\/\/vitamundi.org\/que-hacemos\/india\/\">INDIA<\/a><\/h3>\n<p><p>Projectes m\u00e8dics, alimentaris i educatius en col\u00b7laboraci\u00f3 amb Ankur Children Home (Mumbai)<\/p>\n<\/p>\n<figure><a href=\"http:\/\/vitamundi.org\/que-hacemos\/barcelona\/\"><img src=\"http:\/\/vitamundi.org\/wp-content\/uploads\/2018\/02\/ciudad-meridiana.png\" alt=\"ciudad-meridiana\" title=\"ciudad-meridiana\"><\/a><\/figure>\n<h3><a href=\"http:\/\/vitamundi.org\/que-hacemos\/barcelona\/\">BARCELONA<\/a><\/h3>\n<p><p>Projecte d\u2019alimentaci\u00f3 infantil a Ciutat Meridiana i Roquetes. Acci\u00f3ns de sensibilitzaci\u00f3 i esdeveniments solidaris.<\/p>\n<\/p>\n<h2>Els nostres valors<\/h2>\n<p><strong>POBLACI\u00d3 M\u00c9S VULNERABLE: INFANTS I DONES<\/strong><\/p>\n<p style=\"text-align: center;\"><strong>100% APORTACIONS DESTINADES A PROJECTES<\/strong><\/p>\n<p style=\"text-align: center;\"><strong>RESPECTE AL PA\u00cdS I A LES SEVES CREENCES<\/strong><\/p>\n<p style=\"text-align: center;\"><strong>APADRINAMENTS<\/strong><\/p>\n<p style=\"text-align: center;\"><strong>NI DINERS, NI CORRUPCI\u00d3<\/strong><\/p>\n<p style=\"text-align: center;\"><strong>SENSE SOUS<\/strong><\/p>\n<p style=\"text-align: center;\"><strong>COL\u00b7LABORACIONS DES DE 10 EUROS<\/strong><\/p>\n<p>\t\t\t<a href=\"http:\/\/vitamundi.org\/ca\/que-pots-fer\/\" target=\"_blank\" rel=\"noopener\"><br \/>\n\t\t\t\t\t\tCOL\u00b7LABORA<br \/>\n\t\t\t\t\t<\/a><br \/>\n\t\t<img width=\"900\" height=\"900\" src=\"http:\/\/vitamundi.org\/wp-content\/uploads\/2018\/02\/collage-inici.jpg\" alt=\"\" loading=\"lazy\" srcset=\"http:\/\/vitamundi.org\/wp-content\/uploads\/2018\/02\/collage-inici.jpg 900w, http:\/\/vitamundi.org\/wp-content\/uploads\/2018\/02\/collage-inici-150x150.jpg 150w, http:\/\/vitamundi.org\/wp-content\/uploads\/2018\/02\/collage-inici-300x300.jpg 300w, http:\/\/vitamundi.org\/wp-content\/uploads\/2018\/02\/collage-inici-768x768.jpg 768w\" sizes=\"(max-width: 900px) 100vw, 900px\" \/>\t\t<\/p>\n<h3>ESTIMA, IMPULS I OPORTUNITAT<\/h3>\n<p>Colabora con nosotros en nuestros proyectos<\/p>\n<p>\t\t\t<a href=\"http:\/\/vitamundi.org\/ca\/que-pots-fer\/\"><br \/>\n\t\t\t\t\t\tFES-TE COL\u00b7LABORADOR<br \/>\n\t\t\t\t\t<\/a><br \/>\n\t\t<img width=\"184\" height=\"39\" src=\"http:\/\/vitamundi.org\/wp-content\/uploads\/2018\/02\/logo-vitamundi-blanc.png\" alt=\"\" loading=\"lazy\" \/>\t\t<\/p>\n<p>DADES DE CONTACTE<\/p>\n<p>ESTATUTS<\/p>\n<p>\u00c9s una ONG per al Desenvolupament constitu\u00efda a l&#8217;octubre del 2006, que pret\u00e9n coordinar accions puntuals i projectes sostenibles a llarg termini en diferents pa\u00efsos amb baix nivell de desenvolupament hum\u00e0, econ\u00f2mic i social.<\/p>\n<p><strong>Vita Mundi<\/strong><br \/>C.Balmes, 310, pral. 1\u00aa<br \/>08006 Barcelona<br \/>Tel\u00e8fon: 606 36 53 05 \/ 93 200 07 96<\/p>\n<p><strong>Informaci\u00f3 General<\/strong>:<br \/>\n<a href=\"mailto:info@vitamundi.org\">info@vitamundi.org<\/a><br \/>\n<strong>Comunicaci\u00f3 i Marketing<\/strong>:<br \/>\n<a href=\"mailto:comunicacion@vitamundi.org\">comunicacion@vitamundi.org<\/a><\/p>\n<p style=\"text-align: left;\">\n<p>100% aportacions destinades als projectes.<br \/>\nDespeses assumides pels fundadors.<br \/>\nTots els viatges s\u00f3n assumits pels expedicionaris.<br \/>\nNo salaris.<\/p>\n<p><strong>SEGUEIX LES NOSTRES ACCIONS A LES XARXES<\/strong><\/p>\n<p><strong>FES UNA DONACI\u00d3<\/strong><\/p>\n<p><strong>REP LA NOSTRA NEWSLETTER<\/strong><\/p>\n<p>\t\t\t\t\t\t\t<a href=\"https:\/\/www.facebook.com\/vitamundi\" target=\"_blank\" rel=\"noopener\"><br \/>\n\t\t\t\t\tFacebook<br \/>\n\t\t\t\t<\/a><br \/>\n\t\t\t\t\t\t\t<a href=\"https:\/\/twitter.com\/Vita_Mundi\" target=\"_blank\" rel=\"noopener\"><br \/>\n\t\t\t\t\tTwitter<br \/>\n\t\t\t\t<\/a><br \/>\n\t\t\t<a href=\"http:\/\/vitamundi.org\/ca\/que-pots-fer\/donacio-puntual\/\"><br \/>\n\t\t\t\t\t\tCol\u00b7labora<br \/>\n\t\t\t\t\t<\/a><br \/>\n\t\t\t<a href=\"mailto:info@vitamundi.org\"><br \/>\n\t\t\t\t\t\tSubscriu-te<br \/>\n\t\t\t\t\t<\/a><\/p>\n","protected":false},"excerpt":{"rendered":"<p>ONG de Cooperaci\u00f3 per al Desenvolupament que,des-de l&#8217;any 2006,coordina Projectes sanitaris,alimentaris i educatius a pa\u00efsos amb comunitats vulnerables i que viuen per sota del llindar de la pobresa ESTIMA, IMPULS I OPORTUNITAT Vita Mundi actualitat VITAMUNDI A INDIA 2024.El Projecte AYUDA A VIVIR facilita aliments de primera necessitat a m\u00e9s de 400 fam\u00edlies.Ves a la &#8230; <\/p>\n<p class=\"read-more-container\"><a title=\"Vita Mundi\" class=\"read-more button\" href=\"http:\/\/vitamundi.org\/ca\/#more-2252\">Leer m\u00e1s<span class=\"screen-reader-text\">Vita Mundi<\/span><\/a><\/p>\n","protected":false},"author":1,"featured_media":0,"parent":0,"menu_order":0,"comment_status":"closed","ping_status":"closed","template":"","meta":{"generate_page_header":""},"_links":{"self":[{"href":"http:\/\/vitamundi.org\/ca\/wp-json\/wp\/v2\/pages\/2252"}],"collection":[{"href":"http:\/\/vitamundi.org\/ca\/wp-json\/wp\/v2\/pages"}],"about":[{"href":"http:\/\/vitamundi.org\/ca\/wp-json\/wp\/v2\/types\/page"}],"author":[{"embeddable":true,"href":"http:\/\/vitamundi.org\/ca\/wp-json\/wp\/v2\/users\/1"}],"replies":[{"embeddable":true,"href":"http:\/\/vitamundi.org\/ca\/wp-json\/wp\/v2\/comments?post=2252"}],"version-history":[{"count":116,"href":"http:\/\/vitamundi.org\/ca\/wp-json\/wp\/v2\/pages\/2252\/revisions"}],"predecessor-version":[{"id":8047,"href":"http:\/\/vitamundi.org\/ca\/wp-json\/wp\/v2\/pages\/2252\/revisions\/8047"}],"wp:attachment":[{"href":"http:\/\/vitamundi.org\/ca\/wp-json\/wp\/v2\/media?parent=2252"}],"curies":[{"name":"wp","href":"https:\/\/api.w.org\/{rel}","templated":true}]}}