{"id":2667,"date":"2018-04-18T12:39:22","date_gmt":"2018-04-18T11:39:22","guid":{"rendered":"http:\/\/vitamundi.org\/qui-som\/"},"modified":"2025-02-15T23:06:02","modified_gmt":"2025-02-15T22:06:02","slug":"qui-som","status":"publish","type":"page","link":"http:\/\/vitamundi.org\/ca\/qui-som\/","title":{"rendered":"Qui som"},"content":{"rendered":"<h1>Qui som<\/h1>\n<h3>Qui som<\/h3>\n<p>L\u2019Associaci\u00f3 neix l\u2019any 2000, despr\u00e9s de la formaci\u00f3 d\u2019un grup (GRUP MIX BARCELONA 2000), constitu\u00eft per personal sanitari i voluntaris d\u2019altres professions que desenvoluparen la seva activitat solid\u00e0ria amb les comunitats ind\u00edgenes a Guatemala. A l\u2019any 2006 es constitu\u00ed com a ONG.<br \/>\nDes de llavors estem compromesos amb les comunitats de Guatemala, \u00cdndia, Ghana. I des de l\u2019any 2013 tenim en marxa un projecte d\u2019alimentaci\u00f3 a Ciutat Meridiana, encaminat a fam\u00edlies i en especial a nadons i a infants.<br \/>\nSom una associaci\u00f3 aconfessional, sense afiliaci\u00f3 pol\u00edtica i respectuosa amb les creences i valors dels seus membres, col\u00b7laboradors i beneficiaris, que duu a terme les seves accions i projectes sense discriminaci\u00f3 de g\u00e8nere, \u00e8tnia o creences religioses.<\/p>\n<p>                <a href=\"http:\/\/vitamundi.org\/wp-content\/uploads\/2018\/02\/presentacio\u0301n-vitamundi-2016.pdf\" target=\"_blank\" rel=\"noopener\"><br \/>\n                <\/a><\/p>\n<h3>\n                    <a href=\"http:\/\/vitamundi.org\/wp-content\/uploads\/2018\/02\/presentacio\u0301n-vitamundi-2016.pdf\" target=\"_blank\" rel=\"noopener\">Coneixeu-nos un xic m\u00e9s<\/a><br \/>\n                <\/h3>\n<\/p>\n<figure><img src=\"\" alt=\"quienes_slider4\" \/><\/figure>\n<figure><img src=\"\" alt=\"quienes_slider3\" \/><\/figure>\n<figure><img src=\"\" alt=\"quienes_slider2\" \/><\/figure>\n<figure><img src=\"\" alt=\"quienes_slider1\" \/><\/figure>\n<figure><img src=\"\" alt=\"quienes_slider6\" \/><\/figure>\n<figure><img src=\"\" alt=\"quienes_slider5\" \/><\/figure>\n<p>\t\t\t\t\t\t<a href=\"http:\/\/vitamundi.org\/qui-som\/el-nostre-orgranigrama\/?lang=ca\" data-elementor-open-lightbox=\"default\"><br \/>\n\t\t<img width=\"370\" height=\"225\" src=\"http:\/\/vitamundi.org\/wp-content\/uploads\/2018\/01\/quienes_organigrama.jpg\" alt=\"\" loading=\"lazy\" srcset=\"http:\/\/vitamundi.org\/wp-content\/uploads\/2018\/01\/quienes_organigrama.jpg 370w, http:\/\/vitamundi.org\/wp-content\/uploads\/2018\/01\/quienes_organigrama-300x182.jpg 300w\" sizes=\"(max-width: 370px) 100vw, 370px\" \/>\t\t\t\t<\/a><\/p>\n<h3>El nostre organigrama<\/h3>\n<p>Vita Mundi \u00e9s una associaci\u00f3 formada, en la seva major part, per voluntaris del m\u00f3n de la sanitat, sense cap mena de lucre personal.<\/p>\n<p>\t\t\t\t\t\t<a href=\"http:\/\/vitamundi.org\/qui-som\/com-ens-financiem\/?lang=ca\" data-elementor-open-lightbox=\"default\"><br \/>\n\t\t<img width=\"370\" height=\"225\" src=\"http:\/\/vitamundi.org\/wp-content\/uploads\/2018\/01\/quienes_financiacion.jpg\" alt=\"\" loading=\"lazy\" srcset=\"http:\/\/vitamundi.org\/wp-content\/uploads\/2018\/01\/quienes_financiacion.jpg 370w, http:\/\/vitamundi.org\/wp-content\/uploads\/2018\/01\/quienes_financiacion-300x182.jpg 300w\" sizes=\"(max-width: 370px) 100vw, 370px\" \/>\t\t\t\t<\/a><\/p>\n<h3>Com ens financem<\/h3>\n<p>El 100% de les aportacions van destinades a projectes. Les despeses s\u00f3n assumides pels fundadors i no hi ha paga de sous.<\/p>\n<p>\t\t\t\t\t\t<a href=\"http:\/\/vitamundi.org\/qui-som\/com-distribuim-els-recursos\/?lang=ca\" data-elementor-open-lightbox=\"default\"><br \/>\n\t\t<img width=\"370\" height=\"225\" src=\"http:\/\/vitamundi.org\/wp-content\/uploads\/2018\/01\/quienes_recursos.jpg\" alt=\"\" loading=\"lazy\" srcset=\"http:\/\/vitamundi.org\/wp-content\/uploads\/2018\/01\/quienes_recursos.jpg 370w, http:\/\/vitamundi.org\/wp-content\/uploads\/2018\/01\/quienes_recursos-300x182.jpg 300w\" sizes=\"(max-width: 370px) 100vw, 370px\" \/>\t\t\t\t<\/a><\/p>\n<h3>Com distribu\u00efm els nostres recursos<\/h3>\n<p>Distribu\u00efm els recursos en projectes sanitaris i socials, en alimentaci\u00f3 i apadrinaments.<\/p>\n<h3>ESTIMA, IMPULS I OPORTUNITAT<\/h3>\n<p>Col\u00b7labora amb nosaltres en els nostres projectes<\/p>\n<p>\t\t\t<a href=\"http:\/\/vitamundi.org\/ca\/que-pots-fer\/\"><br \/>\n\t\t\t\t\t\tFES-TE COL\u00b7LABORADOR<br \/>\n\t\t\t\t\t<\/a><br \/>\n\t\t<img width=\"184\" height=\"39\" src=\"http:\/\/vitamundi.org\/wp-content\/uploads\/2018\/02\/logo-vitamundi-blanc.png\" alt=\"\" loading=\"lazy\" \/>\t\t<\/p>\n<p>DADES DE CONTACTE<\/p>\n<p>ESTATUTS<\/p>\n<p>\u00c9s una ONG per al Desenvolupament constitu\u00efda a l&#8217;octubre del 2006, que pret\u00e9n coordinar accions puntuals i projectes sostenibles a llarg termini en diferents pa\u00efsos amb baix nivell de desenvolupament hum\u00e0, econ\u00f2mic i social.<\/p>\n<p>Vita Mundi<br \/>C.Balmes, 310, pral. 1\u00aa<br \/>08006 Barcelona<br \/>Tel\u00e8fon: 93 200 07 96<br \/>M\u00f2bil: 606 365 305<\/p>\n<p>Informaci\u00f3 General:<br \/>\n<a href=\"mailto:info@vitamundi.org\">info@vitamundi.org<\/a><br \/>\nComunicaci\u00f3 i Marketing:<br \/>\n<a href=\"mailto:comunicacion@vitamundi.org\">comunicacion@vitamundi.org<\/a><\/p>\n<p>100% aportacions destinades als projectes.<br \/>\nDespeses assumides pels fundadors.<br \/>\nTots els viatges s\u00f3n assumits pels expedicionaris.<br \/>\nNo salaris.<\/p>\n<p>SEGUEIX LES NOSTRES ACCIONS A LES XARXES<\/p>\n<p><strong>FES UNA DONACI\u00d3<\/strong><\/p>\n<p><strong>REP LA NOSTRA NEWSLETTER<\/strong><\/p>\n<p>\t\t\t\t\t\t\t<a href=\"https:\/\/www.facebook.com\/vitamundi\" target=\"_blank\" rel=\"noopener\"><br \/>\n\t\t\t\t\tFacebook<br \/>\n\t\t\t\t<\/a><br \/>\n\t\t\t\t\t\t\t<a href=\"https:\/\/twitter.com\/Vita_Mundi\" target=\"_blank\" rel=\"noopener\"><br \/>\n\t\t\t\t\tTwitter<br \/>\n\t\t\t\t<\/a><br \/>\n\t\t\t<a href=\"http:\/\/vitamundi.org\/ca\/que-pots-fer\/donacio-puntual\/\"><br \/>\n\t\t\t\t\t\tCol\u00b7labora<br \/>\n\t\t\t\t\t<\/a><br \/>\n\t\t\t<a href=\"mailto:info@vitamundi.org\"><br \/>\n\t\t\t\t\t\tSubscriu-te<br \/>\n\t\t\t\t\t<\/a><\/p>\n","protected":false},"excerpt":{"rendered":"<p>Qui som Qui som L\u2019Associaci\u00f3 neix l\u2019any 2000, despr\u00e9s de la formaci\u00f3 d\u2019un grup (GRUP MIX BARCELONA 2000), constitu\u00eft per personal sanitari i voluntaris d\u2019altres professions que desenvoluparen la seva activitat solid\u00e0ria amb les comunitats ind\u00edgenes a Guatemala. A l\u2019any 2006 es constitu\u00ed com a ONG. Des de llavors estem compromesos amb les comunitats de &#8230; <\/p>\n<p class=\"read-more-container\"><a title=\"Qui som\" class=\"read-more button\" href=\"http:\/\/vitamundi.org\/ca\/qui-som\/#more-2667\">Leer m\u00e1s<span class=\"screen-reader-text\">Qui som<\/span><\/a><\/p>\n","protected":false},"author":1,"featured_media":0,"parent":0,"menu_order":0,"comment_status":"closed","ping_status":"closed","template":"","meta":{"generate_page_header":""},"_links":{"self":[{"href":"http:\/\/vitamundi.org\/ca\/wp-json\/wp\/v2\/pages\/2667"}],"collection":[{"href":"http:\/\/vitamundi.org\/ca\/wp-json\/wp\/v2\/pages"}],"about":[{"href":"http:\/\/vitamundi.org\/ca\/wp-json\/wp\/v2\/types\/page"}],"author":[{"embeddable":true,"href":"http:\/\/vitamundi.org\/ca\/wp-json\/wp\/v2\/users\/1"}],"replies":[{"embeddable":true,"href":"http:\/\/vitamundi.org\/ca\/wp-json\/wp\/v2\/comments?post=2667"}],"version-history":[{"count":34,"href":"http:\/\/vitamundi.org\/ca\/wp-json\/wp\/v2\/pages\/2667\/revisions"}],"predecessor-version":[{"id":7839,"href":"http:\/\/vitamundi.org\/ca\/wp-json\/wp\/v2\/pages\/2667\/revisions\/7839"}],"wp:attachment":[{"href":"http:\/\/vitamundi.org\/ca\/wp-json\/wp\/v2\/media?parent=2667"}],"curies":[{"name":"wp","href":"https:\/\/api.w.org\/{rel}","templated":true}]}}