{"id":2696,"date":"2018-04-18T14:13:02","date_gmt":"2018-04-18T13:13:02","guid":{"rendered":"http:\/\/vitamundi.org\/qui-som\/el-nostre-orgranigrama\/"},"modified":"2025-02-15T22:42:35","modified_gmt":"2025-02-15T21:42:35","slug":"el-nostre-orgranigrama","status":"publish","type":"page","link":"http:\/\/vitamundi.org\/ca\/qui-som\/el-nostre-orgranigrama\/","title":{"rendered":"El nostre orgranigrama"},"content":{"rendered":"<h2>El nostre organigrama<\/h2>\n<h3>El nostre organigrama<\/h3>\n<h3>La nostra Junta Directiva<\/h3>\n<p><strong>JUNTA FUNDADORA<\/strong><\/p>\n<p><strong>JUNTA DIRECTIVA<\/strong><\/p>\n<h4>\n                    GESTI\u00d3 ECON\u00d2MICA<br \/>\n                <\/h4>\n<p><p>Assessoria<br \/>\nComptabilitat<br \/>\nGesti\u00f3 de socis i padrins<\/p>\n<\/p>\n<h4>\n                    COMUNICACI\u00d3 I MARKETING<br \/>\n                <\/h4>\n<p><p>Inform\u00e0tica<br \/>\nCoordinaci\u00f3 i difusi\u00f3 d&#8217;activitats i esdeveniments<br \/>\nSensibilitzaci\u00f3<\/p>\n<\/p>\n<h4>\n                    GESTI\u00d3 DE PROJECTES<br \/>\n                <\/h4>\n<p><p>Relaci\u00f3 amb particulars i empreses<br \/>\nRelaci\u00f3 amb institucions<br \/>\nApadrinaments<br \/>\nVoluntariat<\/p>\n<\/p>\n<p>\t\t<img width=\"768\" height=\"512\" src=\"\" alt=\"\" loading=\"lazy\" srcset=\" 768w, http:\/\/vitamundi.org\/wp-content\/uploads\/2018\/02\/organigrama-300x200.jpg 300w, http:\/\/vitamundi.org\/wp-content\/uploads\/2018\/02\/organigrama-1024x682.jpg 1024w, http:\/\/vitamundi.org\/wp-content\/uploads\/2018\/02\/organigrama.jpg 1280w\" sizes=\"(max-width: 768px) 100vw, 768px\" \/>\t\t<\/p>\n<p style=\"text-align: center;\"><strong>C\u00c0RREC HONOR\u00cdFIC<\/strong><\/p>\n<p style=\"text-align: center;\">Francisco Gamissans Anglada<\/p>\n<p style=\"text-align: center;\"><strong>PRESIDENT D&#8217;HONOR<\/strong>:<br \/>Carlos Algara Lamaignere<\/p>\n<p style=\"text-align: center;\"><strong>JUNTA DIRECTIVA<\/strong><\/p>\n<p style=\"text-align: center;\"><strong>PRESIDENT:<\/strong><br \/>Xavier G\u00f3mez escobedo<\/p>\n<p style=\"text-align: center;\"><strong>VICEPRESIDENT:<\/strong><br \/>Manuel J Garc\u00eda Caballero<\/p>\n<p style=\"text-align: center;\"><strong>SECRETARI I GESTI\u00d3 ADMINISTRATIVA:<\/strong><\/p>\n<p style=\"text-align: center;\">Emilio P\u00e9rez Pombo<\/p>\n<p style=\"text-align: center;\"><strong>VOCALS<\/strong><\/p>\n<p style=\"text-align: center;\"><strong>APADRINAMENTS GUATEMALA<\/strong>:<br \/>Pilar Govantes L\u00f3pez<\/p>\n<p style=\"text-align: center;\"><strong>LOG\u00cdSTICA:<\/strong><br \/>Fco. Javier Ugena Parra<\/p>\n<p style=\"text-align: center;\"><strong>GESTI\u00d3 DE PROJECTES:<\/strong><\/p>\n<p style=\"text-align: center;\">Isabel Algara Mouy<\/p>\n<p style=\"text-align: center;\"><strong>COL\u00b7LABORADORS<\/strong><\/p>\n<p style=\"text-align: center;\"><strong><br \/>COMUNICACI\u00d3<\/strong>:<br \/>Ana Luj\u00e1n Jos\u00e9<\/p>\n<p>\t\t\t\t\t\t<a href=\"http:\/\/vitamundi.org\/qui-som\/el-nostre-orgranigrama\/?lang=ca\" data-elementor-open-lightbox=\"default\"><br \/>\n\t\t<img width=\"370\" height=\"225\" src=\"http:\/\/vitamundi.org\/wp-content\/uploads\/2018\/01\/quienes_organigrama.jpg\" alt=\"\" loading=\"lazy\" srcset=\"http:\/\/vitamundi.org\/wp-content\/uploads\/2018\/01\/quienes_organigrama.jpg 370w, http:\/\/vitamundi.org\/wp-content\/uploads\/2018\/01\/quienes_organigrama-300x182.jpg 300w\" sizes=\"(max-width: 370px) 100vw, 370px\" \/>\t\t\t\t<\/a><\/p>\n<h3>El nostre organigrama<\/h3>\n<p>Vita Mundi \u00e9s una associaci\u00f3 formada, en la seva major part, per voluntaris del m\u00f3n de la sanitat, sense cap mena de lucre personal.<\/p>\n<p>\t\t\t\t\t\t<a href=\"http:\/\/vitamundi.org\/qui-som\/com-ens-financiem\/?lang=ca\" data-elementor-open-lightbox=\"default\"><br \/>\n\t\t<img width=\"370\" height=\"225\" src=\"http:\/\/vitamundi.org\/wp-content\/uploads\/2018\/01\/quienes_financiacion.jpg\" alt=\"\" loading=\"lazy\" srcset=\"http:\/\/vitamundi.org\/wp-content\/uploads\/2018\/01\/quienes_financiacion.jpg 370w, http:\/\/vitamundi.org\/wp-content\/uploads\/2018\/01\/quienes_financiacion-300x182.jpg 300w\" sizes=\"(max-width: 370px) 100vw, 370px\" \/>\t\t\t\t<\/a><\/p>\n<h3>Com ens financiem<\/h3>\n<p>El 100% de les aportacions van destinades a projectes. Les despeses s\u00f3n assumides pels fundadors i no hi ha paga de sous.<\/p>\n<p>\t\t\t\t\t\t<a href=\"http:\/\/vitamundi.org\/qui-som\/com-distribuim-els-recursos\/?lang=ca\" data-elementor-open-lightbox=\"default\"><br \/>\n\t\t<img width=\"370\" height=\"225\" src=\"http:\/\/vitamundi.org\/wp-content\/uploads\/2018\/01\/quienes_recursos.jpg\" alt=\"\" loading=\"lazy\" srcset=\"http:\/\/vitamundi.org\/wp-content\/uploads\/2018\/01\/quienes_recursos.jpg 370w, http:\/\/vitamundi.org\/wp-content\/uploads\/2018\/01\/quienes_recursos-300x182.jpg 300w\" sizes=\"(max-width: 370px) 100vw, 370px\" \/>\t\t\t\t<\/a><\/p>\n<h3>Com distribu\u00efm els nostres recursos<\/h3>\n<p>Distribu\u00efm els recursos en projectes sanitaris i socials, en alimentaci\u00f3 i apadrinaments.<\/p>\n<p><strong>ESTIMA, IMPULS I OPORTUNITAT<\/strong><\/p>\n<p>Col\u00b7labora amb nosaltres en els nostres projectes<\/p>\n<p>\t\t\t<a href=\"http:\/\/vitamundi.org\/que-pots-fer\/?lang=ca\"><br \/>\n\t\t\t\t\t\tFES-TE COL\u00b7LABORADOR<br \/>\n\t\t\t\t\t<\/a><br \/>\n\t\t<img width=\"184\" height=\"39\" src=\"http:\/\/vitamundi.org\/wp-content\/uploads\/2018\/02\/logo-vitamundi-blanc.png\" alt=\"\" loading=\"lazy\" \/>\t\t<\/p>\n<p>DADES DE CONTACTE<\/p>\n<p>ESTATUTS<\/p>\n<p>\u00c9s una <strong>ONG per al Desenvolupament constitu\u00efda a l&#8217;octubre del 2006<\/strong>, que pret\u00e9n coordinar accions puntuals i projectes sostenibles a llarg termini en diferents pa\u00efsos amb baix nivell de desenvolupament hum\u00e0, econ\u00f2mic i social.<\/p>\n<p><strong>Vita Mundi<\/strong><br \/>C.Balmes, 310, pral. 1\u00aa<br \/>08006 Barcelona<br \/>Tel\u00e8fon: 606 36 53 05\/93 200 07 96<\/p>\n<p><strong>Informaci\u00f3 General<\/strong>:<br \/>\n<a href=\"mailto:info@vitamundi.org\">info@vitamundi.org<\/a><br \/>\n<strong>Comunicaci\u00f3 i Marketing<\/strong>:<br \/>\n<a href=\"mailto:comunicacion@vitamundi.org\">comunicacion@vitamundi.org<\/a><\/p>\n<p style=\"text-align: left;\">\n<p>100% aportacions destinades als projectes.<br \/>\nDespeses assumides pels fundadors.<br \/>\nTots els viatges s\u00f3n assumits pels expedicionaris.<br \/>\nNo salaris.<\/p>\n<p><strong>SEGUEIX LES NOSTRES ACCIONS A LES XARXES<\/strong><\/p>\n<p><strong>FES UNA DONACI\u00d3<\/strong><\/p>\n<p><strong>REP LA NOSTRA NEWSLETTER<\/strong><\/p>\n<p>\t\t\t\t\t\t\t<a href=\"https:\/\/www.facebook.com\/vitamundi\" target=\"_blank\" rel=\"noopener\"><br \/>\n\t\t\t\t\tFacebook<br \/>\n\t\t\t\t<\/a><br \/>\n\t\t\t\t\t\t\t<a href=\"https:\/\/twitter.com\/Vita_Mundi\" target=\"_blank\" rel=\"noopener\"><br \/>\n\t\t\t\t\tTwitter<br \/>\n\t\t\t\t<\/a><br \/>\n\t\t\t<a href=\"http:\/\/vitamundi.org\/que-pots-fer\/donacio-puntual\/?lang=ca\"><br \/>\n\t\t\t\t\t\tCol\u00b7labora<br \/>\n\t\t\t\t\t<\/a><br \/>\n\t\t\t<a href=\"mailto:info@vitamundi.org\"><br \/>\n\t\t\t\t\t\tSubscriu-te<br \/>\n\t\t\t\t\t<\/a><\/p>\n","protected":false},"excerpt":{"rendered":"<p>El nostre organigrama El nostre organigrama La nostra Junta Directiva JUNTA FUNDADORA JUNTA DIRECTIVA GESTI\u00d3 ECON\u00d2MICA Assessoria Comptabilitat Gesti\u00f3 de socis i padrins COMUNICACI\u00d3 I MARKETING Inform\u00e0tica Coordinaci\u00f3 i difusi\u00f3 d&#8217;activitats i esdeveniments Sensibilitzaci\u00f3 GESTI\u00d3 DE PROJECTES Relaci\u00f3 amb particulars i empreses Relaci\u00f3 amb institucions Apadrinaments Voluntariat C\u00c0RREC HONOR\u00cdFIC Francisco Gamissans Anglada PRESIDENT D&#8217;HONOR:Carlos Algara &#8230; <\/p>\n<p class=\"read-more-container\"><a title=\"El nostre orgranigrama\" class=\"read-more button\" href=\"http:\/\/vitamundi.org\/ca\/qui-som\/el-nostre-orgranigrama\/#more-2696\">Leer m\u00e1s<span class=\"screen-reader-text\">El nostre orgranigrama<\/span><\/a><\/p>\n","protected":false},"author":1,"featured_media":0,"parent":2667,"menu_order":0,"comment_status":"closed","ping_status":"closed","template":"","meta":{"generate_page_header":""},"_links":{"self":[{"href":"http:\/\/vitamundi.org\/ca\/wp-json\/wp\/v2\/pages\/2696"}],"collection":[{"href":"http:\/\/vitamundi.org\/ca\/wp-json\/wp\/v2\/pages"}],"about":[{"href":"http:\/\/vitamundi.org\/ca\/wp-json\/wp\/v2\/types\/page"}],"author":[{"embeddable":true,"href":"http:\/\/vitamundi.org\/ca\/wp-json\/wp\/v2\/users\/1"}],"replies":[{"embeddable":true,"href":"http:\/\/vitamundi.org\/ca\/wp-json\/wp\/v2\/comments?post=2696"}],"version-history":[{"count":65,"href":"http:\/\/vitamundi.org\/ca\/wp-json\/wp\/v2\/pages\/2696\/revisions"}],"predecessor-version":[{"id":7829,"href":"http:\/\/vitamundi.org\/ca\/wp-json\/wp\/v2\/pages\/2696\/revisions\/7829"}],"up":[{"embeddable":true,"href":"http:\/\/vitamundi.org\/ca\/wp-json\/wp\/v2\/pages\/2667"}],"wp:attachment":[{"href":"http:\/\/vitamundi.org\/ca\/wp-json\/wp\/v2\/media?parent=2696"}],"curies":[{"name":"wp","href":"https:\/\/api.w.org\/{rel}","templated":true}]}}