{"id":2736,"date":"2018-04-18T14:27:01","date_gmt":"2018-04-18T13:27:01","guid":{"rendered":"http:\/\/vitamundi.org\/qui-som\/com-ens-financiem\/"},"modified":"2025-02-15T22:41:10","modified_gmt":"2025-02-15T21:41:10","slug":"com-ens-financiem","status":"publish","type":"page","link":"http:\/\/vitamundi.org\/ca\/qui-som\/com-ens-financiem\/","title":{"rendered":"Com ens financem"},"content":{"rendered":"<h2>Com ens financiem<\/h2>\n<h3>   Com ens financiem<\/h3>\n<h3>   Tipologia d&#8217;ingressos 2024<\/h3>\n<p>\t\t<img width=\"768\" height=\"474\" src=\"\" alt=\"\" loading=\"lazy\" srcset=\" 768w, http:\/\/vitamundi.org\/wp-content\/uploads\/2018\/03\/grafica-financiamos-300x185.png 300w, http:\/\/vitamundi.org\/wp-content\/uploads\/2018\/03\/grafica-financiamos.png 962w\" sizes=\"(max-width: 768px) 100vw, 768px\" \/><br \/>\n\t\t\t\t\t\tQuotes col\u00b7laboraci\u00f3 amb asignaci\u00f3<br \/>\n\t\t\t\t\t\t\t\t\t58%<br \/>\n\t\t\t\t\t\tQuotes afiliats<br \/>\n\t\t\t\t\t\t\t\t\t2%<br \/>\n\t\t\t\t\t\tQuotes col\u00b7laboraci\u00f3 sense asignaci\u00f3<br \/>\n\t\t\t\t\t\t\t\t\t38%<br \/>\n\t\t\t\t\t\tDonacions i llegats<br \/>\n\t\t\t\t\t\t\t\t\t2%<br \/>\n\t\t\t\t\t\t<a href=\"http:\/\/vitamundi.org\/qui-som\/el-nostre-orgranigrama\/?lang=ca\" data-elementor-open-lightbox=\"default\"><br \/>\n\t\t<img width=\"370\" height=\"225\" src=\"http:\/\/vitamundi.org\/wp-content\/uploads\/2018\/01\/quienes_organigrama.jpg\" alt=\"\" loading=\"lazy\" srcset=\"http:\/\/vitamundi.org\/wp-content\/uploads\/2018\/01\/quienes_organigrama.jpg 370w, http:\/\/vitamundi.org\/wp-content\/uploads\/2018\/01\/quienes_organigrama-300x182.jpg 300w\" sizes=\"(max-width: 370px) 100vw, 370px\" \/>\t\t\t\t<\/a><\/p>\n<h3>El nostre orgranigrama<\/h3>\n<p>Vita Mundi \u00e9s una associaci\u00f3 formada, en la seva major part, per voluntaris del m\u00f3n de la sanitat, sense cap mena de lucre personal.<\/p>\n<p>\t\t\t\t\t\t<a href=\"http:\/\/vitamundi.org\/qui-som\/com-ens-financiem\/?lang=ca\" data-elementor-open-lightbox=\"default\"><br \/>\n\t\t<img width=\"370\" height=\"225\" src=\"http:\/\/vitamundi.org\/wp-content\/uploads\/2018\/01\/quienes_financiacion.jpg\" alt=\"\" loading=\"lazy\" srcset=\"http:\/\/vitamundi.org\/wp-content\/uploads\/2018\/01\/quienes_financiacion.jpg 370w, http:\/\/vitamundi.org\/wp-content\/uploads\/2018\/01\/quienes_financiacion-300x182.jpg 300w\" sizes=\"(max-width: 370px) 100vw, 370px\" \/>\t\t\t\t<\/a><\/p>\n<h3>Com ens financiem<\/h3>\n<p>El 100% de les aportacions van destinades a projectes. Les despeses s\u00f3n assumides pels fundadors i no hi ha paga de sous.<\/p>\n<p>\t\t\t\t\t\t<a href=\"http:\/\/vitamundi.org\/qui-som\/com-distribuim-els-recursos\/?lang=ca\" data-elementor-open-lightbox=\"default\"><br \/>\n\t\t<img width=\"370\" height=\"225\" src=\"http:\/\/vitamundi.org\/wp-content\/uploads\/2018\/01\/quienes_recursos.jpg\" alt=\"\" loading=\"lazy\" srcset=\"http:\/\/vitamundi.org\/wp-content\/uploads\/2018\/01\/quienes_recursos.jpg 370w, http:\/\/vitamundi.org\/wp-content\/uploads\/2018\/01\/quienes_recursos-300x182.jpg 300w\" sizes=\"(max-width: 370px) 100vw, 370px\" \/>\t\t\t\t<\/a><\/p>\n<h3>Com distribu\u00efm els recursos<\/h3>\n<p>Distribu\u00efm els recursos en projectes sanitaris i socials, en alimentaci\u00f3 i apadrinaments.<\/p>\n<p><strong>ESTIMA, IMPULS I OPORTUNITAT<\/strong><\/p>\n<p>Col\u00b7labora amb nosaltres en els nostres projectes<\/p>\n<p>\t\t\t<a href=\"http:\/\/vitamundi.org\/que-pots-fer\/?lang=ca\"><br \/>\n\t\t\t\t\t\tFES-TE COL\u00b7LABORADOR<br \/>\n\t\t\t\t\t<\/a><br \/>\n\t\t<img width=\"184\" height=\"39\" src=\"http:\/\/vitamundi.org\/wp-content\/uploads\/2018\/02\/logo-vitamundi-blanc.png\" alt=\"\" loading=\"lazy\" \/>\t\t<\/p>\n<p>DADES DE CONTACTE<\/p>\n<p>ESTATUTS<\/p>\n<p>\u00c9s una ONG per al Desenvolupament constitu\u00efda a l&#8217;octubre del 2006, que pret\u00e9n coordinar accions puntuals i projectes sostenibles a llarg termini en diferents pa\u00efsos amb baix nivell de desenvolupament hum\u00e0, econ\u00f2mic i social.<\/p>\n<p><strong>Vita Mundi<\/strong><br \/>C.Balmes, 310, pral. 1\u00aa<br \/>08006 Barcelona<br \/>Tel\u00e8fon: 606 36 53 05\/93 200 07 96<\/p>\n<p><strong>Informaci\u00f3 General<\/strong>:<br \/>\n<a href=\"mailto:info@vitamundi.org\">info@vitamundi.org<\/a><br \/>\n<strong>Comunicaci\u00f3 i Marketing<\/strong>:<br \/>\n<a href=\"mailto:comunicacion@vitamundi.org\">comunicacion@vitamundi.org<\/a><\/p>\n<p style=\"text-align: left;\">\n<p>100% aportacions destinades als projectes.<\/p>\n<p>Despeses assumides pels fundadors.<\/p>\n<p>Tots els viatges s\u00f3n assumits pels expedicionaris.<\/p>\n<p>No salaris.<\/p>\n<p><strong>SEGUEIX LES NOSTRES ACCIONS A LES XARXES<\/strong><\/p>\n<p><strong>FES UNA DONACI\u00d3<\/strong><\/p>\n<p><strong>REP LA NOSTRA NEWSLETTER<\/strong><\/p>\n<p>\t\t\t\t\t\t\t<a href=\"https:\/\/www.facebook.com\/vitamundi\" target=\"_blank\" rel=\"noopener\"><br \/>\n\t\t\t\t\tFacebook<br \/>\n\t\t\t\t<\/a><br \/>\n\t\t\t\t\t\t\t<a href=\"https:\/\/twitter.com\/Vita_Mundi\" target=\"_blank\" rel=\"noopener\"><br \/>\n\t\t\t\t\tTwitter<br \/>\n\t\t\t\t<\/a><br \/>\n\t\t\t<a href=\"http:\/\/vitamundi.org\/que-pots-fer\/donacio-puntual\/?lang=ca\"><br \/>\n\t\t\t\t\t\tCol\u00b7labora<br \/>\n\t\t\t\t\t<\/a><br \/>\n\t\t\t<a href=\"mailto:info@vitamundi.org\"><br \/>\n\t\t\t\t\t\tSubscriu-te<br \/>\n\t\t\t\t\t<\/a><\/p>\n","protected":false},"excerpt":{"rendered":"<p>Com ens financiem Com ens financiem Tipologia d&#8217;ingressos 2024 Quotes col\u00b7laboraci\u00f3 amb asignaci\u00f3 58% Quotes afiliats 2% Quotes col\u00b7laboraci\u00f3 sense asignaci\u00f3 38% Donacions i llegats 2% El nostre orgranigrama Vita Mundi \u00e9s una associaci\u00f3 formada, en la seva major part, per voluntaris del m\u00f3n de la sanitat, sense cap mena de lucre personal. Com ens &#8230; <\/p>\n<p class=\"read-more-container\"><a title=\"Com ens financem\" class=\"read-more button\" href=\"http:\/\/vitamundi.org\/ca\/qui-som\/com-ens-financiem\/#more-2736\">Leer m\u00e1s<span class=\"screen-reader-text\">Com ens financem<\/span><\/a><\/p>\n","protected":false},"author":1,"featured_media":0,"parent":2667,"menu_order":0,"comment_status":"closed","ping_status":"closed","template":"","meta":{"generate_page_header":""},"_links":{"self":[{"href":"http:\/\/vitamundi.org\/ca\/wp-json\/wp\/v2\/pages\/2736"}],"collection":[{"href":"http:\/\/vitamundi.org\/ca\/wp-json\/wp\/v2\/pages"}],"about":[{"href":"http:\/\/vitamundi.org\/ca\/wp-json\/wp\/v2\/types\/page"}],"author":[{"embeddable":true,"href":"http:\/\/vitamundi.org\/ca\/wp-json\/wp\/v2\/users\/1"}],"replies":[{"embeddable":true,"href":"http:\/\/vitamundi.org\/ca\/wp-json\/wp\/v2\/comments?post=2736"}],"version-history":[{"count":49,"href":"http:\/\/vitamundi.org\/ca\/wp-json\/wp\/v2\/pages\/2736\/revisions"}],"predecessor-version":[{"id":7828,"href":"http:\/\/vitamundi.org\/ca\/wp-json\/wp\/v2\/pages\/2736\/revisions\/7828"}],"up":[{"embeddable":true,"href":"http:\/\/vitamundi.org\/ca\/wp-json\/wp\/v2\/pages\/2667"}],"wp:attachment":[{"href":"http:\/\/vitamundi.org\/ca\/wp-json\/wp\/v2\/media?parent=2736"}],"curies":[{"name":"wp","href":"https:\/\/api.w.org\/{rel}","templated":true}]}}