{"id":2797,"date":"2018-04-19T11:07:21","date_gmt":"2018-04-19T10:07:21","guid":{"rendered":"http:\/\/vitamundi.org\/que-fem\/"},"modified":"2025-02-16T00:38:45","modified_gmt":"2025-02-15T23:38:45","slug":"que-fem","status":"publish","type":"page","link":"http:\/\/vitamundi.org\/ca\/que-fem\/","title":{"rendered":"Qu\u00e8 fem?"},"content":{"rendered":"<h1>Qu\u00e8 fem?<\/h1>\n<h3>\n                <\/h3>\n<p><p>Coordinem <strong>accions puntuals i projectes sostenibles<\/strong> a llarg termini en pa\u00efsos amb baix nivell de desenvolupament hum\u00e0, econ\u00f2mic i social.<\/p>\n<\/p>\n<h3>\n                <\/h3>\n<p><p>Duem a terme accions i projectes <strong>sense discriminacions<\/strong> de g\u00e8nere, \u00e8tnia o creences religioses.<\/p>\n<\/p>\n<h3>\n                <\/h3>\n<p><p>Cooperem de forma directa i <strong>sense mediacions<\/strong> amb les comunitats als territoris desfavorits com a via d&#8217;acci\u00f3.<\/p>\n<\/p>\n<h3>\n                <\/h3>\n<p><p>Realitzem actes de <strong>difusi\u00f3<\/strong>, promoci\u00f3 del <strong>voluntariat i sensibilitzaci\u00f3<\/strong> social.<\/p>\n<\/p>\n<figure class='gallery-item'>\n\t\t\t\t<a data-elementor-open-lightbox=\"default\" data-elementor-lightbox-slideshow=\"6ecdc38\" href='http:\/\/vitamundi.org\/wp-content\/uploads\/2018\/01\/slider_ghana2.jpg'><img width=\"150\" height=\"150\" src=\"\" alt=\"\" loading=\"lazy\" \/><\/a><br \/>\n\t\t\t<\/figure>\n<figure class='gallery-item'>\n\t\t\t\t<a data-elementor-open-lightbox=\"default\" data-elementor-lightbox-slideshow=\"6ecdc38\" href='http:\/\/vitamundi.org\/wp-content\/uploads\/2018\/02\/x002.jpg'><img width=\"150\" height=\"150\" src=\"\" alt=\"\" loading=\"lazy\" \/><\/a><br \/>\n\t\t\t<\/figure>\n<figure class='gallery-item'>\n\t\t\t\t<a data-elementor-open-lightbox=\"default\" data-elementor-lightbox-slideshow=\"6ecdc38\" href='http:\/\/vitamundi.org\/wp-content\/uploads\/2018\/01\/slider_ghana4.jpg'><img width=\"150\" height=\"150\" src=\"\" alt=\"\" loading=\"lazy\" \/><\/a><br \/>\n\t\t\t<\/figure>\n<figure class='gallery-item'>\n\t\t\t\t<a data-elementor-open-lightbox=\"default\" data-elementor-lightbox-slideshow=\"6ecdc38\" href='http:\/\/vitamundi.org\/wp-content\/uploads\/2018\/02\/2-1.jpg'><img width=\"150\" height=\"150\" src=\"\" alt=\"\" loading=\"lazy\" \/><\/a><br \/>\n\t\t\t<\/figure>\n<figure class='gallery-item'>\n\t\t\t\t<a data-elementor-open-lightbox=\"default\" data-elementor-lightbox-slideshow=\"6ecdc38\" href='http:\/\/vitamundi.org\/wp-content\/uploads\/2018\/02\/x008.jpg'><img width=\"150\" height=\"150\" src=\"\" alt=\"\" loading=\"lazy\" \/><\/a><br \/>\n\t\t\t<\/figure>\n<figure class='gallery-item'>\n\t\t\t\t<a data-elementor-open-lightbox=\"default\" data-elementor-lightbox-slideshow=\"6ecdc38\" href='http:\/\/vitamundi.org\/wp-content\/uploads\/2018\/01\/slider_meridiana1.jpg'><img width=\"150\" height=\"150\" src=\"\" alt=\"\" loading=\"lazy\" \/><\/a><br \/>\n\t\t\t<\/figure>\n<h2>Qu\u00e8 fem a&#8230;<\/h2>\n<p>\t\t\t\t\t\t<a href=\"http:\/\/vitamundi.org\/ca\/que-fem\/guatemala\/\" data-elementor-open-lightbox=\"default\"><br \/>\n\t\t<img width=\"300\" height=\"179\" src=\"\" alt=\"\" loading=\"lazy\" srcset=\" 300w, http:\/\/vitamundi.org\/wp-content\/uploads\/2018\/01\/slider_guatemala1.jpg 570w\" sizes=\"(max-width: 300px) 100vw, 300px\" \/>\t\t\t\t<\/a><\/p>\n<h3>Guatemala<\/h3>\n<p>Des de l\u2019any 2000 estem compromesos amb les comunitats ind\u00edgenes de Guatemala en diversos projectes<\/p>\n<p>\t\t\t\t\t\t<a href=\"http:\/\/vitamundi.org\/ca\/que-fem\/india\/\" data-elementor-open-lightbox=\"default\"><br \/>\n\t\t<img width=\"300\" height=\"179\" src=\"\" alt=\"\" loading=\"lazy\" srcset=\" 300w, http:\/\/vitamundi.org\/wp-content\/uploads\/2018\/02\/reparto-alimentos.jpg 570w\" sizes=\"(max-width: 300px) 100vw, 300px\" \/>\t\t\t\t<\/a><\/p>\n<h3>\u00cdndia<\/h3>\n<p>Col\u00b7laborem activament, des de l\u2019any 2004, en projectes d\u2019alimentaci\u00f3, apadrinaments i facilitant-hi l\u2019assist\u00e8ncia m\u00e8dica.<\/p>\n<p>\t\t\t\t\t\t<a href=\"http:\/\/vitamundi.org\/ca\/que-fem\/ghana\/\" data-elementor-open-lightbox=\"default\"><br \/>\n\t\t<img width=\"300\" height=\"179\" src=\"\" alt=\"\" loading=\"lazy\" srcset=\" 300w, http:\/\/vitamundi.org\/wp-content\/uploads\/2018\/01\/slider_ghana1.jpg 570w\" sizes=\"(max-width: 300px) 100vw, 300px\" \/>\t\t\t\t<\/a><\/p>\n<h3>Ghana<\/h3>\n<p>Des de l\u2019any 2005 hi col\u00b7laborem en la zona d\u2019Elmina \u2014al sud del pa\u00eds\u2014 en diversos projectes enfocats a les dones de la zona.<\/p>\n<p>\t\t\t\t\t\t<a href=\"http:\/\/vitamundi.org\/ca\/que-fem\/barcelona\/\" data-elementor-open-lightbox=\"default\"><br \/>\n\t\t<img width=\"300\" height=\"179\" src=\"\" alt=\"\" loading=\"lazy\" srcset=\" 300w, http:\/\/vitamundi.org\/wp-content\/uploads\/2018\/01\/slider_meridiana1.jpg 570w\" sizes=\"(max-width: 300px) 100vw, 300px\" \/>\t\t\t\t<\/a><\/p>\n<h3>Barcelona<\/h3>\n<p>Des de l\u2019any 2013 col\u00b7laborem a Ciutat Meridiana i Roquetes, barris amb grans necessitats aliment\u00e0ries entre la zona infantil.<\/p>\n<p><strong>ESTIMA, IMPULS I OPORTUNITAT<\/strong><\/p>\n<p>Col\u00b7labora amb nosaltres en els nostres projectes<\/p>\n<p>\t\t\t<a href=\"http:\/\/vitamundi.org\/que-pots-fer\/?lang=ca\"><br \/>\n\t\t\t\t\t\tFES-TE COL\u00b7LABORADOR<br \/>\n\t\t\t\t\t<\/a><br \/>\n\t\t<img width=\"184\" height=\"39\" src=\"http:\/\/vitamundi.org\/wp-content\/uploads\/2018\/02\/logo-vitamundi-blanc.png\" alt=\"\" loading=\"lazy\" \/>\t\t<\/p>\n<p><strong>DADES DE CONTACTE<\/strong><\/p>\n<p><strong>ESTATUTS<\/strong><\/p>\n<p>\u00c9s una <strong>ONG per al Desenvolupament constitu\u00efda a l&#8217;octubre del 2006<\/strong>, que pret\u00e9n coordinar accions puntuals i projectes sostenibles a llarg termini en diferents pa\u00efsos amb baix nivell de desenvolupament hum\u00e0, econ\u00f2mic i social.<\/p>\n<p><strong>Vita Mundi<\/strong><br \/>C.Balmes, 310, pral. 1\u00aa<br \/>08006 Barcelona<br \/>Tel\u00e8fon: 606 365 305\/93 200 07 96<\/p>\n<p><strong>Informaci\u00f3 General<\/strong>:<br \/>\n<a href=\"mailto:info@vitamundi.org\">info@vitamundi.org<\/a><br \/>\n<strong>Comunicaci\u00f3 i Marketing<\/strong>:<br \/>\n<a href=\"mailto:comunicacion@vitamundi.org\">comunicacion@vitamundi.org<\/a><\/p>\n<p style=\"text-align: left;\">\n<p>100% aportacions destinades als projectes.<\/p>\n<p>Despeses assumides pels fundadors.<\/p>\n<p>Tots els viatges s\u00f3n assumits pels expedicionaris.<\/p>\n<p>No salaris.<\/p>\n<p><strong>SEGUEIX LES NOSTRES ACCIONS A LES XARXES<\/strong><\/p>\n<p><strong>FES UNA DONACI\u00d3N<\/strong><\/p>\n<p><strong>REP LA NOSTRA NEWSLETTER<\/strong><\/p>\n<p>\t\t\t\t\t\t\t<a href=\"https:\/\/www.facebook.com\/vitamundi\" target=\"_blank\" rel=\"noopener\"><br \/>\n\t\t\t\t\tFacebook<br \/>\n\t\t\t\t<\/a><br \/>\n\t\t\t\t\t\t\t<a href=\"https:\/\/twitter.com\/Vita_Mundi\" target=\"_blank\" rel=\"noopener\"><br \/>\n\t\t\t\t\tTwitter<br \/>\n\t\t\t\t<\/a><br \/>\n\t\t\t<a href=\"http:\/\/vitamundi.org\/wordpress\/que-puedes-hacer\/donacion-puntual\/\"><br \/>\n\t\t\t\t\t\tCol\u00b7labora<br \/>\n\t\t\t\t\t<\/a><br \/>\n\t\t\t<a href=\"mailto:info@vitamundi.org\"><br \/>\n\t\t\t\t\t\tSubscriu-te<br \/>\n\t\t\t\t\t<\/a><\/p>\n","protected":false},"excerpt":{"rendered":"<p>Qu\u00e8 fem? Coordinem accions puntuals i projectes sostenibles a llarg termini en pa\u00efsos amb baix nivell de desenvolupament hum\u00e0, econ\u00f2mic i social. Duem a terme accions i projectes sense discriminacions de g\u00e8nere, \u00e8tnia o creences religioses. Cooperem de forma directa i sense mediacions amb les comunitats als territoris desfavorits com a via d&#8217;acci\u00f3. Realitzem actes &#8230; <\/p>\n<p class=\"read-more-container\"><a title=\"Qu\u00e8 fem?\" class=\"read-more button\" href=\"http:\/\/vitamundi.org\/ca\/que-fem\/#more-2797\">Leer m\u00e1s<span class=\"screen-reader-text\">Qu\u00e8 fem?<\/span><\/a><\/p>\n","protected":false},"author":1,"featured_media":0,"parent":0,"menu_order":0,"comment_status":"closed","ping_status":"closed","template":"","meta":{"generate_page_header":""},"_links":{"self":[{"href":"http:\/\/vitamundi.org\/ca\/wp-json\/wp\/v2\/pages\/2797"}],"collection":[{"href":"http:\/\/vitamundi.org\/ca\/wp-json\/wp\/v2\/pages"}],"about":[{"href":"http:\/\/vitamundi.org\/ca\/wp-json\/wp\/v2\/types\/page"}],"author":[{"embeddable":true,"href":"http:\/\/vitamundi.org\/ca\/wp-json\/wp\/v2\/users\/1"}],"replies":[{"embeddable":true,"href":"http:\/\/vitamundi.org\/ca\/wp-json\/wp\/v2\/comments?post=2797"}],"version-history":[{"count":124,"href":"http:\/\/vitamundi.org\/ca\/wp-json\/wp\/v2\/pages\/2797\/revisions"}],"predecessor-version":[{"id":7867,"href":"http:\/\/vitamundi.org\/ca\/wp-json\/wp\/v2\/pages\/2797\/revisions\/7867"}],"wp:attachment":[{"href":"http:\/\/vitamundi.org\/ca\/wp-json\/wp\/v2\/media?parent=2797"}],"curies":[{"name":"wp","href":"https:\/\/api.w.org\/{rel}","templated":true}]}}