{"id":2839,"date":"2018-04-19T11:22:33","date_gmt":"2018-04-19T10:22:33","guid":{"rendered":"http:\/\/vitamundi.org\/que-pots-fer\/"},"modified":"2025-02-15T23:22:14","modified_gmt":"2025-02-15T22:22:14","slug":"que-pots-fer","status":"publish","type":"page","link":"http:\/\/vitamundi.org\/ca\/que-pots-fer\/","title":{"rendered":"Qu\u00e8 pots fer"},"content":{"rendered":"<h1>Qu\u00e8 pots fer<\/h1>\n<p style=\"text-align: left;\">Cada \u00e9sser hum\u00e0 vivint en condicions prec\u00e0ries hauria de ser una sacsejada en la consci\u00e8ncia de tots nosaltres.<br \/>Per\u00f2 a m\u00e9s, \u00e9s una <strong>oportunitat<\/strong> perduda, ja que no coneixerem mai el veritable potencial d&#8217;aquestes persones que han de concentrar els seus esfor\u00e7os solament a sobreviure.<br \/>L&#8217;<strong>impuls<\/strong> \u00e9s la nostra veritable contribuci\u00f3, la teva contribuci\u00f3. No perseguim objectius ambiciosos, no necessitem aportacions enormes, cada euro explica i cada gest \u00e9s un petit impuls. <strong>Necessitem el teu<\/strong>.<br \/>De totes les manques que afligeixen a la humanitat, la falta d&#8217;<strong>afecte<\/strong> probablement \u00e9s la mes punyent. Si no pots comprometre una aportaci\u00f3\u00a0econ\u00f2mica, aporta&#8217;ns el teu treball voluntari en el terreny i podr\u00e0s comprovar com un somriure sincer\u00a0ser\u00e0\u00a0el teu major recompensa.<\/p>\n<p style=\"text-align: left;\">Pots col\u00b7laborar de moltes formes perqu\u00e8 els nostres projectes arribin a bon terme. Si col\u00b7labores com a <strong>soci<\/strong> la teva aportaci\u00f3 anir\u00e0 al fons general dels projectes, si fas una <strong>donaci\u00f3 puntual<\/strong> o vols <strong>deixar un llegat<\/strong> podr\u00e0s triar on es destina. Tamb\u00e9 pots <strong>apadrinar un nen o nena<\/strong> a Guatemala o \u00cdndia per cobrir les seves necessitats d&#8217;escolaritzaci\u00f3 i alimentaci\u00f3. Si vols participar activament amb nosaltres, emplena el formulari de <strong>voluntariat<\/strong> i ens posarem en contacte amb tu.<\/p>\n<h3 style=\"text-align: center;\"><strong>\u2013 La teva aportaci\u00f3 \u00e9s de gran ajuda per a nosaltres \u2013<\/strong><\/h3>\n<p>\t\t\t\t\t\t<a href=\"http:\/\/vitamundi.org\/ca\/que-pots-fer\/fes-te-soci-col%c2%b7laborador\/?lang=ca\" data-elementor-open-lightbox=\"default\" target=\"_blank\" rel=\"noopener\"><br \/>\n\t\t<img width=\"598\" height=\"323\" src=\"http:\/\/vitamundi.org\/wp-content\/uploads\/2018\/02\/socio-colaborador-1.jpg\" alt=\"\" loading=\"lazy\" srcset=\"http:\/\/vitamundi.org\/wp-content\/uploads\/2018\/02\/socio-colaborador-1.jpg 598w, http:\/\/vitamundi.org\/wp-content\/uploads\/2018\/02\/socio-colaborador-1-300x162.jpg 300w\" sizes=\"(max-width: 598px) 100vw, 598px\" \/>\t\t\t\t<\/a><\/p>\n<h3>Fes-te soci col\u00b7laborador<\/h3>\n<p style=\"text-align: center;\">La teva col\u00b7laboraci\u00f3 pot ser de gran ajuda per a moltes persones. Per un m\u00ednim de 10 euros mensuals pots contribuir a finan\u00e7ar qualsevol dels projectes que\u00a0Vita\u00a0Mundi\u00a0tingui en marxa.<\/p>\n<p>\t\t\t\t\t\t<a href=\"http:\/\/vitamundi.org\/ca\/que-pots-fer\/fes-te-voluntari\/?lang=ca\" data-elementor-open-lightbox=\"default\" target=\"_blank\" rel=\"noopener\"><br \/>\n\t\t<img width=\"570\" height=\"308\" src=\"http:\/\/vitamundi.org\/wp-content\/uploads\/2018\/01\/que_puedes_voluntario_gran.jpg\" alt=\"\" loading=\"lazy\" srcset=\"http:\/\/vitamundi.org\/wp-content\/uploads\/2018\/01\/que_puedes_voluntario_gran.jpg 570w, http:\/\/vitamundi.org\/wp-content\/uploads\/2018\/01\/que_puedes_voluntario_gran-300x162.jpg 300w\" sizes=\"(max-width: 570px) 100vw, 570px\" \/>\t\t\t\t<\/a><\/p>\n<h3>Fes-te voluntari<\/h3>\n<p style=\"text-align: center;\">Aporta el millor de tu mateix per canviar la situaci\u00f3 de desigualtat, promocionar els drets humans, i establir xarxes de solidaritat i ajuda social.<\/p>\n<p>\t\t\t\t\t\t<a href=\"http:\/\/vitamundi.org\/ca\/que-pots-fer\/apadrina-un-nen\/?lang=ca\" data-elementor-open-lightbox=\"default\" target=\"_blank\" rel=\"noopener\"><br \/>\n\t\t<img width=\"370\" height=\"200\" src=\"http:\/\/vitamundi.org\/wp-content\/uploads\/2018\/01\/que_puedes_apadrina.jpg\" alt=\"\" loading=\"lazy\" srcset=\"http:\/\/vitamundi.org\/wp-content\/uploads\/2018\/01\/que_puedes_apadrina.jpg 370w, http:\/\/vitamundi.org\/wp-content\/uploads\/2018\/01\/que_puedes_apadrina-300x162.jpg 300w\" sizes=\"(max-width: 370px) 100vw, 370px\" \/>\t\t\t\t<\/a><\/p>\n<h3>Apadrina un nen\/a<\/h3>\n<p style=\"text-align: center;\">Per nom\u00e9s 18\u20ac\/mes pots contribuir a la manutenci\u00f3, escolaritzaci\u00f3 i atenci\u00f3 sanit\u00e0ria dels nens acollits als nostres Programes d&#8217;apadrinament a Guatemala, \u00cdndia i Ghana.<\/p>\n<p>\t\t\t\t\t\t<a href=\"http:\/\/vitamundi.org\/ca\/que-pots-fer\/donacio-puntual\/?lang=ca\" data-elementor-open-lightbox=\"default\" target=\"_blank\" rel=\"noopener\"><br \/>\n\t\t<img width=\"370\" height=\"200\" src=\"http:\/\/vitamundi.org\/wp-content\/uploads\/2018\/01\/que_puedes_donacion_2.jpg\" alt=\"\" loading=\"lazy\" srcset=\"http:\/\/vitamundi.org\/wp-content\/uploads\/2018\/01\/que_puedes_donacion_2.jpg 370w, http:\/\/vitamundi.org\/wp-content\/uploads\/2018\/01\/que_puedes_donacion_2-300x162.jpg 300w\" sizes=\"(max-width: 370px) 100vw, 370px\" \/>\t\t\t\t<\/a><\/p>\n<h3>Fes una donaci\u00f3 puntual<\/h3>\n<p style=\"text-align: center;\">Si vols fer una donaci\u00f3 de manera puntual, aquest \u00e9s el teu moment. Entra i fes la teva donaci\u00f3; per petita que sigui, ens ser\u00e0 de gran ajuda.<\/p>\n<p>\t\t\t\t\t\t<a href=\"http:\/\/vitamundi.org\/ca\/que-pots-fer\/donar-herencia-o-llegat\/?lang=ca\" data-elementor-open-lightbox=\"default\" target=\"_blank\" rel=\"noopener\"><br \/>\n\t\t<img width=\"370\" height=\"200\" src=\"http:\/\/vitamundi.org\/wp-content\/uploads\/2018\/01\/que_puedes_herencia.jpg\" alt=\"\" loading=\"lazy\" srcset=\"http:\/\/vitamundi.org\/wp-content\/uploads\/2018\/01\/que_puedes_herencia.jpg 370w, http:\/\/vitamundi.org\/wp-content\/uploads\/2018\/01\/que_puedes_herencia-300x162.jpg 300w\" sizes=\"(max-width: 370px) 100vw, 370px\" \/>\t\t\t\t<\/a><\/p>\n<h3>Deixa una her\u00e8ncia o llegat<\/h3>\n<p style=\"text-align: center;\">Deixar la teva her\u00e8ncia o llegat a una organitzaci\u00f3 com\u00a0Vita\u00a0Mundi, \u00e9s la millor manera de donar continu\u00eftat al teu comprom\u00eds solidari.<\/p>\n<h3>ESTIMA, IMPULS I OPORTUNITAT<\/h3>\n<p>Col\u00b7labora amb nosaltres en els nostres projectes<\/p>\n<p>\t\t\t<a href=\"http:\/\/vitamundi.org\/ca\/que-pots-fer\/\" target=\"_blank\" rel=\"noopener\"><br \/>\n\t\t\t\t\t\tFES-TE COL\u00b7LABORADOR<br \/>\n\t\t\t\t\t<\/a><br \/>\n\t\t<img width=\"184\" height=\"39\" src=\"http:\/\/vitamundi.org\/wp-content\/uploads\/2018\/02\/logo-vitamundi-blanc.png\" alt=\"\" loading=\"lazy\" \/>\t\t<\/p>\n<p><strong>DADES DE CONTACTE<\/strong><\/p>\n<p><strong>ESTATUTS<\/strong><\/p>\n<p>\u00c9s una ONG per al Desenvolupament constitu\u00efda a l&#8217;octubre del 2006, que pret\u00e9n coordinar accions puntuals i projectes sostenibles a llarg termini en diferents pa\u00efsos amb baix nivell de desenvolupament hum\u00e0, econ\u00f2mic i social.<\/p>\n<p><strong>Vita Mundi<\/strong><br \/>C.Balmes, 310, pral. 1\u00aa<br \/>08006 Barcelona<br \/>Tel\u00e8fon: 93 200 07 96<br \/>M\u00f2bil: 606 365 305<\/p>\n<p><strong>Informaci\u00f3 General<\/strong>:<br \/>\n<a href=\"mailto:info@vitamundi.org\">info@vitamundi.org<\/a><br \/>\n<strong>Comunicaci\u00f3 i Marketing<\/strong>:<br \/>\n<a href=\"mailto:comunicacion@vitamundi.org\">comunicacion@vitamundi.org<\/a><\/p>\n<p style=\"text-align: left;\">\n<p>100% aportacions destinades als projectes.<\/p>\n<p>Despeses assumides pels fundadors.<\/p>\n<p>Tots els viatges s\u00f3n assumits pels expedicionaris.<\/p>\n<p>No salaris.<\/p>\n<p><strong>SEGUEIX LES NOSTRES ACCIONS A LES XARXES<\/strong><\/p>\n<p><strong>FES UNA DONACI\u00d3<\/strong><\/p>\n<p><strong>REP LA NOSTRA NEWSLETTER<\/strong><\/p>\n<p>\t\t\t\t\t\t\t<a href=\"https:\/\/www.facebook.com\/vitamundi\" target=\"_blank\" rel=\"noopener\"><br \/>\n\t\t\t\t\tFacebook<br \/>\n\t\t\t\t<\/a><br \/>\n\t\t\t\t\t\t\t<a href=\"https:\/\/twitter.com\/Vita_Mundi\" target=\"_blank\" rel=\"noopener\"><br \/>\n\t\t\t\t\tTwitter<br \/>\n\t\t\t\t<\/a><br \/>\n\t\t\t<a href=\"http:\/\/vitamundi.org\/ca\/que-pots-fer\/donacio-puntual\/\"><br \/>\n\t\t\t\t\t\tCol\u00b7labora<br \/>\n\t\t\t\t\t<\/a><br \/>\n\t\t\t<a href=\"mailto:info@vitamundi.org\"><br \/>\n\t\t\t\t\t\tSubscriu-te<br \/>\n\t\t\t\t\t<\/a><\/p>\n","protected":false},"excerpt":{"rendered":"<p>Qu\u00e8 pots fer Cada \u00e9sser hum\u00e0 vivint en condicions prec\u00e0ries hauria de ser una sacsejada en la consci\u00e8ncia de tots nosaltres.Per\u00f2 a m\u00e9s, \u00e9s una oportunitat perduda, ja que no coneixerem mai el veritable potencial d&#8217;aquestes persones que han de concentrar els seus esfor\u00e7os solament a sobreviure.L&#8217;impuls \u00e9s la nostra veritable contribuci\u00f3, la teva contribuci\u00f3. &#8230; <\/p>\n<p class=\"read-more-container\"><a title=\"Qu\u00e8 pots fer\" class=\"read-more button\" href=\"http:\/\/vitamundi.org\/ca\/que-pots-fer\/#more-2839\">Leer m\u00e1s<span class=\"screen-reader-text\">Qu\u00e8 pots fer<\/span><\/a><\/p>\n","protected":false},"author":1,"featured_media":0,"parent":0,"menu_order":0,"comment_status":"closed","ping_status":"closed","template":"","meta":{"generate_page_header":""},"_links":{"self":[{"href":"http:\/\/vitamundi.org\/ca\/wp-json\/wp\/v2\/pages\/2839"}],"collection":[{"href":"http:\/\/vitamundi.org\/ca\/wp-json\/wp\/v2\/pages"}],"about":[{"href":"http:\/\/vitamundi.org\/ca\/wp-json\/wp\/v2\/types\/page"}],"author":[{"embeddable":true,"href":"http:\/\/vitamundi.org\/ca\/wp-json\/wp\/v2\/users\/1"}],"replies":[{"embeddable":true,"href":"http:\/\/vitamundi.org\/ca\/wp-json\/wp\/v2\/comments?post=2839"}],"version-history":[{"count":38,"href":"http:\/\/vitamundi.org\/ca\/wp-json\/wp\/v2\/pages\/2839\/revisions"}],"predecessor-version":[{"id":7848,"href":"http:\/\/vitamundi.org\/ca\/wp-json\/wp\/v2\/pages\/2839\/revisions\/7848"}],"wp:attachment":[{"href":"http:\/\/vitamundi.org\/ca\/wp-json\/wp\/v2\/media?parent=2839"}],"curies":[{"name":"wp","href":"https:\/\/api.w.org\/{rel}","templated":true}]}}