{"id":2891,"date":"2018-04-19T11:51:43","date_gmt":"2018-04-19T10:51:43","guid":{"rendered":"http:\/\/vitamundi.org\/que-pots-fer\/donacio-puntual\/"},"modified":"2025-02-15T23:17:53","modified_gmt":"2025-02-15T22:17:53","slug":"donacio-puntual","status":"publish","type":"page","link":"http:\/\/vitamundi.org\/ca\/que-pots-fer\/donacio-puntual\/","title":{"rendered":"Donaci\u00f3 puntual"},"content":{"rendered":"<h1>Donaci\u00f3 puntual<\/h1>\n<p>Les donacions puntuals s\u00f3n un refor\u00e7 de les quotes ordin\u00e0ries dels nostres socis-col\u00b7laboradors, i ens permeten d\u2019augmentar les recursos destinats als nostres projectes. El teu donatiu, per m\u00ednim que sigui, servir\u00e0 per a <strong>millorar les condicions de vida<\/strong> de les persones m\u00e9s desfavorides.<\/p>\n<p>Si vols ajudar-nos amb una aportaci\u00f3 puntual, pots fer un ingr\u00e9s o transfer\u00e8ncia en el n\u00famero de compte: <strong>ES79<\/strong> <strong>2038 8900 42 6000206510<\/strong>.<\/p>\n<p>En fer la teva aportaci\u00f3 pots indicar en quin projecte vols col\u00b7laborar:<\/p>\n<ul>\n<li><strong>Educant <\/strong>per al Futur: CPF Ratz\u2019um Kich\u00e9 (<strong>Guatemala<\/strong>)<\/li>\n<li><strong>Alimentaci\u00f3<\/strong>\u00a0i Higiene Slums a Mumbai (<strong>India<\/strong>)<\/li>\n<\/ul>\n<ul>\n<li>Sessions de <strong>di\u00e0lisi<\/strong>\u00a0a St.Luke\u00b4s Hospital en Shrirampur (<strong>\u00cdndia<\/strong>)<\/li>\n<li><strong>Beques d&#8217;estudis<\/strong>\u00a0a St.Mary\u2019s Girls Vocational Center a Elmina (<strong>Ghana<\/strong>)<\/li>\n<\/ul>\n<figure class='gallery-item'>\n\t\t\t\t<img width=\"150\" height=\"150\" src=\"\" alt=\"\" loading=\"lazy\" \/><br \/>\n\t\t\t<\/figure>\n<figure class='gallery-item'>\n\t\t\t\t<img width=\"150\" height=\"150\" src=\"\" alt=\"\" loading=\"lazy\" \/><br \/>\n\t\t\t<\/figure>\n<figure class='gallery-item'>\n\t\t\t\t<img width=\"150\" height=\"150\" src=\"\" alt=\"\" loading=\"lazy\" \/><br \/>\n\t\t\t<\/figure>\n<figure class='gallery-item'>\n\t\t\t\t<img width=\"150\" height=\"150\" src=\"\" alt=\"\" loading=\"lazy\" \/><br \/>\n\t\t\t<\/figure>\n<h3 style=\"text-align: center;\"><strong>\u2013 La teva aportaci\u00f3 \u00e9s de gran ajuda per a nosaltres \u2013<\/strong><\/h3>\n<p>*\u00a0<strong>Vita\u00a0Mundi<\/strong>\u00a0est\u00e0 declarada com a entitat d&#8217;UTILITAT P\u00daBLICA, la qual cosa permet que tots els col\u00b7laboradors, donants i amics que ens recolzen amb les seves quotes o donatius, gaudeixin dels oportuns beneficis fiscals previstos en l&#8217;ordenaci\u00f3 vigent. A petici\u00f3 dels interessats,\u00a0Vita\u00a0Mundi\u00a0emet un certificat acreditatiu abans de la finalitzaci\u00f3 de l&#8217;exercici corresponent.\u00a0Per sol\u00b7licitar el certificat de donaci\u00f3 <a href=\"mailto:emilio@perezpombo.org\">Contacta<\/a><\/p>\n<h3>Altres formes de col\u00b7laborar<\/h3>\n<p>\t\t\t\t\t\t<a href=\"http:\/\/vitamundi.org\/que-pots-fer\/apadrina-un-nen\/?lang=ca\" data-elementor-open-lightbox=\"default\" target=\"_blank\" rel=\"noopener\"><br \/>\n\t\t<img width=\"300\" height=\"162\" src=\"\" alt=\"\" loading=\"lazy\" srcset=\" 300w, http:\/\/vitamundi.org\/wp-content\/uploads\/2018\/01\/que_puedes_apadrina.jpg 370w\" sizes=\"(max-width: 300px) 100vw, 300px\" \/>\t\t\t\t<\/a><\/p>\n<h3 style=\"text-align: center;\">Apadrina un nen<\/h3>\n<p>\t\t\t\t\t\t<a href=\"http:\/\/vitamundi.org\/que-pots-fer\/fes-te-voluntari\/?lang=ca\" data-elementor-open-lightbox=\"default\" target=\"_blank\" rel=\"noopener\"><br \/>\n\t\t<img width=\"300\" height=\"162\" src=\"\" alt=\"\" loading=\"lazy\" srcset=\" 300w, http:\/\/vitamundi.org\/wp-content\/uploads\/2018\/01\/que_puedes_voluntario_gran.jpg 570w\" sizes=\"(max-width: 300px) 100vw, 300px\" \/>\t\t\t\t<\/a><\/p>\n<h3 style=\"text-align: center;\">Fes-te voluntari<\/h3>\n<p>\t\t\t\t\t\t<a href=\"http:\/\/vitamundi.org\/que-pots-fer\/fes-te-soci-col%c2%b7laborador\/?lang=ca\" data-elementor-open-lightbox=\"default\" target=\"_blank\" rel=\"noopener\"><br \/>\n\t\t<img width=\"300\" height=\"162\" src=\"\" alt=\"\" loading=\"lazy\" srcset=\" 300w, http:\/\/vitamundi.org\/wp-content\/uploads\/2018\/02\/socio-colaborador-1.jpg 598w\" sizes=\"(max-width: 300px) 100vw, 300px\" \/>\t\t\t\t<\/a><\/p>\n<h3 style=\"text-align: center;\">Fes-te soci-col\u00b7laborador<\/h3>\n<p>\t\t\t\t\t\t<a href=\"http:\/\/vitamundi.org\/que-pots-fer\/donar-herencia-o-llegat\/?lang=ca\" data-elementor-open-lightbox=\"default\" target=\"_blank\" rel=\"noopener\"><br \/>\n\t\t<img width=\"300\" height=\"162\" src=\"\" alt=\"\" loading=\"lazy\" srcset=\" 300w, http:\/\/vitamundi.org\/wp-content\/uploads\/2018\/01\/que_puedes_herencia.jpg 370w\" sizes=\"(max-width: 300px) 100vw, 300px\" \/>\t\t\t\t<\/a><\/p>\n<h3 style=\"text-align: center;\">Deixar una her\u00e8ncia o llegat<\/h3>\n<p><strong>ESTIMA, IMPULS I OPORTUNITAT<\/strong><\/p>\n<p>Col\u00b7labora amb nosaltres en els nostres projectes<\/p>\n<p>\t\t\t<a href=\"http:\/\/vitamundi.org\/que-pots-fer\/?lang=ca\"><br \/>\n\t\t\t\t\t\tFES-TE COL\u00b7LABORADOR<br \/>\n\t\t\t\t\t<\/a><br \/>\n\t\t<img width=\"184\" height=\"39\" src=\"http:\/\/vitamundi.org\/wp-content\/uploads\/2018\/02\/logo-vitamundi-blanc.png\" alt=\"\" loading=\"lazy\" \/>\t\t<\/p>\n<p>DADES DE CONTACTE<\/p>\n<p>ESTATUTS<\/p>\n<p>\u00c9s una <strong>ONG per al Desenvolupament constitu\u00efda a l&#8217;octubre del 2006<\/strong>, que pret\u00e9n coordinar accions puntuals i projectes sostenibles a llarg termini en diferents pa\u00efsos amb baix nivell de desenvolupament hum\u00e0, econ\u00f2mic i social.<\/p>\n<p><strong>Vita Mundi<\/strong><br \/>C.Balmes, 310, pral. 1\u00aa<br \/>08006 Barcelona<br \/>Tel\u00e8fon: 93 200 07 96<br \/>M\u00f2bil: 606 365 305<\/p>\n<p><strong>Informaci\u00f3 General<\/strong>:<br \/>\n<a href=\"mailto:info@vitamundi.org\">info@vitamundi.org<\/a><br \/>\n<strong>Comunicaci\u00f3 i Marketing<\/strong>:<br \/>\n<a href=\"mailto:comunicacion@vitamundi.org\">comunicacion@vitamundi.org<\/a><\/p>\n<p style=\"text-align: left;\">\n<p>100% aportacions destinades als projectes.<br \/>\nDespeses assumides pels fundadors.<br \/>\nTots els viatges s\u00f3n assumits pels expedicionaris.<br \/>\nNo salaris.<\/p>\n<p><strong>SEGUEIX LES NOSTRES ACCIONS A LES XARXES<\/strong><\/p>\n<p><strong>FES UNA DONACI\u00d3<\/strong><\/p>\n<p><strong>REP LA NOSTRA NEWSLETTER<\/strong><\/p>\n<p>\t\t\t\t\t\t\t<a href=\"https:\/\/www.facebook.com\/vitamundi\" target=\"_blank\" rel=\"noopener\"><br \/>\n\t\t\t\t\tFacebook<br \/>\n\t\t\t\t<\/a><br \/>\n\t\t\t\t\t\t\t<a href=\"https:\/\/twitter.com\/Vita_Mundi\" target=\"_blank\" rel=\"noopener\"><br \/>\n\t\t\t\t\tTwitter<br \/>\n\t\t\t\t<\/a><br \/>\n\t\t\t<a href=\"http:\/\/vitamundi.org\/que-pots-fer\/donacio-puntual\/?lang=ca\"><br \/>\n\t\t\t\t\t\tCol\u00b7labora<br \/>\n\t\t\t\t\t<\/a><br \/>\n\t\t\t<a href=\"mailto:info@vitamundi.org\"><br \/>\n\t\t\t\t\t\tSubscriu-te<br \/>\n\t\t\t\t\t<\/a><\/p>\n","protected":false},"excerpt":{"rendered":"<p>Donaci\u00f3 puntual Les donacions puntuals s\u00f3n un refor\u00e7 de les quotes ordin\u00e0ries dels nostres socis-col\u00b7laboradors, i ens permeten d\u2019augmentar les recursos destinats als nostres projectes. El teu donatiu, per m\u00ednim que sigui, servir\u00e0 per a millorar les condicions de vida de les persones m\u00e9s desfavorides. Si vols ajudar-nos amb una aportaci\u00f3 puntual, pots fer un &#8230; <\/p>\n<p class=\"read-more-container\"><a title=\"Donaci\u00f3 puntual\" class=\"read-more button\" href=\"http:\/\/vitamundi.org\/ca\/que-pots-fer\/donacio-puntual\/#more-2891\">Leer m\u00e1s<span class=\"screen-reader-text\">Donaci\u00f3 puntual<\/span><\/a><\/p>\n","protected":false},"author":1,"featured_media":0,"parent":2839,"menu_order":3,"comment_status":"closed","ping_status":"closed","template":"","meta":{"generate_page_header":""},"_links":{"self":[{"href":"http:\/\/vitamundi.org\/ca\/wp-json\/wp\/v2\/pages\/2891"}],"collection":[{"href":"http:\/\/vitamundi.org\/ca\/wp-json\/wp\/v2\/pages"}],"about":[{"href":"http:\/\/vitamundi.org\/ca\/wp-json\/wp\/v2\/types\/page"}],"author":[{"embeddable":true,"href":"http:\/\/vitamundi.org\/ca\/wp-json\/wp\/v2\/users\/1"}],"replies":[{"embeddable":true,"href":"http:\/\/vitamundi.org\/ca\/wp-json\/wp\/v2\/comments?post=2891"}],"version-history":[{"count":39,"href":"http:\/\/vitamundi.org\/ca\/wp-json\/wp\/v2\/pages\/2891\/revisions"}],"predecessor-version":[{"id":7843,"href":"http:\/\/vitamundi.org\/ca\/wp-json\/wp\/v2\/pages\/2891\/revisions\/7843"}],"up":[{"embeddable":true,"href":"http:\/\/vitamundi.org\/ca\/wp-json\/wp\/v2\/pages\/2839"}],"wp:attachment":[{"href":"http:\/\/vitamundi.org\/ca\/wp-json\/wp\/v2\/media?parent=2891"}],"curies":[{"name":"wp","href":"https:\/\/api.w.org\/{rel}","templated":true}]}}