{"id":2918,"date":"2018-04-19T12:01:23","date_gmt":"2018-04-19T11:01:23","guid":{"rendered":"http:\/\/vitamundi.org\/que-pots-fer\/donar-herencia-o-llegat\/"},"modified":"2025-02-15T23:16:54","modified_gmt":"2025-02-15T22:16:54","slug":"donar-herencia-o-llegat","status":"publish","type":"page","link":"http:\/\/vitamundi.org\/ca\/que-pots-fer\/donar-herencia-o-llegat\/","title":{"rendered":"Donar her\u00e8ncia o llegat"},"content":{"rendered":"<h1>Donar her\u00e8ncia o llegat<\/h1>\n<h3>Llegats i testaments solidaris<\/h3>\n<p>Cada vegada s\u00f3n m\u00e9s les persones que decideixen incloure en el seu testament les organitzacions sense \u00e0nim de lucre. Per a aix\u00f2 no fa falta ser soci de l\u2019entitat; solament cal notificar davant notari qu\u00e8 i a qui deixar el llegat, respectant sempre l\u2019her\u00e8ncia leg\u00edtima dels legitimaris.<\/p>\n<p>El llegat pot ser una quantitat fixa de diners o un percentatge sobre el valor total del patrimoni. Tamb\u00e9 \u00e9s possible llegar propietats immobili\u00e0ries, mobles, obres d\u2019art, joies o qualsevol altre b\u00e9 integrant de l\u2019her\u00e8ncia.<\/p>\n<p>La teva solidaritat amb <strong>Vita Mundi<\/strong> ens permet d\u2019augmentar i refor\u00e7ar els recursos destinats a diferents projectes, tots enfocats a millorar la qualitat de vida de les persones m\u00e9s desfavorides.<\/p>\n<p>\u00bfEst\u00e0s interessat a deixar una her\u00e8ncia o un llegat solidari, o necessites informaci\u00f3 o assessorament? <a href=\"mailto:emilio@perezpombo.com\">Contacta con Vita Mundi<\/a><\/p>\n<h3>Altres formes de col\u00b7laborar<\/h3>\n<p>\t\t\t\t\t\t<a href=\"http:\/\/vitamundi.org\/ca\/que-pots-fer\/apadrina-un-nen\/?lang=ca\" data-elementor-open-lightbox=\"default\" target=\"_blank\" rel=\"noopener\"><br \/>\n\t\t<img width=\"300\" height=\"162\" src=\"\" alt=\"\" loading=\"lazy\" srcset=\" 300w, http:\/\/vitamundi.org\/wp-content\/uploads\/2018\/01\/que_puedes_apadrina.jpg 370w\" sizes=\"(max-width: 300px) 100vw, 300px\" \/>\t\t\t\t<\/a><\/p>\n<h3 style=\"text-align: center;\">Apadrina un nen<\/h3>\n<p>\t\t\t\t\t\t<a href=\"http:\/\/vitamundi.org\/ca\/que-pots-fer\/fes-te-voluntari\/?lang=ca\" data-elementor-open-lightbox=\"default\" target=\"_blank\" rel=\"noopener\"><br \/>\n\t\t<img width=\"300\" height=\"162\" src=\"\" alt=\"\" loading=\"lazy\" srcset=\" 300w, http:\/\/vitamundi.org\/wp-content\/uploads\/2018\/01\/que_puedes_voluntario_gran.jpg 570w\" sizes=\"(max-width: 300px) 100vw, 300px\" \/>\t\t\t\t<\/a><\/p>\n<h3 style=\"text-align: center;\">Fes-te voluntari<\/h3>\n<p>\t\t\t\t\t\t<a href=\"http:\/\/vitamundi.org\/ca\/que-pots-fer\/donacio-puntual\/?lang=ca\" data-elementor-open-lightbox=\"default\" target=\"_blank\" rel=\"noopener\"><br \/>\n\t\t<img width=\"300\" height=\"162\" src=\"\" alt=\"\" loading=\"lazy\" srcset=\" 300w, http:\/\/vitamundi.org\/wp-content\/uploads\/2018\/01\/que_puedes_donacion_2.jpg 370w\" sizes=\"(max-width: 300px) 100vw, 300px\" \/>\t\t\t\t<\/a><\/p>\n<h3 style=\"text-align: center;\">Fes una donaci\u00f3 puntual<\/h3>\n<p>\t\t\t\t\t\t<a href=\"http:\/\/vitamundi.org\/ca\/que-pots-fer\/fes-te-soci-col%c2%b7laborador\/?lang=ca\" data-elementor-open-lightbox=\"default\" target=\"_blank\" rel=\"noopener\"><br \/>\n\t\t<img width=\"300\" height=\"162\" src=\"\" alt=\"\" loading=\"lazy\" srcset=\" 300w, http:\/\/vitamundi.org\/wp-content\/uploads\/2018\/02\/socio-colaborador-1.jpg 598w\" sizes=\"(max-width: 300px) 100vw, 300px\" \/>\t\t\t\t<\/a><\/p>\n<h3 style=\"text-align: center;\">Fes-te socio-col\u00b7laborador<\/h3>\n<h3>ESTIMA, IMPULS I OPORTUNITAT<\/h3>\n<p>Col\u00b7labora amb nosaltres en els nostres projectes<\/p>\n<p>\t\t\t<a href=\"http:\/\/vitamundi.org\/ca\/que-pots-fer\/\" target=\"_blank\" rel=\"noopener\"><br \/>\n\t\t\t\t\t\tFES-TE COL\u00b7LABORADOR<br \/>\n\t\t\t\t\t<\/a><br \/>\n\t\t<img width=\"184\" height=\"39\" src=\"http:\/\/vitamundi.org\/wp-content\/uploads\/2018\/02\/logo-vitamundi-blanc.png\" alt=\"\" loading=\"lazy\" \/>\t\t<\/p>\n<p>DADES DE CONTACTE<\/p>\n<p>ESTATUTS<\/p>\n<p>\u00c9s una <strong>ONG per al Desenvolupament constitu\u00efda a l&#8217;octubre del 2006<\/strong>, que pret\u00e9n coordinar accions puntuals i projectes sostenibles a llarg termini en diferents pa\u00efsos amb baix nivell de desenvolupament hum\u00e0, econ\u00f2mic i social.<\/p>\n<p><strong>Vita Mundi<\/strong><br \/>C.Balmes, 310, pral. 1\u00aa<br \/>08006 Barcelona<br \/>Tel\u00e8fon: 93 200 07 96<br \/>M\u00f2bil: 606 365 305<\/p>\n<p><strong>Informaci\u00f3 General<\/strong>:<br \/>\n<a href=\"mailto:info@vitamundi.org\">info@vitamundi.org<\/a><br \/>\n<strong>Comunicaci\u00f3 i Marketing<\/strong>:<br \/>\n<a href=\"mailto:comunicacion@vitamundi.org\">comunicacion@vitamundi.org<\/a><\/p>\n<p style=\"text-align: left;\">\n<p>100% aportacions destinades als projectes.<br \/>\nDespeses assumides pels fundadors.<br \/>\nTots els viatges s\u00f3n assumits pels expedicionaris.<br \/>\nNo salaris.<\/p>\n<p><strong>SEGUEIX LES NOSTRES ACCIONS A LES XARXES<\/strong><\/p>\n<p><strong>FES UNA DONACI\u00d3N<\/strong><\/p>\n<p><strong>REP LA NOSTRA NEWSLETTER<\/strong><\/p>\n<p>\t\t\t\t\t\t\t<a href=\"https:\/\/www.facebook.com\/vitamundi\" target=\"_blank\" rel=\"noopener\"><br \/>\n\t\t\t\t\tFacebook<br \/>\n\t\t\t\t<\/a><br \/>\n\t\t\t\t\t\t\t<a href=\"https:\/\/twitter.com\/Vita_Mundi\" target=\"_blank\" rel=\"noopener\"><br \/>\n\t\t\t\t\tTwitter<br \/>\n\t\t\t\t<\/a><br \/>\n\t\t\t<a href=\"http:\/\/vitamundi.org\/ca\/que-pots-fer\/donacio-puntual\/\"><br \/>\n\t\t\t\t\t\tCol\u00b7labora<br \/>\n\t\t\t\t\t<\/a><br \/>\n\t\t\t<a href=\"mailto:info@vitamundi.org\"><br \/>\n\t\t\t\t\t\tSubscriu-te<br \/>\n\t\t\t\t\t<\/a><\/p>\n","protected":false},"excerpt":{"rendered":"<p>Donar her\u00e8ncia o llegat Llegats i testaments solidaris Cada vegada s\u00f3n m\u00e9s les persones que decideixen incloure en el seu testament les organitzacions sense \u00e0nim de lucre. Per a aix\u00f2 no fa falta ser soci de l\u2019entitat; solament cal notificar davant notari qu\u00e8 i a qui deixar el llegat, respectant sempre l\u2019her\u00e8ncia leg\u00edtima dels legitimaris. &#8230; <\/p>\n<p class=\"read-more-container\"><a title=\"Donar her\u00e8ncia o llegat\" class=\"read-more button\" href=\"http:\/\/vitamundi.org\/ca\/que-pots-fer\/donar-herencia-o-llegat\/#more-2918\">Leer m\u00e1s<span class=\"screen-reader-text\">Donar her\u00e8ncia o llegat<\/span><\/a><\/p>\n","protected":false},"author":1,"featured_media":0,"parent":2839,"menu_order":4,"comment_status":"closed","ping_status":"closed","template":"","meta":{"generate_page_header":""},"_links":{"self":[{"href":"http:\/\/vitamundi.org\/ca\/wp-json\/wp\/v2\/pages\/2918"}],"collection":[{"href":"http:\/\/vitamundi.org\/ca\/wp-json\/wp\/v2\/pages"}],"about":[{"href":"http:\/\/vitamundi.org\/ca\/wp-json\/wp\/v2\/types\/page"}],"author":[{"embeddable":true,"href":"http:\/\/vitamundi.org\/ca\/wp-json\/wp\/v2\/users\/1"}],"replies":[{"embeddable":true,"href":"http:\/\/vitamundi.org\/ca\/wp-json\/wp\/v2\/comments?post=2918"}],"version-history":[{"count":27,"href":"http:\/\/vitamundi.org\/ca\/wp-json\/wp\/v2\/pages\/2918\/revisions"}],"predecessor-version":[{"id":7842,"href":"http:\/\/vitamundi.org\/ca\/wp-json\/wp\/v2\/pages\/2918\/revisions\/7842"}],"up":[{"embeddable":true,"href":"http:\/\/vitamundi.org\/ca\/wp-json\/wp\/v2\/pages\/2839"}],"wp:attachment":[{"href":"http:\/\/vitamundi.org\/ca\/wp-json\/wp\/v2\/media?parent=2918"}],"curies":[{"name":"wp","href":"https:\/\/api.w.org\/{rel}","templated":true}]}}