{"id":2970,"date":"2018-04-19T12:31:44","date_gmt":"2018-04-19T11:31:44","guid":{"rendered":"http:\/\/vitamundi.org\/transparencia\/"},"modified":"2025-02-15T23:04:02","modified_gmt":"2025-02-15T22:04:02","slug":"transparencia","status":"publish","type":"page","link":"http:\/\/vitamundi.org\/ca\/transparencia\/","title":{"rendered":"Transpar\u00e8ncia"},"content":{"rendered":"<h1>Transpar\u00e8ncia<\/h1>\n<h3>Mem\u00f2ries anuals 2018<\/h3>\n<p>\t\t\t\t\t\t<a href=\"http:\/\/vitamundi.org\/wp-content\/uploads\/2019\/03\/MEMORIA-RECOGIDA-2018-pdf_compressed.pdf\" data-elementor-open-lightbox=\"default\"><br \/>\n\t\t<img width=\"212\" height=\"300\" src=\"\" alt=\"\" loading=\"lazy\" \/>\t\t\t\t<\/a><\/p>\n<h3>Mem\u00f2ries anuals 2017<\/h3>\n<p>\t\t\t\t\t\t<a href=\"http:\/\/vitamundi.org\/wp-content\/uploads\/2018\/03\/memoria-recogida-solidaria-alimentos-infantiles-2017.pdf\" data-elementor-open-lightbox=\"default\" target=\"_blank\" rel=\"noopener\"><br \/>\n\t\t<img width=\"300\" height=\"300\" src=\"\" alt=\"\" loading=\"lazy\" srcset=\" 300w, http:\/\/vitamundi.org\/wp-content\/uploads\/2018\/03\/memoria-roquetes-2017-150x150.jpg 150w, http:\/\/vitamundi.org\/wp-content\/uploads\/2018\/03\/memoria-roquetes-2017.jpg 700w\" sizes=\"(max-width: 300px) 100vw, 300px\" \/>\t\t\t\t<\/a><br \/>\n\t\t\t\t\t\t<a href=\"http:\/\/vitamundi.org\/wp-content\/uploads\/2019\/05\/Auditoria-Vitamundi-2017.pdf\" data-elementor-open-lightbox=\"default\"><br \/>\n\t\t<img width=\"721\" height=\"1024\" src=\"\" alt=\"\" loading=\"lazy\" \/>\t\t\t\t<\/a><\/p>\n<figure><a href=\"http:\/\/vitamundi.org\/wp-content\/uploads\/2019\/05\/Memoria-Actividades-2017.pdf\"><img src=\"http:\/\/vitamundi.org\/wp-content\/uploads\/2018\/01\/vitamundi-logo-1.png\" alt=\"vitamundi-logo\" title=\"vitamundi-logo\"><\/a><\/figure>\n<p><p>Mem\u00f2ria d&#8217;Activitats\u00a0 2017<\/p>\n<\/p>\n<h3>Mem\u00f2ries anuals 2016<\/h3>\n<p>\t\t\t\t\t\t<a href=\"http:\/\/vitamundi.org\/wp-content\/uploads\/2018\/02\/memoria_actividades_2016.pdf\" data-elementor-open-lightbox=\"default\" target=\"_blank\" rel=\"noopener\"><br \/>\n\t\t<img width=\"300\" height=\"300\" src=\"\" alt=\"\" loading=\"lazy\" srcset=\" 300w, http:\/\/vitamundi.org\/wp-content\/uploads\/2018\/02\/memoria-actividades-16-1-150x150.jpg 150w, http:\/\/vitamundi.org\/wp-content\/uploads\/2018\/02\/memoria-actividades-16-1.jpg 700w\" sizes=\"(max-width: 300px) 100vw, 300px\" \/>\t\t\t\t<\/a><br \/>\n\t\t\t\t\t\t<a href=\"http:\/\/vitamundi.org\/wp-content\/uploads\/2018\/02\/memoria_econ\u00f3mica_2016.pdf\" data-elementor-open-lightbox=\"default\" target=\"_blank\" rel=\"noopener\"><br \/>\n\t\t<img width=\"300\" height=\"300\" src=\"\" alt=\"\" loading=\"lazy\" srcset=\" 300w, http:\/\/vitamundi.org\/wp-content\/uploads\/2018\/02\/memoria-economica-16-150x150.jpg 150w, http:\/\/vitamundi.org\/wp-content\/uploads\/2018\/02\/memoria-economica-16.jpg 700w\" sizes=\"(max-width: 300px) 100vw, 300px\" \/>\t\t\t\t<\/a><\/p>\n<h3>Mem\u00f2ries anteriors<\/h3>\n<p>\t\t\t\t\t\t<a href=\"http:\/\/vitamundi.org\/wp-content\/uploads\/2018\/02\/memoria_meridiana_2015.pdf\" data-elementor-open-lightbox=\"default\" target=\"_blank\" rel=\"noopener\"><br \/>\n\t\t<img width=\"400\" height=\"400\" src=\"http:\/\/vitamundi.org\/wp-content\/uploads\/2018\/02\/memoria-meridiana-15.jpg\" alt=\"\" loading=\"lazy\" srcset=\"http:\/\/vitamundi.org\/wp-content\/uploads\/2018\/02\/memoria-meridiana-15.jpg 400w, http:\/\/vitamundi.org\/wp-content\/uploads\/2018\/02\/memoria-meridiana-15-150x150.jpg 150w, http:\/\/vitamundi.org\/wp-content\/uploads\/2018\/02\/memoria-meridiana-15-300x300.jpg 300w\" sizes=\"(max-width: 400px) 100vw, 400px\" \/>\t\t\t\t<\/a><\/p>\n<p><strong>ESTIMA, IMPULS I OPORTUNITAT<\/strong><\/p>\n<p>Col\u00b7labora amb nosaltres en els nostres projectes<\/p>\n<p>\t\t\t<a href=\"#\"><br \/>\n\t\t\t\t\t\tFES-TE COL\u00b7LABORADOR<br \/>\n\t\t\t\t\t<\/a><br \/>\n\t\t<img width=\"184\" height=\"39\" src=\"http:\/\/vitamundi.org\/wp-content\/uploads\/2018\/02\/logo-vitamundi-blanc.png\" alt=\"\" loading=\"lazy\" \/>\t\t<\/p>\n<p>DADES DE CONTACTE<\/p>\n<p>ESTATUTS<\/p>\n<p>\u00c9s una <strong>ONG per al Desenvolupament constitu\u00efda a l&#8217;octubre del 2006<\/strong>, que pret\u00e9n coordinar accions puntuals i projectes sostenibles a llarg termini en diferents pa\u00efsos amb baix nivell de desenvolupament hum\u00e0, econ\u00f2mic i social.<\/p>\n<p><strong>Vita Mundi<\/strong><br \/>C.Balmes, 310, pral. 1\u00aa<br \/>08006 Barcelona<br \/>Tel\u00e8fon:\u00a0 606 365 305\/93 200 07 96<\/p>\n<p><strong>Informaci\u00f3 General<\/strong>:<br \/>\n<a href=\"mailto:info@vitamundi.org\">info@vitamundi.org<\/a><br \/>\n<strong>Comunicaci\u00f3 i Marketing<\/strong>:<br \/>\n<a href=\"mailto:comunicacion@vitamundi.org\">comunicacion@vitamundi.org<\/a><\/p>\n<p style=\"text-align: left;\">\n<p>100% aportacions destinades als projectes.<br \/>\nDespeses assumides pels fundadors.<br \/>\nTots els viatges s\u00f3n assumits pels expedicionaris.<br \/>\nNo salaris.<\/p>\n<p><strong>SEGUEIX LES NOSTRES ACCIONS A LES XARXES<\/strong><\/p>\n<p><strong>FES UNA DONACI\u00d3<\/strong><\/p>\n<p><strong>REP LA NOSTRA NEWSLETTER<\/strong><\/p>\n<p>\t\t\t\t\t\t\t<a href=\"https:\/\/www.facebook.com\/vitamundi\" target=\"_blank\" rel=\"noopener\"><br \/>\n\t\t\t\t\tFacebook<br \/>\n\t\t\t\t<\/a><br \/>\n\t\t\t\t\t\t\t<a href=\"https:\/\/twitter.com\/Vita_Mundi\" target=\"_blank\" rel=\"noopener\"><br \/>\n\t\t\t\t\tTwitter<br \/>\n\t\t\t\t<\/a><br \/>\n\t\t\t<a href=\"http:\/\/vitamundi.org\/que-pots-fer\/donacio-puntual\/?lang=ca\"><br \/>\n\t\t\t\t\t\tCol\u00b7labora<br \/>\n\t\t\t\t\t<\/a><br \/>\n\t\t\t<a href=\"mailto:info@vitamundi.org\"><br \/>\n\t\t\t\t\t\tSubscriu-te<br \/>\n\t\t\t\t\t<\/a><\/p>\n","protected":false},"excerpt":{"rendered":"<p>Transpar\u00e8ncia Mem\u00f2ries anuals 2018 Mem\u00f2ries anuals 2017 Mem\u00f2ria d&#8217;Activitats\u00a0 2017 Mem\u00f2ries anuals 2016 Mem\u00f2ries anteriors ESTIMA, IMPULS I OPORTUNITAT Col\u00b7labora amb nosaltres en els nostres projectes FES-TE COL\u00b7LABORADOR DADES DE CONTACTE ESTATUTS \u00c9s una ONG per al Desenvolupament constitu\u00efda a l&#8217;octubre del 2006, que pret\u00e9n coordinar accions puntuals i projectes sostenibles a llarg termini en &#8230; <\/p>\n<p class=\"read-more-container\"><a title=\"Transpar\u00e8ncia\" class=\"read-more button\" href=\"http:\/\/vitamundi.org\/ca\/transparencia\/#more-2970\">Leer m\u00e1s<span class=\"screen-reader-text\">Transpar\u00e8ncia<\/span><\/a><\/p>\n","protected":false},"author":1,"featured_media":0,"parent":0,"menu_order":0,"comment_status":"closed","ping_status":"closed","template":"","meta":{"generate_page_header":""},"_links":{"self":[{"href":"http:\/\/vitamundi.org\/ca\/wp-json\/wp\/v2\/pages\/2970"}],"collection":[{"href":"http:\/\/vitamundi.org\/ca\/wp-json\/wp\/v2\/pages"}],"about":[{"href":"http:\/\/vitamundi.org\/ca\/wp-json\/wp\/v2\/types\/page"}],"author":[{"embeddable":true,"href":"http:\/\/vitamundi.org\/ca\/wp-json\/wp\/v2\/users\/1"}],"replies":[{"embeddable":true,"href":"http:\/\/vitamundi.org\/ca\/wp-json\/wp\/v2\/comments?post=2970"}],"version-history":[{"count":37,"href":"http:\/\/vitamundi.org\/ca\/wp-json\/wp\/v2\/pages\/2970\/revisions"}],"predecessor-version":[{"id":7838,"href":"http:\/\/vitamundi.org\/ca\/wp-json\/wp\/v2\/pages\/2970\/revisions\/7838"}],"wp:attachment":[{"href":"http:\/\/vitamundi.org\/ca\/wp-json\/wp\/v2\/media?parent=2970"}],"curies":[{"name":"wp","href":"https:\/\/api.w.org\/{rel}","templated":true}]}}