{"id":2989,"date":"2018-04-19T12:38:50","date_gmt":"2018-04-19T11:38:50","guid":{"rendered":"http:\/\/vitamundi.org\/noticies\/"},"modified":"2025-02-16T00:41:09","modified_gmt":"2025-02-15T23:41:09","slug":"noticies","status":"publish","type":"page","link":"http:\/\/vitamundi.org\/ca\/noticies\/","title":{"rendered":"Not\u00edcies"},"content":{"rendered":"<h1>Not\u00edcies<\/h1>\n<figure><a href=\"http:\/\/vitamundi.org\/emergencia-coronavirus-en-boloncoguatemala\/\" target=\"_blank\" rel=\"noopener\"><img src=\"http:\/\/vitamundi.org\/wp-content\/uploads\/2020\/04\/IMG-20200330-WA0017.jpg\" alt=\"IMG-20200330-WA0017\" title=\"IMG-20200330-WA0017\"><\/a><\/figure>\n<h3><a href=\"http:\/\/vitamundi.org\/emergencia-coronavirus-en-boloncoguatemala\/\" target=\"_blank\" rel=\"noopener\">Emerg\u00e8ncia Coronavirus a Bolonco(Guatemala)<\/a><\/h3>\n<p><p>VITAMUNDI lidera un repte per finan\u00e7ar la compra de productes i distribuci\u00f3 de lots d&#8217;aliments b\u00e0sics a les fam\u00edlies m\u00e9s vulnerables de Bolonco(Guatemala)<\/p>\n<\/p>\n<figure><a href=\"http:\/\/vitamundi.org\/emergencia-coronavirus-en-mumbai-india\/\" target=\"_blank\" rel=\"noopener\"><img src=\"http:\/\/vitamundi.org\/wp-content\/uploads\/2020\/04\/distrib-abril-18-17.jpg\" alt=\"distrib abril 18 (17)\" title=\"distrib abril 18 (17)\"><\/a><\/figure>\n<h3><a href=\"http:\/\/vitamundi.org\/emergencia-coronavirus-en-mumbai-india\/\" target=\"_blank\" rel=\"noopener\">Emerg\u00e8ncia Coronavirus a Mumbai(India)<\/a><\/h3>\n<p><p>VITAMUNDI lidera un altre repte per a finan\u00e7ar la compra de productes i distribuci\u00f3 de lots d&#8217;aliments de primera necessitat en els slums de Donghri y Ganeshnagar a Mumbai (India)<\/p>\n<\/p>\n<figure><a href=\"http:\/\/vitamundi.org\/una-mirada-guatemala\/\" target=\"_blank\" rel=\"noopener\"><img src=\"http:\/\/vitamundi.org\/wp-content\/uploads\/2018\/01\/slider_guatemala1-1.jpg\" alt=\"slider_guatemala1\" title=\"slider_guatemala1\"><\/a><\/figure>\n<h3><a href=\"http:\/\/vitamundi.org\/una-mirada-guatemala\/\" target=\"_blank\" rel=\"noopener\">Una mirada a Guatemala<\/a><\/h3>\n<p><p>Aquest v\u00eddeo reflecteix la realitat d\u2019un pa\u00eds com Guatemala i el dia a dia del Centre de Promoci\u00f3n Femenina Ratz\u2019um K\u2019iche.<\/p>\n<\/p>\n<figure><a href=\"http:\/\/vitamundi.org\/emergencia-coronavirus-en-roquetesbarcelona\/\" target=\"_blank\" rel=\"noopener\"><img src=\"http:\/\/vitamundi.org\/wp-content\/uploads\/2020\/04\/20200415_093524.jpg\" alt=\"20200415_093524\" title=\"20200415_093524\"><\/a><\/figure>\n<h3><a href=\"http:\/\/vitamundi.org\/emergencia-coronavirus-en-roquetesbarcelona\/\" target=\"_blank\" rel=\"noopener\">Emerg\u00e8ncia Coronavirus a Roquetes(Barcelona)<\/a><\/h3>\n<p><p>Col\u00b7labora amb VITAMUNDI amb l\u2019objectiu de pal\u00b7liar la prec\u00e0ria situaci\u00f3 de 200 fam\u00edlies del barri de Roquetes,degut a la crisi actual per la pand\u00e8mia.<\/p>\n<\/p>\n<figure><a href=\"http:\/\/vitamundi.org\/vita-mundi-colabora-ciudad-meridiana\/\" target=\"_blank\" rel=\"noopener\"><img src=\"http:\/\/vitamundi.org\/wp-content\/uploads\/2018\/01\/slider_meridiana1.jpg\" alt=\"slider_meridiana1\" title=\"slider_meridiana1\"><\/a><\/figure>\n<h3><a href=\"http:\/\/vitamundi.org\/vita-mundi-colabora-ciudad-meridiana\/\" target=\"_blank\" rel=\"noopener\">Vita Mundi a Ciutat Meridiana<\/a><\/h3>\n<p><p>Col.laboraci\u00f3 de Vita Mundi amb el objectiu de pal-liar les situacions de pen\u00faria de les fam\u00edlies m\u00e9s desfavorides.<\/p>\n<\/p>\n<figure><a href=\"http:\/\/vitamundi.org\/carlos-algara-todos-la-2\/\"><img src=\"http:\/\/vitamundi.org\/wp-content\/uploads\/2018\/02\/algara-para-todos-la-2.jpg\" alt=\"algara-para-todos-la-2\" title=\"algara-para-todos-la-2\"><\/a><\/figure>\n<h3><a href=\"http:\/\/vitamundi.org\/carlos-algara-todos-la-2\/\">Vita Mundi a Para Todos La 2<\/a><\/h3>\n<p><p>Entrevista a Carlos Algara, traumat\u00f2leg i president de Vita Mundi, sobre l\u2019epid\u00e8mia de l\u2019\u00c8bola a l\u2019\u00c0frica Occidental.<\/p>\n<\/p>\n<figure><a href=\"http:\/\/vitamundi.org\/vita-mundi-ciudad-meridiana-tv3\/\" target=\"_blank\" rel=\"noopener\"><img src=\"http:\/\/vitamundi.org\/wp-content\/uploads\/2018\/02\/dr-algara-ciudad-meridiana.jpg\" alt=\"dr-algara-ciudad-meridiana\" title=\"dr-algara-ciudad-meridiana\"><\/a><\/figure>\n<h3><a href=\"http:\/\/vitamundi.org\/vita-mundi-ciudad-meridiana-tv3\/\" target=\"_blank\" rel=\"noopener\">Vita Mundi a TV3<\/a><\/h3>\n<p><p>Reportatge i entrevista a Carlos Algara sobre el projecte desenvolupat per Vita Mundi a Ciutat Meridiana.<\/p>\n<\/p>\n<p><strong>ESTIMA, IMPULS I OPORTUNITAT<\/strong><\/p>\n<p>Col\u00b7labora amb nosaltres en els nostres projectes<\/p>\n<p>\t\t\t<a href=\"http:\/\/vitamundi.org\/que-pots-fer\/?lang=ca\"><br \/>\n\t\t\t\t\t\tFES-TE COL\u00b7LABORADOR<br \/>\n\t\t\t\t\t<\/a><br \/>\n\t\t<img width=\"184\" height=\"39\" src=\"http:\/\/vitamundi.org\/wp-content\/uploads\/2018\/02\/logo-vitamundi-blanc.png\" alt=\"\" loading=\"lazy\" \/>\t\t<\/p>\n<p>DADES DE CONTACTE<\/p>\n<p>ESTATUTS<\/p>\n<p>\u00c9s una <strong>ONG per al Desenvolupament constitu\u00efda a l&#8217;octubre del 2006<\/strong>, que pret\u00e9n coordinar accions puntuals i projectes sostenibles a llarg termini en diferents pa\u00efsos amb baix nivell de desenvolupament hum\u00e0, econ\u00f2mic i social.<\/p>\n<p><strong>Vita Mundi<\/strong><br \/>C.Balmes, 310, pral. 1\u00aa<br \/>08006 Barcelona<br \/>Tel\u00e8fon: 606 365 305\/93 200 07 96<\/p>\n<p><strong>Informaci\u00f3 General<\/strong>:<br \/>\n<a href=\"mailto:info@vitamundi.org\">info@vitamundi.org<\/a><br \/>\n<strong>Comunicaci\u00f3 i Marketing<\/strong>:<br \/>\n<a href=\"mailto:comunicacion@vitamundi.org\">comunicacion@vitamundi.org<\/a><\/p>\n<p style=\"text-align: left;\">\n<p>100% aportacions destinades als projectes.<br \/>\nDespeses assumides pels fundadors.<br \/>\nTots els viatges s\u00f3n assumits pels expedicionaris.<br \/>\nNo salaris.<\/p>\n<p><strong>SEGUEIX LES NOSTRES ACCIONS A LES XARXES<\/strong><\/p>\n<p><strong>FES UNA DONACI\u00d3<\/strong><\/p>\n<p><strong>REP LA NOSTRA NEWSLETTER<\/strong><\/p>\n<p>\t\t\t\t\t\t\t<a href=\"https:\/\/www.facebook.com\/vitamundi\" target=\"_blank\" rel=\"noopener\"><br \/>\n\t\t\t\t\tFacebook<br \/>\n\t\t\t\t<\/a><br \/>\n\t\t\t\t\t\t\t<a href=\"https:\/\/twitter.com\/Vita_Mundi\" target=\"_blank\" rel=\"noopener\"><br \/>\n\t\t\t\t\tTwitter<br \/>\n\t\t\t\t<\/a><br \/>\n\t\t\t<a href=\"http:\/\/vitamundi.org\/wordpress\/que-puedes-hacer\/donacion-puntual\/\"><br \/>\n\t\t\t\t\t\tCol\u00b7labora<br \/>\n\t\t\t\t\t<\/a><br \/>\n\t\t\t<a href=\"mailto:info@vitamundi.org\"><br \/>\n\t\t\t\t\t\tSubscriu-te<br \/>\n\t\t\t\t\t<\/a><\/p>\n","protected":false},"excerpt":{"rendered":"<p>Not\u00edcies Emerg\u00e8ncia Coronavirus a Bolonco(Guatemala) VITAMUNDI lidera un repte per finan\u00e7ar la compra de productes i distribuci\u00f3 de lots d&#8217;aliments b\u00e0sics a les fam\u00edlies m\u00e9s vulnerables de Bolonco(Guatemala) Emerg\u00e8ncia Coronavirus a Mumbai(India) VITAMUNDI lidera un altre repte per a finan\u00e7ar la compra de productes i distribuci\u00f3 de lots d&#8217;aliments de primera necessitat en els slums &#8230; <\/p>\n<p class=\"read-more-container\"><a title=\"Not\u00edcies\" class=\"read-more button\" href=\"http:\/\/vitamundi.org\/ca\/noticies\/#more-2989\">Leer m\u00e1s<span class=\"screen-reader-text\">Not\u00edcies<\/span><\/a><\/p>\n","protected":false},"author":1,"featured_media":0,"parent":0,"menu_order":0,"comment_status":"closed","ping_status":"closed","template":"","meta":{"generate_page_header":""},"_links":{"self":[{"href":"http:\/\/vitamundi.org\/ca\/wp-json\/wp\/v2\/pages\/2989"}],"collection":[{"href":"http:\/\/vitamundi.org\/ca\/wp-json\/wp\/v2\/pages"}],"about":[{"href":"http:\/\/vitamundi.org\/ca\/wp-json\/wp\/v2\/types\/page"}],"author":[{"embeddable":true,"href":"http:\/\/vitamundi.org\/ca\/wp-json\/wp\/v2\/users\/1"}],"replies":[{"embeddable":true,"href":"http:\/\/vitamundi.org\/ca\/wp-json\/wp\/v2\/comments?post=2989"}],"version-history":[{"count":45,"href":"http:\/\/vitamundi.org\/ca\/wp-json\/wp\/v2\/pages\/2989\/revisions"}],"predecessor-version":[{"id":7868,"href":"http:\/\/vitamundi.org\/ca\/wp-json\/wp\/v2\/pages\/2989\/revisions\/7868"}],"wp:attachment":[{"href":"http:\/\/vitamundi.org\/ca\/wp-json\/wp\/v2\/media?parent=2989"}],"curies":[{"name":"wp","href":"https:\/\/api.w.org\/{rel}","templated":true}]}}