{"id":3037,"date":"2018-04-20T11:13:16","date_gmt":"2018-04-20T10:13:16","guid":{"rendered":"http:\/\/vitamundi.org\/que-pots-fer\/fes-te-soci-col%c2%b7laborador\/area-socis\/"},"modified":"2025-02-15T23:18:58","modified_gmt":"2025-02-15T22:18:58","slug":"area-socis","status":"publish","type":"page","link":"http:\/\/vitamundi.org\/ca\/que-pots-fer\/fes-te-soci-col%c2%b7laborador\/area-socis\/","title":{"rendered":"\u00c0rea socis"},"content":{"rendered":"<h1>\u00c0rea socis<\/h1>\n<p>La teva col\u00b7laboraci\u00f3 \u00e9s de gran ajuda per\u00a0<strong>VitaMundi<\/strong>. Les aportacions de manera regular ens permeten afrontar amb garanties l&#8217;execuci\u00f3 dels nostres projectes. Amb la teva contribuci\u00f3 i solidaritat aconseguir\u00e0s ajudar a les persones m\u00e9s desfavorides.<\/p>\n<h3 style=\"text-align: center;\"><strong>\u2013 La teva aportaci\u00f3 \u00e9s de gran ajuda per a nosaltres \u2013<\/strong><\/h3>\n<h3>Els nostres socis<\/h3>\n<p>Fes-te soci-col\u00b7laborador de\u00a0<strong>Vita Mundi<\/strong>. La teva aportaci\u00f3 ens ajudar\u00e0 a:<\/p>\n<ul>\n<li>Prevenir i tractar malalties<\/li>\n<li>Col\u00b7laborar en hospitals<\/li>\n<li>Finan\u00e7ar expedicions m\u00e8diques<\/li>\n<li>Apadrinar centres infantils<\/li>\n<li>Executar projectes alimentaris<\/li>\n<li>Contribuir en el repartiment d\u2019aliments<\/li>\n<li>Impartir programes d\u2019alfabetitzaci\u00f3<\/li>\n<li>Finan\u00e7ar beques d\u2019estudis<\/li>\n<li>Finan\u00e7ar menjadors infantils<\/li>\n<li>Col\u00b7laborar en projectes d\u2019ajuda a fam\u00edlies sense recursos.<\/li>\n<\/ul>\n<p><strong>Contacta amb Vita Mundi<\/strong>:<\/p>\n<p>Per a resoldre els teus dubtes o fer-nos arribar una proposta: <a href=\"mailto:info@vitamundi.org\">Contacta<\/a><br \/>\nPer a notificar-nos qualsevol canvi a les teves dades: <a href=\"mailto:admon@vitamundi.org\">Contacta<\/a><br \/>\nPer a sol\u00b7licitar el certificat de donaci\u00f3: <a href=\"mailto:emilio@perezpombo.org\">Contacta<\/a><\/p>\n<p><strong>Vita Mundi<\/strong>\u00a0est\u00e0 declarada com a entitat d&#8217;UTILITAT P\u00daBLICA, la qual cosa permet a tots els col\u00b7laboradors, donants i amics que ens recolzen amb les seves quotes o donatius, que gaudeixin dels oportuns beneficis fiscals previstos en l&#8217;ordenaci\u00f3 vigent. Per poder fer aix\u00f2, a petici\u00f3 dels interessats emetrem un certificat acreditatiu abans de la finalitzaci\u00f3 de l&#8217;exercici corresponent.<\/p>\n<p>\t\t<img width=\"700\" height=\"496\" src=\"http:\/\/vitamundi.org\/wp-content\/uploads\/2018\/02\/socio-colaborador.jpg\" alt=\"\" loading=\"lazy\" srcset=\"http:\/\/vitamundi.org\/wp-content\/uploads\/2018\/02\/socio-colaborador.jpg 700w, http:\/\/vitamundi.org\/wp-content\/uploads\/2018\/02\/socio-colaborador-300x213.jpg 300w\" sizes=\"(max-width: 700px) 100vw, 700px\" \/>\t\t<\/p>\n<h3>Formulari d&#8217;alta de soci-col\u00b7laborador<\/h3>\n<div role=\"form\" class=\"wpcf7\" id=\"wpcf7-f3063-o1\" lang=\"es-ES\" dir=\"ltr\">\n<div class=\"screen-reader-response\"><\/div>\n<form action=\"\/ca\/wp-json\/wp\/v2\/pages\/3037#wpcf7-f3063-o1\" method=\"post\" class=\"wpcf7-form\" novalidate=\"novalidate\">\n<div style=\"display: none;\">\n<input type=\"hidden\" name=\"_wpcf7\" value=\"3063\" \/>\n<input type=\"hidden\" name=\"_wpcf7_version\" value=\"5.0\" \/>\n<input type=\"hidden\" name=\"_wpcf7_locale\" value=\"es_ES\" \/>\n<input type=\"hidden\" name=\"_wpcf7_unit_tag\" value=\"wpcf7-f3063-o1\" \/>\n<input type=\"hidden\" name=\"_wpcf7_container_post\" value=\"0\" \/>\n<\/div>\n<p><strong>DADES PERSONALS <\/strong><br><\/p>\n<p><label> Nom (requerit)<br \/>\n    <span class=\"wpcf7-form-control-wrap your-name\"><input type=\"text\" name=\"your-name\" value=\"\" size=\"40\" class=\"wpcf7-form-control wpcf7-text wpcf7-validates-as-required\" aria-required=\"true\" aria-invalid=\"false\" \/><\/span> <\/label><\/p>\n<p><label> Cognoms<br \/>\n<span class=\"wpcf7-form-control-wrap apellidos\"><input type=\"text\" name=\"apellidos\" value=\"\" size=\"40\" class=\"wpcf7-form-control wpcf7-text\" aria-invalid=\"false\" \/><\/span> <\/label><\/p>\n<p><label> NIF (requerit)<br \/>\n<span class=\"wpcf7-form-control-wrap CIF-NIF\"><input type=\"text\" name=\"CIF-NIF\" value=\"\" size=\"40\" class=\"wpcf7-form-control wpcf7-text wpcf7-validates-as-required\" aria-required=\"true\" aria-invalid=\"false\" \/><\/span><\/label><\/p>\n<p><label> Correu electr\u00f2nic (requerit)<br \/>\n    <span class=\"wpcf7-form-control-wrap your-email\"><input type=\"email\" name=\"your-email\" value=\"\" size=\"40\" class=\"wpcf7-form-control wpcf7-text wpcf7-email wpcf7-validates-as-required wpcf7-validates-as-email\" aria-required=\"true\" aria-invalid=\"false\" \/><\/span> <\/label><\/p>\n<p><label> Tel\u00e8fon (requerit)<br \/>\n<span class=\"wpcf7-form-control-wrap Telfono\"><input type=\"tel\" name=\"Telfono\" value=\"\" size=\"40\" class=\"wpcf7-form-control wpcf7-text wpcf7-tel wpcf7-validates-as-required wpcf7-validates-as-tel\" aria-required=\"true\" aria-invalid=\"false\" \/><\/span><\/label><\/p>\n<p><label> Adre\u00e7a (requerit)<br \/>\n<span class=\"wpcf7-form-control-wrap Direccin\"><input type=\"text\" name=\"Direccin\" value=\"\" size=\"40\" class=\"wpcf7-form-control wpcf7-text wpcf7-validates-as-required\" aria-required=\"true\" aria-invalid=\"false\" \/><\/span><\/label><\/p>\n<p><label> Codi Postal (requerit)<br \/>\n<span class=\"wpcf7-form-control-wrap CdigoPostal\"><input type=\"number\" name=\"CdigoPostal\" value=\"\" class=\"wpcf7-form-control wpcf7-number wpcf7-validates-as-required wpcf7-validates-as-number\" aria-required=\"true\" aria-invalid=\"false\" \/><\/span><\/label><\/p>\n<p><label> Poblaci\u00f3 (requerit)<br \/>\n<span class=\"wpcf7-form-control-wrap Poblacin\"><input type=\"text\" name=\"Poblacin\" value=\"\" size=\"40\" class=\"wpcf7-form-control wpcf7-text wpcf7-validates-as-required\" aria-required=\"true\" aria-invalid=\"false\" \/><\/span><\/label><\/p>\n<p><label> Prov\u00edncia (requerit)<br \/>\n<span class=\"wpcf7-form-control-wrap Provincia\"><input type=\"text\" name=\"Provincia\" value=\"\" size=\"40\" class=\"wpcf7-form-control wpcf7-text wpcf7-validates-as-required\" aria-required=\"true\" aria-invalid=\"false\" \/><\/span><\/label><\/p>\n<p><label> Indicar quota (requerit)<br \/>\n<span class=\"wpcf7-form-control-wrap Seleccionartipodecuota\"><select name=\"Seleccionartipodecuota\" class=\"wpcf7-form-control wpcf7-select wpcf7-validates-as-required\" aria-required=\"true\" aria-invalid=\"false\"><option value=\"10 \u20ac\/mensual\">10 \u20ac\/mensual<\/option><option value=\"20 \u20ac\/mensual\">20 \u20ac\/mensual<\/option><option value=\"30 \u20ac\/mensual\">30 \u20ac\/mensual<\/option><option value=\"40 \u20ac\/mensual\">40 \u20ac\/mensual<\/option><option value=\"50\u20ac\/mensual\">50\u20ac\/mensual<\/option><option value=\"120 \u20ac\/anual\">120 \u20ac\/anual<\/option><option value=\"240 \u20ac\/anual\">240 \u20ac\/anual<\/option><option value=\"360 \u20ac\/anual\">360 \u20ac\/anual<\/option><option value=\"480 \u20ac\/anual\">480 \u20ac\/anual<\/option><option value=\"600 \u20ac\/anual\">600 \u20ac\/anual<\/option><\/select><\/span> <\/label><\/p>\n<p><strong>DADES BANC\u00c0RIES <\/strong><\/p>\n<p><label> Nom del titular<br \/>\n<span class=\"wpcf7-form-control-wrap nombretitular\"><input type=\"text\" name=\"nombretitular\" value=\"\" size=\"40\" class=\"wpcf7-form-control wpcf7-text\" aria-invalid=\"false\" \/><\/span> <\/label><\/p>\n<p><label> N\u00famero de compte (20 d\u00edgits)<br \/>\n<span class=\"wpcf7-form-control-wrap numerocuenta\"><input type=\"number\" name=\"numerocuenta\" value=\"\" class=\"wpcf7-form-control wpcf7-number wpcf7-validates-as-number\" aria-invalid=\"false\" \/><\/span> <\/label><\/p>\n<p><span class=\"wpcf7-form-control-wrap acceptance-160\"><span class=\"wpcf7-form-control wpcf7-acceptance\"><span class=\"wpcf7-list-item\"><label><input type=\"checkbox\" name=\"acceptance-160\" value=\"1\" aria-invalid=\"false\" \/><span class=\"wpcf7-list-item-label\">Prefereixo que contacteu amb mi per facilitar les dades banc\u00e8ries<\/span><\/label><\/span><\/span><\/span><\/p>\n<p><span class=\"wpcf7-form-control-wrap acceptance-235\"><span class=\"wpcf7-form-control wpcf7-acceptance\"><span class=\"wpcf7-list-item\"><input type=\"checkbox\" name=\"acceptance-235\" value=\"1\" aria-invalid=\"false\" \/><\/span><\/span><\/span> Accepto la <a href=\"http:\/\/vitamundi.org\/ca\/proteccio-de-dades\/\" target=\"blank\" rel=\"nofollow\">pol\u00edtica de privacidad<\/a>\n<\/p>\n<p><input type=\"submit\" value=\"Enviar\" class=\"wpcf7-form-control wpcf7-submit\" \/><\/p>\n<div class=\"wpcf7-response-output wpcf7-display-none\"><\/div><\/form><\/div>\n<h3>Altres formes de col\u00b7laborar<\/h3>\n<p>\t\t\t\t\t\t<a href=\"http:\/\/vitamundi.org\/ca\/que-pots-fer\/apadrina-un-nen\/?lang=ca\" data-elementor-open-lightbox=\"default\" target=\"_blank\" rel=\"noopener\"><br \/>\n\t\t<img width=\"300\" height=\"162\" src=\"\" alt=\"\" loading=\"lazy\" srcset=\" 300w, http:\/\/vitamundi.org\/wp-content\/uploads\/2018\/01\/que_puedes_apadrina.jpg 370w\" sizes=\"(max-width: 300px) 100vw, 300px\" \/>\t\t\t\t<\/a><\/p>\n<h3 style=\"text-align: center;\">Apadrina un nen<\/h3>\n<p>\t\t\t\t\t\t<a href=\"http:\/\/vitamundi.org\/ca\/que-pots-fer\/fes-te-voluntari\/?lang=ca\" data-elementor-open-lightbox=\"default\" target=\"_blank\" rel=\"noopener\"><br \/>\n\t\t<img width=\"300\" height=\"162\" src=\"\" alt=\"\" loading=\"lazy\" srcset=\" 300w, http:\/\/vitamundi.org\/wp-content\/uploads\/2018\/01\/que_puedes_voluntario_gran.jpg 570w\" sizes=\"(max-width: 300px) 100vw, 300px\" \/>\t\t\t\t<\/a><\/p>\n<h3 style=\"text-align: center;\">Fes-te voluntari<\/h3>\n<p>\t\t\t\t\t\t<a href=\"http:\/\/vitamundi.org\/ca\/que-pots-fer\/donacio-puntual\/?lang=ca\" data-elementor-open-lightbox=\"default\" target=\"_blank\" rel=\"noopener\"><br \/>\n\t\t<img width=\"300\" height=\"162\" src=\"\" alt=\"\" loading=\"lazy\" srcset=\" 300w, http:\/\/vitamundi.org\/wp-content\/uploads\/2018\/01\/que_puedes_donacion_2.jpg 370w\" sizes=\"(max-width: 300px) 100vw, 300px\" \/>\t\t\t\t<\/a><\/p>\n<h3 style=\"text-align: center;\">Fes una donaci\u00f3 puntual<\/h3>\n<p>\t\t\t\t\t\t<a href=\"http:\/\/vitamundi.org\/ca\/que-pots-fer\/donar-herencia-o-llegat\/?lang=ca\" data-elementor-open-lightbox=\"default\" target=\"_blank\" rel=\"noopener\"><br \/>\n\t\t<img width=\"300\" height=\"162\" src=\"\" alt=\"\" loading=\"lazy\" srcset=\" 300w, http:\/\/vitamundi.org\/wp-content\/uploads\/2018\/01\/que_puedes_herencia.jpg 370w\" sizes=\"(max-width: 300px) 100vw, 300px\" \/>\t\t\t\t<\/a><\/p>\n<h3 style=\"text-align: center;\">Deixar una her\u00e8ncia o llegat<\/h3>\n<h3>ESTIMA, IMPULS I OPORTUNITAT<\/h3>\n<p>Col\u00b7labora amb nosaltres en els nostres projectes<\/p>\n<p>\t\t\t<a href=\"http:\/\/vitamundi.org\/ca\/que-pots-fer\/\" target=\"_blank\" rel=\"noopener\"><br \/>\n\t\t\t\t\t\tFES-TE COL\u00b7LABORADOR<br \/>\n\t\t\t\t\t<\/a><br \/>\n\t\t<img width=\"184\" height=\"39\" src=\"http:\/\/vitamundi.org\/wp-content\/uploads\/2018\/02\/logo-vitamundi-blanc.png\" alt=\"\" loading=\"lazy\" \/>\t\t<\/p>\n<p>DADES DE CONTACTE<\/p>\n<p>ESTATUTS<\/p>\n<p>\u00c9s una <strong>ONG per al Desenvolupament constitu\u00efda a l&#8217;octubre del 2006<\/strong>, que pret\u00e9n coordinar accions puntuals i projectes sostenibles a llarg termini en diferents pa\u00efsos amb baix nivell de desenvolupament hum\u00e0, econ\u00f2mic i social.<\/p>\n<p><strong>Vita Mundi<\/strong><br \/>C.Balmes, 310, pral. 1\u00aa<br \/>08006 Barcelona<br \/>Tel\u00e8fon: 93 200 07 96<br \/>M\u00f2bil: 606 365 305<\/p>\n<p><strong>Informaci\u00f3 General<\/strong>:<br \/>\n<a href=\"mailto:info@vitamundi.org\">info@vitamundi.org<\/a><br \/>\n<strong>Comunicaci\u00f3 i Marketing<\/strong>:<br \/>\n<a href=\"mailto:comunicacion@vitamundi.org\">comunicacion@vitamundi.org<\/a><\/p>\n<p style=\"text-align: left;\">\n<p>100% aportacions destinades als projectes.<br \/>\nDespeses assumides pels fundadors.<br \/>\nTots els viatges s\u00f3n assumits pels expedicionaris.<br \/>\nNo salaris.<\/p>\n<p><strong>SEGUEIX LES NOSTRES ACCIONS A LES XARXES<\/strong><\/p>\n<p><strong>FES UNA DONACI\u00d3<\/strong><\/p>\n<p><strong>REP LA NOSTRA NEWSLETTER<\/strong><\/p>\n<p>\t\t\t\t\t\t\t<a href=\"https:\/\/www.facebook.com\/vitamundi\" target=\"_blank\" rel=\"noopener\"><br \/>\n\t\t\t\t\tFacebook<br \/>\n\t\t\t\t<\/a><br \/>\n\t\t\t\t\t\t\t<a href=\"https:\/\/twitter.com\/Vita_Mundi\" target=\"_blank\" rel=\"noopener\"><br \/>\n\t\t\t\t\tTwitter<br \/>\n\t\t\t\t<\/a><br \/>\n\t\t\t<a href=\"http:\/\/vitamundi.org\/ca\/que-pots-fer\/donacio-puntual\/\"><br \/>\n\t\t\t\t\t\tCol\u00b7labora<br \/>\n\t\t\t\t\t<\/a><br \/>\n\t\t\t<a href=\"mailto:info@vitamundi.org\"><br \/>\n\t\t\t\t\t\tSubscriu-te<br \/>\n\t\t\t\t\t<\/a><\/p>\n","protected":false},"excerpt":{"rendered":"<p>\u00c0rea socis La teva col\u00b7laboraci\u00f3 \u00e9s de gran ajuda per\u00a0VitaMundi. Les aportacions de manera regular ens permeten afrontar amb garanties l&#8217;execuci\u00f3 dels nostres projectes. Amb la teva contribuci\u00f3 i solidaritat aconseguir\u00e0s ajudar a les persones m\u00e9s desfavorides. \u2013 La teva aportaci\u00f3 \u00e9s de gran ajuda per a nosaltres \u2013 Els nostres socis Fes-te soci-col\u00b7laborador de\u00a0Vita &#8230; <\/p>\n<p class=\"read-more-container\"><a title=\"\u00c0rea socis\" class=\"read-more button\" href=\"http:\/\/vitamundi.org\/ca\/que-pots-fer\/fes-te-soci-col%c2%b7laborador\/area-socis\/#more-3037\">Leer m\u00e1s<span class=\"screen-reader-text\">\u00c0rea socis<\/span><\/a><\/p>\n","protected":false},"author":1,"featured_media":0,"parent":2867,"menu_order":0,"comment_status":"closed","ping_status":"closed","template":"","meta":{"generate_page_header":""},"_links":{"self":[{"href":"http:\/\/vitamundi.org\/ca\/wp-json\/wp\/v2\/pages\/3037"}],"collection":[{"href":"http:\/\/vitamundi.org\/ca\/wp-json\/wp\/v2\/pages"}],"about":[{"href":"http:\/\/vitamundi.org\/ca\/wp-json\/wp\/v2\/types\/page"}],"author":[{"embeddable":true,"href":"http:\/\/vitamundi.org\/ca\/wp-json\/wp\/v2\/users\/1"}],"replies":[{"embeddable":true,"href":"http:\/\/vitamundi.org\/ca\/wp-json\/wp\/v2\/comments?post=3037"}],"version-history":[{"count":36,"href":"http:\/\/vitamundi.org\/ca\/wp-json\/wp\/v2\/pages\/3037\/revisions"}],"predecessor-version":[{"id":7844,"href":"http:\/\/vitamundi.org\/ca\/wp-json\/wp\/v2\/pages\/3037\/revisions\/7844"}],"up":[{"embeddable":true,"href":"http:\/\/vitamundi.org\/ca\/wp-json\/wp\/v2\/pages\/2867"}],"wp:attachment":[{"href":"http:\/\/vitamundi.org\/ca\/wp-json\/wp\/v2\/media?parent=3037"}],"curies":[{"name":"wp","href":"https:\/\/api.w.org\/{rel}","templated":true}]}}