{"id":3107,"date":"2018-04-20T12:28:29","date_gmt":"2018-04-20T11:28:29","guid":{"rendered":"http:\/\/vitamundi.org\/que-pots-fer\/fes-te-voluntari\/"},"modified":"2025-02-15T23:09:55","modified_gmt":"2025-02-15T22:09:55","slug":"fes-te-voluntari","status":"publish","type":"page","link":"http:\/\/vitamundi.org\/ca\/que-pots-fer\/fes-te-voluntari\/","title":{"rendered":"Fes-te voluntari"},"content":{"rendered":"<h1>Vull ser voluntari<\/h1>\n<p>Vols col\u00b7laborar amb <strong>Vita Mundi<\/strong>? Tens inquietuds solid\u00e0ries i temps lliure? L\u2019ajut desinteressat dels nostres voluntaris \u00e9s fonamental per a la nostra organitzaci\u00f3. Per aix\u00f2 t\u2019animem a col\u00b7laborar amb nosaltres, ja sigui d\u2019una manera cont\u00ednua o ocasional.<\/p>\n<p>Per a ser voluntari de Vita Mundi cal ser major d\u2019edat. Si vols ser voluntari de Vita Mundi emplena el seg\u00fcent formulari, i ens posarem en contacte amb tu.<\/p>\n<h3 style=\"text-align: center;\"><strong>\u2013 La teva aportaci\u00f3 \u00e9s de gran ajuda per a nosaltres \u2013<\/strong><\/h3>\n<h3>Els nostres voluntaris<\/h3>\n<figure><img src=\"http:\/\/vitamundi.org\/wp-content\/uploads\/2018\/02\/voluntario-guatemala.jpg\" alt=\"voluntario-guatemala\" title=\"voluntario-guatemala\"><\/figure>\n<h3>Manuel, voluntari de Vita Mundi<\/h3>\n<\/p>\n<p>Manuel va col\u00b7laborar com a voluntari en un centre de promoci\u00f3 femenina en Alta\u00a0Verapaz(Guatemala). En finalitzar el seu voluntariat, va voler deixar const\u00e0ncia de les seves viv\u00e8ncies. Una experi\u00e8ncia que Manuel sempre recordar\u00e0 amb un somriure.<\/p>\n<blockquote>\n<p>Des que vaig contactar amb\u00a0Vita\u00a0Mundi\u00a0van ser molt amables i eficients. Em van enfocar r\u00e0pidament cap al que jo volia i em van posar en contacte amb les Germanes de la Caritat de Santa Ana.<\/p>\n<\/blockquote>\n<figure class='gallery-item'>\n\t\t\t\t<a data-elementor-open-lightbox=\"default\" data-elementor-lightbox-slideshow=\"2259757\" href='http:\/\/vitamundi.org\/wp-content\/uploads\/2018\/02\/voluntariado-guatemala-2.jpg'><img width=\"150\" height=\"150\" src=\"\" alt=\"\" loading=\"lazy\" \/><\/a><br \/>\n\t\t\t<\/figure>\n<figure class='gallery-item'>\n\t\t\t\t<a data-elementor-open-lightbox=\"default\" data-elementor-lightbox-slideshow=\"2259757\" href='http:\/\/vitamundi.org\/wp-content\/uploads\/2018\/02\/voluntariado-guatemala.jpg'><img width=\"150\" height=\"150\" src=\"\" alt=\"\" loading=\"lazy\" \/><\/a><br \/>\n\t\t\t<\/figure>\n<blockquote>\n<p>Jo s\u00f3c professor i la meva missi\u00f3 en principi era fer classes. A m\u00e9s de classes vaig intentar fer tot el que vaig poder per millorar el dia a dia de les nenes i les germanes i vaig intentar ajudar-les amb qualsevol cosa i facilitar el seu treball sobretot amb les noves tecnologies.<\/p>\n<\/blockquote>\n<p>Manuel mai oblidar\u00e0 la seva estada a Alta Verapaz<\/p>\n<blockquote>\n<p>Mai podr\u00e9 oblidar el dia que vaig arribar. Em van rebre com es rep a un familiar. He estat completament feli\u00e7. M&#8217;han transm\u00e8s la seva felicitat i el seu afecte, les seves ganes de viure i d&#8217;estimar la vida.<\/p>\n<\/blockquote>\n<p>                <a href=\"http:\/\/vitamundi.org\/wp-content\/uploads\/2018\/02\/testimonio-voluntario-guatemala.pdf\"><br \/>\n                <\/a><\/p>\n<h3>\n                    <a href=\"http:\/\/vitamundi.org\/wp-content\/uploads\/2018\/02\/testimonio-voluntario-guatemala.pdf\" >Llegir l&#8217;article sencer<\/a><br \/>\n                <\/h3>\n<\/p>\n<h3 style=\"text-align: center;\">&#8220;Sigues tu el canvi que vols veure en el m\u00f3n&#8221;<\/h3>\n<h3 style=\"text-align: center;\">&#8211; Mahatma Gandhi &#8211;<\/h3>\n<h3>Formulari sol\u00b7licitud de voluntari<\/h3>\n<div role=\"form\" class=\"wpcf7\" id=\"wpcf7-f889-o1\" lang=\"es-ES\" dir=\"ltr\">\n<div class=\"screen-reader-response\"><\/div>\n<form action=\"\/ca\/wp-json\/wp\/v2\/pages\/3107#wpcf7-f889-o1\" method=\"post\" class=\"wpcf7-form\" novalidate=\"novalidate\">\n<div style=\"display: none;\">\n<input type=\"hidden\" name=\"_wpcf7\" value=\"889\" \/>\n<input type=\"hidden\" name=\"_wpcf7_version\" value=\"5.0\" \/>\n<input type=\"hidden\" name=\"_wpcf7_locale\" value=\"es_ES\" \/>\n<input type=\"hidden\" name=\"_wpcf7_unit_tag\" value=\"wpcf7-f889-o1\" \/>\n<input type=\"hidden\" name=\"_wpcf7_container_post\" value=\"0\" \/>\n<\/div>\n<p><label> Nombre y apellidos(requerido)<br \/>\n    <span class=\"wpcf7-form-control-wrap your-name\"><input type=\"text\" name=\"your-name\" value=\"\" size=\"40\" class=\"wpcf7-form-control wpcf7-text wpcf7-validates-as-required\" aria-required=\"true\" aria-invalid=\"false\" \/><\/span> <\/label><\/p>\n<p><label> NIF (requerido)<br \/>\n    <span class=\"wpcf7-form-control-wrap CIF-NIF\"><input type=\"text\" name=\"CIF-NIF\" value=\"\" size=\"40\" class=\"wpcf7-form-control wpcf7-text wpcf7-validates-as-required\" aria-required=\"true\" aria-invalid=\"false\" \/><\/span><\/label><\/p>\n<p><label> Correo electr\u00f3nico (requerido)<br \/>\n    <span class=\"wpcf7-form-control-wrap your-email\"><input type=\"email\" name=\"your-email\" value=\"\" size=\"40\" class=\"wpcf7-form-control wpcf7-text wpcf7-email wpcf7-validates-as-required wpcf7-validates-as-email\" aria-required=\"true\" aria-invalid=\"false\" \/><\/span> <\/label><\/p>\n<p><label> Tel\u00e9fono (requerido)<br \/>\n    <span class=\"wpcf7-form-control-wrap Telfono\"><input type=\"tel\" name=\"Telfono\" value=\"\" size=\"40\" class=\"wpcf7-form-control wpcf7-text wpcf7-tel wpcf7-validates-as-required wpcf7-validates-as-tel\" aria-required=\"true\" aria-invalid=\"false\" \/><\/span><\/label><\/p>\n<p><label> Poblaci\u00f3n (requerido)<br \/>\n<span class=\"wpcf7-form-control-wrap Poblacin\"><input type=\"text\" name=\"Poblacin\" value=\"\" size=\"40\" class=\"wpcf7-form-control wpcf7-text wpcf7-validates-as-required\" aria-required=\"true\" aria-invalid=\"false\" \/><\/span><\/label><\/p>\n<p><label> Provincia (requerido)<br \/>\n<span class=\"wpcf7-form-control-wrap Provincia\"><input type=\"text\" name=\"Provincia\" value=\"\" size=\"40\" class=\"wpcf7-form-control wpcf7-text wpcf7-validates-as-required\" aria-required=\"true\" aria-invalid=\"false\" \/><\/span><\/label><\/p>\n<p><label> Breve descripci\u00f3n de tus datos acad\u00e9micos \/ laborales (requerido)<br \/>\n<span class=\"wpcf7-form-control-wrap Datosacadmicos\"><textarea name=\"Datosacadmicos\" cols=\"40\" rows=\"10\" class=\"wpcf7-form-control wpcf7-textarea wpcf7-validates-as-required\" aria-required=\"true\" aria-invalid=\"false\"><\/textarea><\/span> <\/label><\/p>\n<p><label> \u00bfHas colaborado anteriormente como voluntario?<br \/>\n<span class=\"wpcf7-form-control-wrap radio-108\"><span class=\"wpcf7-form-control wpcf7-radio\"><span class=\"wpcf7-list-item first\"><input type=\"radio\" name=\"radio-108\" value=\"S\u00ed\" checked=\"checked\" \/><span class=\"wpcf7-list-item-label\">S\u00ed<\/span><\/span><span class=\"wpcf7-list-item last\"><input type=\"radio\" name=\"radio-108\" value=\"No\" \/><span class=\"wpcf7-list-item-label\">No<\/span><\/span><\/span><\/span> <\/label><\/p>\n<p><label> En caso afirmativo, describe brevemente tu experiencia<br \/>\n<span class=\"wpcf7-form-control-wrap experiencia-voluntario\"><textarea name=\"experiencia-voluntario\" cols=\"40\" rows=\"10\" class=\"wpcf7-form-control wpcf7-textarea wpcf7-validates-as-required\" aria-required=\"true\" aria-invalid=\"false\"><\/textarea><\/span> <\/label><\/p>\n<p><label> \u00bfEn qu\u00e9 proyectos podr\u00edas colaborar?<br \/>\n<span class=\"wpcf7-form-control-wrap radio-413\"><span class=\"wpcf7-form-control wpcf7-radio\"><span class=\"wpcf7-list-item first\"><input type=\"radio\" name=\"radio-413\" value=\"Barcelona: Recogida de alimentos\" checked=\"checked\" \/><span class=\"wpcf7-list-item-label\">Barcelona: Recogida de alimentos<\/span><\/span><span class=\"wpcf7-list-item\"><input type=\"radio\" name=\"radio-413\" value=\"Guatemala: Expediciones sanitarias y\/o apoyo docente\" \/><span class=\"wpcf7-list-item-label\">Guatemala: Expediciones sanitarias y\/o apoyo docente<\/span><\/span><span class=\"wpcf7-list-item last\"><input type=\"radio\" name=\"radio-413\" value=\"Otras areas: Organizaci\u00f3n de eventos y\/o captaci\u00f3n de fondos\" \/><span class=\"wpcf7-list-item-label\">Otras areas: Organizaci\u00f3n de eventos y\/o captaci\u00f3n de fondos<\/span><\/span><\/span><\/span> <\/label><br><br><\/p>\n<p><span class=\"wpcf7-form-control-wrap acceptance-235\"><span class=\"wpcf7-form-control wpcf7-acceptance\"><span class=\"wpcf7-list-item\"><input type=\"checkbox\" name=\"acceptance-235\" value=\"1\" aria-invalid=\"false\" \/><\/span><\/span><\/span> Acepto la <a href=\"http:\/\/vitamundi.org\/proteccion-de-datos\/\" target=\"blank\" rel=\"nofollow\">pol\u00edtica de privacidad<\/a>\n<\/p>\n<p><input type=\"submit\" value=\"Enviar\" class=\"wpcf7-form-control wpcf7-submit\" \/><\/p>\n<div class=\"wpcf7-response-output wpcf7-display-none\"><\/div><\/form><\/div>\n<h3>Altres formes de col\u00b7laborar<\/h3>\n<p>\t\t\t\t\t\t<a href=\"http:\/\/vitamundi.org\/ca\/que-pots-fer\/apadrina-un-nen\/?lang=ca\" data-elementor-open-lightbox=\"default\" target=\"_blank\" rel=\"noopener\"><br \/>\n\t\t<img width=\"300\" height=\"162\" src=\"\" alt=\"\" loading=\"lazy\" srcset=\" 300w, http:\/\/vitamundi.org\/wp-content\/uploads\/2018\/01\/que_puedes_apadrina.jpg 370w\" sizes=\"(max-width: 300px) 100vw, 300px\" \/>\t\t\t\t<\/a><\/p>\n<h3 style=\"text-align: center;\">Apadrina un nen<\/h3>\n<p>\t\t\t\t\t\t<a href=\"http:\/\/vitamundi.org\/ca\/que-pots-fer\/fes-te-soci-col%c2%b7laborador\/?lang=ca\" data-elementor-open-lightbox=\"default\" target=\"_blank\" rel=\"noopener\"><br \/>\n\t\t<img width=\"300\" height=\"162\" src=\"\" alt=\"\" loading=\"lazy\" srcset=\" 300w, http:\/\/vitamundi.org\/wp-content\/uploads\/2018\/02\/socio-colaborador-1.jpg 598w\" sizes=\"(max-width: 300px) 100vw, 300px\" \/>\t\t\t\t<\/a><\/p>\n<h3 style=\"text-align: center;\">Feste soci-col\u00b7laborador<\/h3>\n<p>\t\t\t\t\t\t<a href=\"http:\/\/vitamundi.org\/ca\/que-pots-fer\/donacio-puntual\/?lang=ca\" data-elementor-open-lightbox=\"default\" target=\"_blank\" rel=\"noopener\"><br \/>\n\t\t<img width=\"300\" height=\"162\" src=\"\" alt=\"\" loading=\"lazy\" srcset=\" 300w, http:\/\/vitamundi.org\/wp-content\/uploads\/2018\/01\/que_puedes_donacion_2.jpg 370w\" sizes=\"(max-width: 300px) 100vw, 300px\" \/>\t\t\t\t<\/a><\/p>\n<h3 style=\"text-align: center;\">Fes una donaci\u00f3 puntual<\/h3>\n<p>\t\t\t\t\t\t<a href=\"http:\/\/vitamundi.org\/ca\/que-pots-fer\/donar-herencia-o-llegat\/?lang=ca\" data-elementor-open-lightbox=\"default\" target=\"_blank\" rel=\"noopener\"><br \/>\n\t\t<img width=\"300\" height=\"162\" src=\"\" alt=\"\" loading=\"lazy\" srcset=\" 300w, http:\/\/vitamundi.org\/wp-content\/uploads\/2018\/01\/que_puedes_herencia.jpg 370w\" sizes=\"(max-width: 300px) 100vw, 300px\" \/>\t\t\t\t<\/a><\/p>\n<h3 style=\"text-align: center;\">Deixar una her\u00e8ncia o llegat<\/h3>\n<h3>ESTIMA, IMPULS I OPORTUNITAT<\/h3>\n<p>Col\u00b7labora amb nosaltres en els nostres projectes<\/p>\n<p>\t\t\t<a href=\"http:\/\/vitamundi.org\/ca\/que-pots-fer\/\" target=\"_blank\" rel=\"noopener\"><br \/>\n\t\t\t\t\t\tFES-TE COL\u00b7LABORADOR<br \/>\n\t\t\t\t\t<\/a><br \/>\n\t\t<img width=\"184\" height=\"39\" src=\"http:\/\/vitamundi.org\/wp-content\/uploads\/2018\/02\/logo-vitamundi-blanc.png\" alt=\"\" loading=\"lazy\" \/>\t\t<\/p>\n<p>DADES DE CONTACTE<\/p>\n<p>ESTATUTS<\/p>\n<p>\u00c9s una <strong>ONG per al Desenvolupament constitu\u00efda a l&#8217;octubre del 2006<\/strong>, que pret\u00e9n coordinar accions puntuals i projectes sostenibles a llarg termini en diferents pa\u00efsos amb baix nivell de desenvolupament hum\u00e0, econ\u00f2mic i social.<\/p>\n<p><strong>Vita Mundi<\/strong><br \/>C.Balmes, 310, pral. 1\u00aa<br \/>08006 Barcelona<br \/>Tel\u00e8fon: 93 200 07 96<br \/>M\u00f2bil: 606 365 305<\/p>\n<p><strong>Informaci\u00f3 General<\/strong>:<br \/>\n<a href=\"mailto:info@vitamundi.org\">info@vitamundi.org<\/a><br \/>\n<strong>Comunicaci\u00f3 i Marketing<\/strong>:<br \/>\n<a href=\"mailto:comunicacion@vitamundi.org\">comunicacion@vitamundi.org<\/a><\/p>\n<p style=\"text-align: left;\">\n<p>100% aportacions destinades als projectes.<br \/>\nDespeses assumides pels fundadors.<br \/>\nTots els viatges s\u00f3n assumits pels expedicionaris.<br \/>\nNo salaris.<\/p>\n<p><strong>SEGUEIX LES NOSTRES ACCIONS A LES XARXES<\/strong><\/p>\n<p><strong>FES UNA DONACI\u00d3<\/strong><\/p>\n<p><strong>REP LA NOSTRA NEWSLETTER<\/strong><\/p>\n<p>\t\t\t\t\t\t\t<a href=\"https:\/\/www.facebook.com\/vitamundi\" target=\"_blank\" rel=\"noopener\"><br \/>\n\t\t\t\t\tFacebook<br \/>\n\t\t\t\t<\/a><br \/>\n\t\t\t\t\t\t\t<a href=\"https:\/\/twitter.com\/Vita_Mundi\" target=\"_blank\" rel=\"noopener\"><br \/>\n\t\t\t\t\tTwitter<br \/>\n\t\t\t\t<\/a><br \/>\n\t\t\t<a href=\"http:\/\/vitamundi.org\/ca\/que-pots-fer\/donacio-puntual\/\"><br \/>\n\t\t\t\t\t\tCol\u00b7labora<br \/>\n\t\t\t\t\t<\/a><br \/>\n\t\t\t<a href=\"mailto:info@vitamundi.org\"><br \/>\n\t\t\t\t\t\tSubscriu-te<br \/>\n\t\t\t\t\t<\/a><\/p>\n","protected":false},"excerpt":{"rendered":"<p>Vull ser voluntari Vols col\u00b7laborar amb Vita Mundi? Tens inquietuds solid\u00e0ries i temps lliure? L\u2019ajut desinteressat dels nostres voluntaris \u00e9s fonamental per a la nostra organitzaci\u00f3. Per aix\u00f2 t\u2019animem a col\u00b7laborar amb nosaltres, ja sigui d\u2019una manera cont\u00ednua o ocasional. Per a ser voluntari de Vita Mundi cal ser major d\u2019edat. Si vols ser voluntari &#8230; <\/p>\n<p class=\"read-more-container\"><a title=\"Fes-te voluntari\" class=\"read-more button\" href=\"http:\/\/vitamundi.org\/ca\/que-pots-fer\/fes-te-voluntari\/#more-3107\">Leer m\u00e1s<span class=\"screen-reader-text\">Fes-te voluntari<\/span><\/a><\/p>\n","protected":false},"author":1,"featured_media":0,"parent":2839,"menu_order":5,"comment_status":"closed","ping_status":"closed","template":"","meta":{"generate_page_header":""},"_links":{"self":[{"href":"http:\/\/vitamundi.org\/ca\/wp-json\/wp\/v2\/pages\/3107"}],"collection":[{"href":"http:\/\/vitamundi.org\/ca\/wp-json\/wp\/v2\/pages"}],"about":[{"href":"http:\/\/vitamundi.org\/ca\/wp-json\/wp\/v2\/types\/page"}],"author":[{"embeddable":true,"href":"http:\/\/vitamundi.org\/ca\/wp-json\/wp\/v2\/users\/1"}],"replies":[{"embeddable":true,"href":"http:\/\/vitamundi.org\/ca\/wp-json\/wp\/v2\/comments?post=3107"}],"version-history":[{"count":34,"href":"http:\/\/vitamundi.org\/ca\/wp-json\/wp\/v2\/pages\/3107\/revisions"}],"predecessor-version":[{"id":7841,"href":"http:\/\/vitamundi.org\/ca\/wp-json\/wp\/v2\/pages\/3107\/revisions\/7841"}],"up":[{"embeddable":true,"href":"http:\/\/vitamundi.org\/ca\/wp-json\/wp\/v2\/pages\/2839"}],"wp:attachment":[{"href":"http:\/\/vitamundi.org\/ca\/wp-json\/wp\/v2\/media?parent=3107"}],"curies":[{"name":"wp","href":"https:\/\/api.w.org\/{rel}","templated":true}]}}