{"id":4036,"date":"2018-05-24T12:15:01","date_gmt":"2018-05-24T11:15:01","guid":{"rendered":"http:\/\/vitamundi.org\/que-fem\/guatemala\/"},"modified":"2025-02-16T00:52:10","modified_gmt":"2025-02-15T23:52:10","slug":"guatemala","status":"publish","type":"page","link":"http:\/\/vitamundi.org\/ca\/que-fem\/guatemala\/","title":{"rendered":"Guatemala"},"content":{"rendered":"<h1>Guatemala<\/h1>\n<h4>GUATEMALA<\/h4>\n<p>Des-de l&#8217;any 2000 estem compromessos amb les comunitats ind\u00edgenes de Guatemala en diversos projectes, que inclouen col.laboraci\u00f3 sanit\u00e0ria, apadrinamients, projectes d&#8217; alimentaci\u00f3 i refor\u00e7 escolar.<\/p>\n<p>\t\t\t\t\t\t\t\t\t\t\t\tCOL.LABORACI\u00d3 SANIT\u00c0RIA\t\t\t\t\t<\/p>\n<p>Se realizan jornadas m\u00e9dicas peri\u00f3dicas en las aldeas de las zonas de Patz\u00fan (Chimaltenango) y Bolonc\u00f3 (Alta Verapaz) que incluyen visita m\u00e9dica ambulatoria, diagn\u00f3stico y <strong>tratamiento de las enfermedades m\u00e1s prevalentes<\/strong>.<br \/>Tambi\u00e9n se organizan simult\u00e1neamente sesiones divulgativas de higiene bucodental, nutrici\u00f3n equilibrada y <strong>prevenci\u00f3n de enfermedades de transmisi\u00f3n sexual<\/strong>.<br \/>Las expediciones est\u00e1n formadas por m\u00e9dicos, enfermeras, logopedas, fisioterapeutas y otro personal sanitario voluntario, que se costean su viaje a la zona.<br \/>Desde el a\u00f1o 2000 se han hecho m\u00e1s de <strong>30 expediciones sanitarias<\/strong>, y se han desplazado m\u00e1s de <strong>240 voluntarios<\/strong> (m\u00e9dicos, enfermeras,auxiliares, farmac\u00e9uticos, fisioterapeutas, psicopedagogos,logopedas,nutricionistas y otras disciplinas).<\/p>\n<p>Prestaciones sanitarias realizadas en el Hospital Hermano Pedro(Antigua) y en el Hospital Corpus Christi(Patzun):<\/p>\n<ul>\n<li>Cirug\u00eda Ortop\u00e9dica\u00a0<\/li>\n<li>Cirug\u00eda Mano<\/li>\n<li>Artroscopia<\/li>\n<li>Cirug\u00eda pl\u00e1stica: labio leporino y hendidura<\/li>\n<li>Urolog\u00eda<\/li>\n<li>Consulta Pediatr\u00eda<\/li>\n<li>Consulta Medicina General<\/li>\n<\/ul>\n<p>\t\t\t\t\t\t\t\t\t\t\t\tPROGRAMA APADRINAMENTS\t\t\t\t\t<\/p>\n<p><strong><br \/>Apadrinamient de nens<\/strong> amb diferents graus de desnutrici\u00f3, la majoria procedents de families desestructurades degut a problemes d&#8217;alcoholisme dels pares, o extrema pobresa que no permet mantenir-los.<\/p>\n<p><strong>Apadrinamientos en Patzun (Centro Nutricional San Francisco de As\u00eds)<br \/><\/strong>80 ni\u00f1os acogidos de edades comprendidas entre 6 meses y 14 a\u00f1os.<\/p>\n<p><strong>Apadrinamientos en Due\u00f1as (Centro Nido Jesus Ni\u00f1o)<br \/><\/strong>50 ni\u00f1os, de entre 2 y 14 a\u00f1os, acogidos con diferentes grados de disminuci\u00f3n f\u00edsica o ps\u00edquica.<\/p>\n<p>\t\t\t\t\t\t\t\t\t\t\t\tPROJECTE ALIMENTACI\u00d3N\t\t\t\t\t<\/p>\n<p><strong><br \/>EDUCANDO PARA EL FUTURO<\/strong><br \/>Demos una oportunidad a las ni\u00f1as y j\u00f3venes ind\u00edgenas de Bolonc\u00f3 (Guatemala) para decidir su futruro<\/p>\n<p>Bolonc\u00f3, situado en Alta Verapaz, Guatemala, tiene el \u00edndice que mayor analfabetismo de todo Latinoam\u00e9rica. Sus habitantes son en un 98% ind\u00edgenas de la etnia maya-q&#8217;eqch\u00ed. La pobreza es del 76%, y la extrema pobreza alcanza el 27%. <br \/>Con el objetivo de dar una oportunidad de futuro a las mujeres ind\u00edgenas, quienes sufren una mayor vulnerabilidad y quedan relegadas a las tareas del hogar o a los trabajos peor remunerados, se construy\u00f3 el <strong>Centro de Promoci\u00f3n Femenina \u00abRatz&#8217;um K&#8217;iche\u00bb<\/strong>, gracias a la labor del Padre Junoy y la Fundaci\u00f3n Juan Bonal(1997)<br \/>Este Centro est\u00e1 dirigido desde hace 20 a\u00f1os por las Hermanas de la Caridad de Santa Ana, y VITAMUNDI colabora, desde el a\u00f1o 2007, financiando anualmente los costes de alimentaci\u00f3n, dotaci\u00f3n de material escolar y uniformes para las m\u00e1s 160 ni\u00f1as y adolescentes que cursan estudios de Secundaria y Bachillerato. Gracias a la formaci\u00f3n recibida, las j\u00f3venes ind\u00edgenas( en edades comprendidas entre 10 y 16 a\u00f1os) pueden mejorar sus expectativas finalizando los estudios b\u00e1sicos y, si lo desean o pueden costearlo, continuar con estudios superiores.<strong><br \/><\/strong><\/p>\n<p><strong>Las mujeres son el motor del cambio. \u00a1Ay\u00fadanos a mejorar su futuro y el de toda su comunidad!<\/strong><\/p>\n<p><strong>\u00a0 Colabora con VITA MUNDI<\/strong>\u00a0 para que reciban una alimentaci\u00f3n sana y equilibrada durante todo el Curso Escolar<\/p>\n<p>\u00a0\u00a0<br \/>\n\t\t\t\t\t\t\t\t\t\t\t\tPROJECTE REFOR\u00c7 ESCOLAR\t\t\t\t\t<\/p>\n<p>Voluntarios de <strong>Vita Mundi<\/strong>\u00a0de perfil docente (maestros, INEF, psicopedagogia, trabajadores sociales,&#8230;) se desplazan periodicamente cada a\u00f1o para reforzar las clases de materias comunes a las adolescentes del CPF Ratz\u2019um Kich\u00e9 en <strong>Bolonco\u00a0<\/strong>(Alta Verapaz).<\/p>\n<p>Vita Mundi participa en este proyecto desde el a\u00f1o 2009.<\/p>\n<p>Ampliaci\u00f3n: Ver el video \u00ab<a href=\"http:\/\/vitamundi.org\/ca\/una-mirada-a-guatemala\/\" target=\"_blank\" rel=\"noopener\">Una mirada a Guatemala<\/a>\u00ab<\/p>\n<p>\t\t\t<a href=\"http:\/\/vitamundi.org\/que-pots-fer\/donacio-puntual\/?lang=ca\" target=\"_blank\" rel=\"noopener\"><br \/>\n\t\t\t\t\t\t\u00bfVOLS COL.LABORAR AMB AQUEST PROJECTE?<br \/>\n\t\t\t\t\t<\/a><\/p>\n<figure><img src=\"http:\/\/vitamundi.org\/wp-content\/uploads\/2018\/01\/slider_guatemala5.jpg\" alt=\"slider_guatemala5\" \/><\/figure>\n<figure><img src=\"http:\/\/vitamundi.org\/wp-content\/uploads\/2018\/01\/slider_guatemala1-1.jpg\" alt=\"slider_guatemala1\" \/><\/figure>\n<figure><img src=\"http:\/\/vitamundi.org\/wp-content\/uploads\/2018\/01\/slider_guatemala2.jpg\" alt=\"slider_guatemala2\" \/><\/figure>\n<figure><img src=\"http:\/\/vitamundi.org\/wp-content\/uploads\/2018\/01\/slider_guatemala3.jpg\" alt=\"slider_guatemala3\" \/><\/figure>\n<figure><img src=\"http:\/\/vitamundi.org\/wp-content\/uploads\/2018\/01\/slider_guatemala4.jpg\" alt=\"slider_guatemala4\" \/><\/figure>\n<h2>Qu\u00e9 fem  a&#8230;<\/h2>\n<p>\t\t\t\t\t\t<a href=\"http:\/\/vitamundi.org\/ca\/que-fem\/guatemala\/\" data-elementor-open-lightbox=\"default\"><br \/>\n\t\t<img width=\"300\" height=\"179\" src=\"\" alt=\"\" loading=\"lazy\" srcset=\" 300w, http:\/\/vitamundi.org\/wp-content\/uploads\/2018\/01\/slider_guatemala1.jpg 570w\" sizes=\"(max-width: 300px) 100vw, 300px\" \/>\t\t\t\t<\/a><\/p>\n<h3>Guatemala<\/h3>\n<p>Desde el a\u00f1o 2000 estamos comprometidos con las comunidades ind\u00edgenas de Guatemala en diversos proyectos.<\/p>\n<p>\t\t\t\t\t\t<a href=\"http:\/\/vitamundi.org\/ca\/que-fem\/india\/\" data-elementor-open-lightbox=\"default\"><br \/>\n\t\t<img width=\"300\" height=\"179\" src=\"\" alt=\"\" loading=\"lazy\" srcset=\" 300w, http:\/\/vitamundi.org\/wp-content\/uploads\/2018\/02\/reparto-alimentos.jpg 570w\" sizes=\"(max-width: 300px) 100vw, 300px\" \/>\t\t\t\t<\/a><\/p>\n<h3>India<\/h3>\n<p>Colaboramos activamente desde 2004 con proyectos de alimentaci\u00f3n, apadrinamientos y facilitando asistencia m\u00e9dica.<\/p>\n<p>\t\t\t\t\t\t<a href=\"http:\/\/vitamundi.org\/ca\/que-fem\/ghana\/\" data-elementor-open-lightbox=\"default\"><br \/>\n\t\t<img width=\"300\" height=\"179\" src=\"\" alt=\"\" loading=\"lazy\" srcset=\" 300w, http:\/\/vitamundi.org\/wp-content\/uploads\/2018\/01\/slider_ghana1.jpg 570w\" sizes=\"(max-width: 300px) 100vw, 300px\" \/>\t\t\t\t<\/a><\/p>\n<h3>Ghana<\/h3>\n<p>Desde el a\u00f1o 2005 colaboramos en la zona de Elmina &#8211; al sur del pa\u00eds &#8211; con varios proyectos enfocados a las mujeres de la zona.<\/p>\n<p>\t\t\t\t\t\t<a href=\"http:\/\/vitamundi.org\/ca\/que-fem\/barcelona\/\" data-elementor-open-lightbox=\"default\"><br \/>\n\t\t<img width=\"300\" height=\"179\" src=\"\" alt=\"\" loading=\"lazy\" srcset=\" 300w, http:\/\/vitamundi.org\/wp-content\/uploads\/2018\/01\/slider_meridiana1.jpg 570w\" sizes=\"(max-width: 300px) 100vw, 300px\" \/>\t\t\t\t<\/a><\/p>\n<h3>Barcelona<\/h3>\n<p>Des de el 2013 colaboramos en Ciudad Meridiana y Roquetes, barrios con grandes necesidades alimentarias entre la poblaci\u00f3n infantil.<\/p>\n<h3><strong>ESTIMA, IMPULS, OPORTUNITAT<\/strong><\/h3>\n<p>Col.labora amb nosaltres en els projectes<\/p>\n<p>\t\t\t<a href=\"http:\/\/vitamundi.org\/que-pots-fer\/?lang=ca\"><br \/>\n\t\t\t\t\t\tFES-TE COL.LABORADOR<br \/>\n\t\t\t\t\t<\/a><br \/>\n\t\t<img width=\"184\" height=\"39\" src=\"http:\/\/vitamundi.org\/wp-content\/uploads\/2018\/02\/logo-vitamundi-blanc.png\" alt=\"\" loading=\"lazy\" \/>\t\t<\/p>\n<p><strong>DADES DE CONTACTE<\/strong><\/p>\n<p><strong>ESTATUTS<\/strong><\/p>\n<p>Es una <strong>ONG per el Desenvolupament constituida en Octubre del 2006<\/strong>, que preten coordinar accions puntuals i projectes sostenibles a llarg termini en diferents pa\u00efsos amb baix nivell de desenvolupament hum\u00e0, econ\u00f3mic i social.<\/p>\n<p><strong>Vita Mundi<\/strong><br \/>C.Balmes, 310, pral. 1\u00aa<br \/>08006 Barcelona<br \/>Tel\u00e9fon: 606 365 305\/93 200 07 96<\/p>\n<p><strong>Informaci\u00f3 General<\/strong>:<br \/><a href=\"mailto:info@vitamundi.org\">info@vitamundi.org<\/a><br \/><strong>Comunicaci\u00f3 i Marketing<\/strong>:<br \/><a href=\"mailto:comunicacion@vitamundi.org\">comunicacion@vitamundi.org<\/a><\/p>\n<p style=\"text-align: left;\">\u00a0<\/p>\n<p>100% aportacions destinades als projectes.<br \/>Despeses assumides per els fundadors.<br \/>Tots els viatges son assumits per els expedicionaris.<br \/>No salaris.<\/p>\n<p><strong>SIGUEIX LES NOSTRES ACCIONS A LA XARXA<br \/><\/strong><\/p>\n<p>\u00a0<\/p>\n<p><strong>FES UNA DONACI\u00d3<\/strong><\/p>\n<p><strong>REP LA\u00a0 NOSSTRA NEWSLETTER<\/strong><\/p>\n<p>\t\t\t\t\t\t\t<a href=\"https:\/\/www.facebook.com\/vitamundi\" target=\"_blank\" rel=\"noopener\"><br \/>\n\t\t\t\t\tFacebook<br \/>\n\t\t\t\t<\/a><br \/>\n\t\t\t\t\t\t\t<a href=\"https:\/\/twitter.com\/Vita_Mundi\" target=\"_blank\" rel=\"noopener\"><br \/>\n\t\t\t\t\tTwitter<br \/>\n\t\t\t\t<\/a><br \/>\n\t\t\t<a href=\"http:\/\/vitamundi.org\/wordpress\/que-puedes-hacer\/donacion-puntual\/\"><br \/>\n\t\t\t\t\t\tCol.labora<br \/>\n\t\t\t\t\t<\/a><br \/>\n\t\t\t<a href=\"mailto:info@vitamundi.org\"><br \/>\n\t\t\t\t\t\tSuscr\u00edu-te<br \/>\n\t\t\t\t\t<\/a><\/p>\n","protected":false},"excerpt":{"rendered":"<p>Guatemala GUATEMALA Des-de l&#8217;any 2000 estem compromessos amb les comunitats ind\u00edgenes de Guatemala en diversos projectes, que inclouen col.laboraci\u00f3 sanit\u00e0ria, apadrinamients, projectes d&#8217; alimentaci\u00f3 i refor\u00e7 escolar. COL.LABORACI\u00d3 SANIT\u00c0RIA Se realizan jornadas m\u00e9dicas peri\u00f3dicas en las aldeas de las zonas de Patz\u00fan (Chimaltenango) y Bolonc\u00f3 (Alta Verapaz) que incluyen visita m\u00e9dica ambulatoria, diagn\u00f3stico y tratamiento &#8230; <\/p>\n<p class=\"read-more-container\"><a title=\"Guatemala\" class=\"read-more button\" href=\"http:\/\/vitamundi.org\/ca\/que-fem\/guatemala\/#more-4036\">Leer m\u00e1s<span class=\"screen-reader-text\">Guatemala<\/span><\/a><\/p>\n","protected":false},"author":1,"featured_media":0,"parent":2797,"menu_order":1,"comment_status":"closed","ping_status":"closed","template":"","meta":{"generate_page_header":""},"_links":{"self":[{"href":"http:\/\/vitamundi.org\/ca\/wp-json\/wp\/v2\/pages\/4036"}],"collection":[{"href":"http:\/\/vitamundi.org\/ca\/wp-json\/wp\/v2\/pages"}],"about":[{"href":"http:\/\/vitamundi.org\/ca\/wp-json\/wp\/v2\/types\/page"}],"author":[{"embeddable":true,"href":"http:\/\/vitamundi.org\/ca\/wp-json\/wp\/v2\/users\/1"}],"replies":[{"embeddable":true,"href":"http:\/\/vitamundi.org\/ca\/wp-json\/wp\/v2\/comments?post=4036"}],"version-history":[{"count":60,"href":"http:\/\/vitamundi.org\/ca\/wp-json\/wp\/v2\/pages\/4036\/revisions"}],"predecessor-version":[{"id":7877,"href":"http:\/\/vitamundi.org\/ca\/wp-json\/wp\/v2\/pages\/4036\/revisions\/7877"}],"up":[{"embeddable":true,"href":"http:\/\/vitamundi.org\/ca\/wp-json\/wp\/v2\/pages\/2797"}],"wp:attachment":[{"href":"http:\/\/vitamundi.org\/ca\/wp-json\/wp\/v2\/media?parent=4036"}],"curies":[{"name":"wp","href":"https:\/\/api.w.org\/{rel}","templated":true}]}}