{"id":4052,"date":"2018-05-24T12:17:44","date_gmt":"2018-05-24T11:17:44","guid":{"rendered":"http:\/\/vitamundi.org\/que-fem\/india\/"},"modified":"2025-02-16T00:34:32","modified_gmt":"2025-02-15T23:34:32","slug":"india","status":"publish","type":"page","link":"http:\/\/vitamundi.org\/ca\/que-fem\/india\/","title":{"rendered":"India"},"content":{"rendered":"<h1>India<\/h1>\n<h4>INDIA<\/h4>\n<p>Despr\u00e9s de participar en la construcci\u00f3 i equipamient de l&#8217;Hospital de Kanyakumari, al sud de l&#8217;India, i\u00a0 inaugurat a l&#8217;any 2004\u00a0 coincidint amb el tsunami que va afectar aquesta zona, tenim diversos projectes actius en estreta col.laboraci\u00f3 amb ANKUR CHILDREN&#8217;S HOME(centre educatiu, localizat a Mumbai i dirigit per la Gna. Primi Vela)<\/p>\n<p>\t\t\t\t\t\t\t\t\t\t\t\tPROJECTES M\u00c8DICS\t\t\t\t\t<\/p>\n<ul>\n<li>4<strong> expedicions m\u00e9diques<\/strong> Hospital Walawalkar. Desde 2006<\/li>\n<li>Finan\u00e7ament en la <strong>compra<\/strong> de un <strong>generador el\u00e9ctric<\/strong> per el Centro Cancer_Sida (2007)<\/li>\n<li>Finan\u00e7ament en la <strong>compra<\/strong> de aparells per a <strong>Di\u00e0gnostic de Malaria<\/strong>\u00a0 al Laboratori del Hospital Pilar Health Center-Port Blair(2008)<\/li>\n<li>Finan\u00e7ament en la <strong>compra<\/strong> de un <strong>respirador<\/strong> Unitat de Cures Intensives.Hospital Pilar Health Center(2008)<\/li>\n<li><strong>Expedici\u00f3 Odont\u00f3legs<\/strong>. Hospital del Pilar Health Center-Port Blair. Any 200<\/li>\n<\/ul>\n<p>\t\t\t\t\t\t\t\t\t\t\t\tPROGRAMA D&#8217;APADRINAMENTS\t\t\t\t\t<\/p>\n<p>Actualment <strong>53 nens i nenes<\/strong> del barri de barraques de Ganeshnagar es beneficien del suport econ\u00f3mic rebut per a la seva <strong>manutenci\u00f3<\/strong>,<strong> escolaritzaci\u00f3 <\/strong>i<strong> atenci\u00f3 sanit\u00e0ria<\/strong>.<\/p>\n<p>\t\t\t\t\t\t\t\t\t\t\t\tPROJECTE D&#8217;ALIMENTACI\u00d3N I HIGIENE SLUMS\t\t\t\t\t<\/p>\n<p>El Projecte comporta la finalitat de\u00a0 millorar les condicions de vida de la poblaci\u00f3 infantil dels barrios de barraques(slums) de Mira Road-Dongri, al nord de la ciutat de Mumbai, <strong>col.laborant en la esva alimentaci\u00f3, higiene i educaci\u00f3.<\/strong><br \/>Quinzenalment es reparteix un lot d&#8217;aliments i productes de higiene b\u00e0sics entre <strong>300 families<\/strong> amb la condici\u00f3 indispensable de que els nens i nenes vagin a les escoles de la zona i que les mares vinguin a classes d&#8217;alfabetitzaci\u00f3.<br \/>El proc\u00e9s de repartiment est\u00e0 controlat per les <strong>Hermanas de la Congregaci\u00f3n de Santa Ana<\/strong>, en el centre d&#8217;acolliment ANKUR CHILDREN&#8217;S HOME(Mumbai,) amb la presentaci\u00f3 de una cartilla on s&#8217;anota el dia en que reben els aliments i un comprobant del profesor que indica que el nen ha vingut a classe.<\/p>\n<p>El <strong>lot d&#8217;alimentos b\u00e0sics<\/strong> est\u00e1 format per:<\/p>\n<ul>\n<li>4 kg. de arr\u00f3s<\/li>\n<li>4 kg. de llenties (dahl)<\/li>\n<li>10 bananas<\/li>\n<li>10 ous<\/li>\n<li>1\/2 litre diari de llet<\/li>\n<li>2 kg. de sucre<\/li>\n<li>20 litros d&#8217;aigua mineral embotellada<\/li>\n<li>2 pastilles grans de sab\u00f3 per a netejar roba <\/li>\n<li>2 pots de sab\u00f3 per a neteja\u00a0 personal<\/li>\n<\/ul>\n<p>El cost es de<strong> 15,25 \u20ac<\/strong> (euros) \/ mes per familia<\/p>\n<p>\t\t\t\t\t\t\t\t\t\t\t\tPROJECTE DE DI\u00c0LISI\t\t\t\t\t<\/p>\n<p>Molts pacients sense recursos i amb Insuficiencia Renal Cr\u00f2nica a l&#8217;India necesiten sessions de di\u00e0lisi peri\u00f2dicamente per a poder seguir vivint.<\/p>\n<p>L&#8217;any 2016, VITAMUNDI va col.laborar amb <strong>14.000\u20ac<\/strong> per a sufragar parcialment les despesses<strong> de les sessions de di\u00e0lisi<\/strong> de <strong>pacients sense recursos<\/strong> i afectats de Insufici\u00e8ncia Renal Cr\u00f2nica (IRC) en el St.Luke\u2019s Hospital de Shrirampur(India)<\/p>\n<p>En total es va assumir el cost de <strong>1.400 sessions de di\u00e0lisi<\/strong> a pacients amb IRC,que necessiten unes 3 sessions semanalmente i de forma indefinida, ja que l&#8217;alternativa d&#8217;un transplantament renal en el futur es pr\u00e0cticamente impossible per a ells. El cost de cada sessi\u00f3 en aquest Hospital es de 30\u20ac aproximadament.<\/p>\n<p>\t\t\t<a href=\"http:\/\/vitamundi.org\/que-pots-fer\/donacio-puntual\/?lang=ca\"><br \/>\n\t\t\t\t\t\t\u00bfVOLS COL.LABORAR EN AQUEST PROJECTE?<br \/>\n\t\t\t\t\t<\/a><\/p>\n<figure><img src=\"http:\/\/vitamundi.org\/wp-content\/uploads\/2018\/03\/slider_india_7.jpg\" alt=\"slider_india_7\" \/><\/figure>\n<figure><img src=\"http:\/\/vitamundi.org\/wp-content\/uploads\/2018\/02\/reparto-alimentos.jpg\" alt=\"reparto-alimentos\" \/><\/figure>\n<figure><img src=\"http:\/\/vitamundi.org\/wp-content\/uploads\/2018\/03\/slider_india6.jpg\" alt=\"EPSON DSC picture\" \/><\/figure>\n<figure><img src=\"http:\/\/vitamundi.org\/wp-content\/uploads\/2018\/01\/slider_india1-1.jpg\" alt=\"slider_india1\" \/><\/figure>\n<figure><img src=\"http:\/\/vitamundi.org\/wp-content\/uploads\/2018\/01\/slider_india2.jpg\" alt=\"slider_india2\" \/><\/figure>\n<figure><img src=\"http:\/\/vitamundi.org\/wp-content\/uploads\/2018\/01\/slider_india3.jpg\" alt=\"slider_india3\" \/><\/figure>\n<figure><img src=\"http:\/\/vitamundi.org\/wp-content\/uploads\/2018\/01\/slider_india4.jpg\" alt=\"slider_india4\" \/><\/figure>\n<h2>Qu\u00e9  fem a &#8230;<\/h2>\n<p>\t\t\t\t\t\t<a href=\"http:\/\/vitamundi.org\/ca\/que-fem\/guatemala\/\" data-elementor-open-lightbox=\"default\"><br \/>\n\t\t<img width=\"300\" height=\"179\" src=\"\" alt=\"\" loading=\"lazy\" srcset=\" 300w, http:\/\/vitamundi.org\/wp-content\/uploads\/2018\/01\/slider_guatemala1.jpg 570w\" sizes=\"(max-width: 300px) 100vw, 300px\" \/>\t\t\t\t<\/a><\/p>\n<h3>Guatemala<\/h3>\n<p>Des-de l&#8217;any 2000 estem compromesos amb les comunitats ind\u00edgenes de Guatemala en diversos projectes.<\/p>\n<p>\t\t\t\t\t\t<a href=\"http:\/\/vitamundi.org\/ca\/que-fem\/india\/\" data-elementor-open-lightbox=\"default\"><br \/>\n\t\t<img width=\"300\" height=\"179\" src=\"\" alt=\"\" loading=\"lazy\" srcset=\" 300w, http:\/\/vitamundi.org\/wp-content\/uploads\/2018\/02\/reparto-alimentos.jpg 570w\" sizes=\"(max-width: 300px) 100vw, 300px\" \/>\t\t\t\t<\/a><\/p>\n<h3>India<\/h3>\n<p>Colaborem activament des-de 2004 amb projectes d&#8217;alimentaci\u00f3, apadrinamients i facilitant assist\u00e8ncia m\u00e8dica.<\/p>\n<p>\t\t\t\t\t\t<a href=\"http:\/\/vitamundi.org\/ca\/que-fem\/ghana\/\" data-elementor-open-lightbox=\"default\"><br \/>\n\t\t<img width=\"300\" height=\"179\" src=\"\" alt=\"\" loading=\"lazy\" srcset=\" 300w, http:\/\/vitamundi.org\/wp-content\/uploads\/2018\/01\/slider_ghana1.jpg 570w\" sizes=\"(max-width: 300px) 100vw, 300px\" \/>\t\t\t\t<\/a><\/p>\n<h3>Ghana<\/h3>\n<p>Des-de l&#8217;any 2005 colaborem a la zona de Elmina &#8211; al sud del pa\u00eds &#8211; amb diversos projectes enfocats a les dones de la zona.<\/p>\n<p>\t\t\t\t\t\t<a href=\"http:\/\/vitamundi.org\/ca\/que-fem\/barcelona\/\" data-elementor-open-lightbox=\"default\"><br \/>\n\t\t<img width=\"300\" height=\"179\" src=\"\" alt=\"\" loading=\"lazy\" srcset=\" 300w, http:\/\/vitamundi.org\/wp-content\/uploads\/2018\/01\/slider_meridiana1.jpg 570w\" sizes=\"(max-width: 300px) 100vw, 300px\" \/>\t\t\t\t<\/a><\/p>\n<h3>Barcelona<\/h3>\n<p>Des-de el 2013 colaborem a Ciutat Meridiana i Roquetes, barris amb grans necessitats alimentaries entre la poblaci\u00f3 infantil.<\/p>\n<h3><strong>ESTIMA, IMPULS, OPORTUNITAT<\/strong><\/h3>\n<p>Colabora con nosotros en nuestros proyectos<\/p>\n<p>\t\t\t<a href=\"http:\/\/vitamundi.org\/que-pots-fer\/?lang=ca\"><br \/>\n\t\t\t\t\t\tFES-TE COL.LABORADOR<br \/>\n\t\t\t\t\t<\/a><br \/>\n\t\t<img width=\"184\" height=\"39\" src=\"http:\/\/vitamundi.org\/wp-content\/uploads\/2018\/02\/logo-vitamundi-blanc.png\" alt=\"\" loading=\"lazy\" \/>\t\t<\/p>\n<p><strong>DADES DE CONTACTE<\/strong><\/p>\n<p><strong>ESTATUTS<\/strong><\/p>\n<p>Es una <strong>ONG per el Desenvolupament constitu\u00efda en Octubre del 2006<\/strong>, que pret\u00e9n coordinar accions puntuals i projectes sostenibles a llarg termini en diferents pa\u00efsos amb baix nivell de desenvolupament hum\u00e0, econ\u00f2mic i social.<\/p>\n<p><strong>Vita Mundi<\/strong><br \/>C.Balmes, 310, pral. 1\u00aa<br \/>08006 Barcelona<br \/>Tel\u00e8fons: 93 200 07 96<br \/>M\u00f3vil: 606 365 305<\/p>\n<p><strong>Informaci\u00f3 General<\/strong>:<br \/>\n<a href=\"mailto:info@vitamundi.org\">info@vitamundi.org<\/a><br \/>\n<strong>Comunicaci\u00f3 y Marketing<\/strong>:<br \/>\n<a href=\"mailto:comunicacion@vitamundi.org\">comunicacion@vitamundi.org<\/a><\/p>\n<p style=\"text-align: left;\">\n<p>100% aportacions destinades als projectes.<br \/>\nDespeses assumides per els fundadors.<br \/>\nTots els viatges son assumits per els expedicionaris.<br \/>\nNo salaris.<\/p>\n<p><strong>SEGUEIX LES NOSTRES ACCIONS A LES XARXES<br \/>\n<\/strong><\/p>\n<p><strong>FES UNA DONACI\u00d3<\/strong><\/p>\n<p><strong>REP LA NOSTRA NEWSLETTER<\/strong><\/p>\n<p>\t\t\t\t\t\t\t<a href=\"https:\/\/www.facebook.com\/vitamundi\" target=\"_blank\" rel=\"noopener\"><br \/>\n\t\t\t\t\tFacebook<br \/>\n\t\t\t\t<\/a><br \/>\n\t\t\t\t\t\t\t<a href=\"https:\/\/twitter.com\/Vita_Mundi\" target=\"_blank\" rel=\"noopener\"><br \/>\n\t\t\t\t\tTwitter<br \/>\n\t\t\t\t<\/a><br \/>\n\t\t\t<a href=\"http:\/\/vitamundi.org\/wordpress\/que-puedes-hacer\/donacion-puntual\/\"><br \/>\n\t\t\t\t\t\tColabora<br \/>\n\t\t\t\t\t<\/a><br \/>\n\t\t\t<a href=\"mailto:info@vitamundi.org\"><br \/>\n\t\t\t\t\t\tSuscr\u00edbete<br \/>\n\t\t\t\t\t<\/a><\/p>\n","protected":false},"excerpt":{"rendered":"<p>India INDIA Despr\u00e9s de participar en la construcci\u00f3 i equipamient de l&#8217;Hospital de Kanyakumari, al sud de l&#8217;India, i\u00a0 inaugurat a l&#8217;any 2004\u00a0 coincidint amb el tsunami que va afectar aquesta zona, tenim diversos projectes actius en estreta col.laboraci\u00f3 amb ANKUR CHILDREN&#8217;S HOME(centre educatiu, localizat a Mumbai i dirigit per la Gna. Primi Vela) PROJECTES &#8230; <\/p>\n<p class=\"read-more-container\"><a title=\"India\" class=\"read-more button\" href=\"http:\/\/vitamundi.org\/ca\/que-fem\/india\/#more-4052\">Leer m\u00e1s<span class=\"screen-reader-text\">India<\/span><\/a><\/p>\n","protected":false},"author":1,"featured_media":0,"parent":2797,"menu_order":2,"comment_status":"closed","ping_status":"closed","template":"","meta":{"generate_page_header":""},"_links":{"self":[{"href":"http:\/\/vitamundi.org\/ca\/wp-json\/wp\/v2\/pages\/4052"}],"collection":[{"href":"http:\/\/vitamundi.org\/ca\/wp-json\/wp\/v2\/pages"}],"about":[{"href":"http:\/\/vitamundi.org\/ca\/wp-json\/wp\/v2\/types\/page"}],"author":[{"embeddable":true,"href":"http:\/\/vitamundi.org\/ca\/wp-json\/wp\/v2\/users\/1"}],"replies":[{"embeddable":true,"href":"http:\/\/vitamundi.org\/ca\/wp-json\/wp\/v2\/comments?post=4052"}],"version-history":[{"count":75,"href":"http:\/\/vitamundi.org\/ca\/wp-json\/wp\/v2\/pages\/4052\/revisions"}],"predecessor-version":[{"id":7864,"href":"http:\/\/vitamundi.org\/ca\/wp-json\/wp\/v2\/pages\/4052\/revisions\/7864"}],"up":[{"embeddable":true,"href":"http:\/\/vitamundi.org\/ca\/wp-json\/wp\/v2\/pages\/2797"}],"wp:attachment":[{"href":"http:\/\/vitamundi.org\/ca\/wp-json\/wp\/v2\/media?parent=4052"}],"curies":[{"name":"wp","href":"https:\/\/api.w.org\/{rel}","templated":true}]}}