{"id":4078,"date":"2018-05-24T12:27:28","date_gmt":"2018-05-24T11:27:28","guid":{"rendered":"http:\/\/vitamundi.org\/que-fem\/barcelona\/"},"modified":"2025-02-16T00:08:14","modified_gmt":"2025-02-15T23:08:14","slug":"barcelona","status":"publish","type":"page","link":"http:\/\/vitamundi.org\/ca\/que-fem\/barcelona\/","title":{"rendered":"Barcelona"},"content":{"rendered":"<h1>Barcelona<\/h1>\n<h4>BARCELONA<\/h4>\n<p>\t\t\t\t\t\t\t\t\t\t\t\tPROJECTES DE SENSIBILITZACI\u00d3\t\t\t\t\t<\/p>\n<p><strong>VITA MUNDI<\/strong> participa des-de la seva fundaci\u00f3 en diferents actes de sensibilitzaci\u00f3 per visibilitzar la problem\u00e0tica real dels pa\u00efsos amb els que col.labora: mercats solidaris, concerts solidaris, exposicions fotogr\u00e0fiques, stand Diada de la Terra, stand AXA De todo Coraz\u00f3n.<\/p>\n<p>Actes en els que ha participat <strong>VITA MUNDI<\/strong><\/p>\n<p><strong>Concerts solidaris<\/strong><br \/>BLUES a Luz de Gas (2011 y 2012)<br \/>Concert de Cant CORAL COL.LEGI DE METGES (2015)<br \/>Concert de Gospel COR CARLIT (2015)<\/p>\n<p><strong>Mercats solidaris<\/strong><br \/>Stand FIRA DE LA TERRA, Parc de la Ciutadella (2014)<br \/>Stand AXA De Todo Coraz\u00f3n, Cornell\u00e0 (2015)<br \/>Stand DIADA DE SANT JORDI a Clinica Ntra.Sra.del Pilar (desde 2009)<\/p>\n<p><strong>Altres actes<\/strong><\/p>\n<p>Exposici\u00f3 fotogr\u00e0fica COMPARTE UNA SONRISA, Convent Franciscans c\/Santal\u00f3 (2014)<br \/>Presentacions de VITA MUNDI a Hospital Sant Pau, Col.legi Oficial de Metges i Col.legi Oficial d&#8217;Infermeria<\/p>\n<p>\t\t\t\t\t\t\t\t\t\t\t\tPROJECTE D&#8217;ALIMENTACI\u00d3 INFANTIL \t\t\t\t\t<\/p>\n<p><strong>Vita Mundi<\/strong>\u00a0 es troba actualment col.laborant en un projecte d&#8217;alimentaci\u00f3 infantil al barri de <strong>Roquetes<\/strong> amb el objectiu de cubrir les necessitats de les families m\u00e9s desafavorides de la zona.<\/p>\n<p>El Projecte es realitza amb una Congregaci\u00f3 de Germanes Carmelites que reparteixen aliments de primera necessitat a 150 families, cada dimecres de 9h a 11h. VITAMUNDI, junt a PAYPE y ADECO organitzan recullides d&#8217;aliments a\u00a0 supermercats una vegada al mes per a cubrir aquesta necessitat.<\/p>\n<p>Entre el 2014 y el 2016,\u00a0<strong>Vita Mundi<\/strong> va realitzar una activitat social a <strong>Ciutat Meridiana<\/strong> ,un dels barris amb m\u00e9s necessitats alimentaries entre la poblaci\u00f3 infantil.<\/p>\n<p>Des-de inicis del 2014, el projecte d&#8217;alimentaci\u00f3 infantil est\u00e1 sota la co-ordinaci\u00f3 i conveni de <strong>Vita Mundi<\/strong>, <strong>Paype <\/strong>y<strong> Petit Sol<\/strong>.<\/p>\n<p>El barri de Ciutat Meridiana, que forma part de la Zona Nord de Nou Barris, es un dels barris de Barcelona on m\u00e9s est\u00e0 incidint la crisi &#8211; segons un estudi del Ajuntament de Barcelona el \u00edndex de pobresa es del 51% respecte al nivell mitj\u00e0 de la ciutat i amb un \u00edndex d&#8217;atur dels m\u00e9s alts de\u00a0 Barcelona.<\/p>\n<p>Varies associacions del barri (Asociaci\u00f3n de Vecinos de Ciudad Meridiana, Asociaci\u00f3n Sociocultural La Indomable) y tamb\u00e9 la Congregaci\u00f3 de les Missioneres de la Inmaculada Concepci\u00f3 est\u00e1n treballant coordinadament per intentar paliar les situacions de penuria de families necessitades, degut a que no tenen ingressos de cap tipus, o subsisteixen amb ajudes (PIRMI) totalment insuficients per cubrir despeses m\u00ednimes (lloguers, aigua, llum i menjar). Aquesta situaci\u00f3 incideix directament sobre la poblaci\u00f3 infantil, ya que molts nens i nenes d&#8217;aquestes families depenen per a la seva alimentaci\u00f3 de las beques de menjador (que garantitzan un \u00e0pat al d\u00eda)\u00a0 durant el periode escolar.<\/p>\n<p>La falta de cobertura de la alimentaci\u00f3 infantil en el periode d&#8217;estiu, per el tancament dels centres escolars, y la imposibilitat d&#8217; accedir al Banc d&#8217;Aliments, degut el seu colapse, obliga a pensar en accions puntuals i d&#8217;emergencia durant els mesos de Juliol, Agost i Setembre.<\/p>\n<p style=\"text-align: center;\"><strong>Total persones beneficiades<\/strong><\/p>\n<p><strong>2013 y 2014<\/strong><\/p>\n<p>N\u00ba Families: 541<br \/>Adults: 368<br \/>Nadons y menors de 4 anys: 1068<\/p>\n<p><strong>Total Persones: 1436<\/strong><\/p>\n<p><strong>2015<\/strong><\/p>\n<p>N\u00ba Families: 256<br \/>Nadons i menors de 4 anys: 301<br \/>Majors de 4 anys: 292<\/p>\n<p><strong>Total Persones: 849<\/strong><\/p>\n<p><strong>TOTAL Mar\u00e7 2016<\/strong><\/p>\n<p>N\u00ba Families: 91<br \/>Nens de 0 a 1 any: 24<br \/>Nens de 1 a 3 anys: 65<br \/>Nens de 3 a 18 anys: 83<\/p>\n<p><strong>Total Persones: 172<br \/><\/strong><\/p>\n<p>Els Matins de TV3 va entrevistar a <strong>Carlos Algara<\/strong>, president de <strong>Vita Mundi<\/strong>, sobre el Projecte d&#8217;alimentaci\u00f3 a Ciutat Meridiana.<\/p>\n<p><iframe loading=\"lazy\" src=\"http:\/\/www.ccma.cat\/video\/embed\/4634771\/\" width=\"560\" height=\"315\" allowfullscreen=\"allowfullscreen\"><\/iframe><\/p>\n<p>\t\t\t<a href=\"http:\/\/vitamundi.org\/que-pots-fer\/?lang=ca\"><br \/>\n\t\t\t\t\t\t\u00bfQUIERES COLABORAR CON ESTE PROYECTO?<br \/>\n\t\t\t\t\t<\/a><\/p>\n<figure><img src=\"http:\/\/vitamundi.org\/wp-content\/uploads\/2018\/02\/slider_meridiana1.jpg\" alt=\"slider_meridiana1\" \/><\/figure>\n<figure><img src=\"http:\/\/vitamundi.org\/wp-content\/uploads\/2018\/03\/slider_meridiana5.jpg\" alt=\"OLYMPUS DIGITAL CAMERA\" \/><\/figure>\n<figure><img src=\"http:\/\/vitamundi.org\/wp-content\/uploads\/2018\/02\/slider_meridiana2.jpg\" alt=\"slider_meridiana2\" \/><\/figure>\n<figure><img src=\"http:\/\/vitamundi.org\/wp-content\/uploads\/2018\/02\/slider_meridiana3.jpg\" alt=\"slider_meridiana3\" \/><\/figure>\n<figure><img src=\"http:\/\/vitamundi.org\/wp-content\/uploads\/2018\/03\/slider_meridiana6.jpg\" alt=\"slider_meridiana6\" \/><\/figure>\n<figure><img src=\"http:\/\/vitamundi.org\/wp-content\/uploads\/2018\/02\/slider_meridiana4.jpg\" alt=\"slider_meridiana4\" \/><\/figure>\n<h2>Qu\u00e8 fem a &#8230;<\/h2>\n<p>\t\t\t\t\t\t<a href=\"http:\/\/vitamundi.org\/ca\/que-fem\/guatemala\/\" data-elementor-open-lightbox=\"default\"><br \/>\n\t\t<img width=\"300\" height=\"179\" src=\"http:\/\/vitamundi.org\/wp-content\/uploads\/slider_guatemala1-300x179.jpg\" alt=\"\" loading=\"lazy\" srcset=\"http:\/\/vitamundi.org\/wp-content\/uploads\/slider_guatemala1-300x179.jpg 300w, http:\/\/vitamundi.org\/wp-content\/uploads\/2018\/01\/slider_guatemala1.jpg 570w\" sizes=\"(max-width: 300px) 100vw, 300px\" \/>\t\t\t\t<\/a><\/p>\n<h3>Guatemala<\/h3>\n<p>Desde el a\u00f1o 2000 estamos comprometidos con las comunidades ind\u00edgenas de Guatemala en diversos proyectos.<\/p>\n<p>\t\t\t\t\t\t<a href=\"http:\/\/vitamundi.org\/ca\/que-fem\/india\/\" data-elementor-open-lightbox=\"default\"><br \/>\n\t\t<img width=\"300\" height=\"179\" src=\"http:\/\/vitamundi.org\/wp-content\/uploads\/reparto-alimentos-300x179.jpg\" alt=\"\" loading=\"lazy\" srcset=\"http:\/\/vitamundi.org\/wp-content\/uploads\/reparto-alimentos-300x179.jpg 300w, http:\/\/vitamundi.org\/wp-content\/uploads\/2018\/02\/reparto-alimentos.jpg 570w\" sizes=\"(max-width: 300px) 100vw, 300px\" \/>\t\t\t\t<\/a><\/p>\n<h3>India<\/h3>\n<p>Colaboramos activamente desde 2004 con proyectos de alimentaci\u00f3n, apadrinamientos y facilitando asistencia m\u00e9dica.<\/p>\n<p>\t\t\t\t\t\t<a href=\"http:\/\/vitamundi.org\/ca\/que-fem\/ghana\/\" data-elementor-open-lightbox=\"default\"><br \/>\n\t\t<img width=\"300\" height=\"179\" src=\"http:\/\/vitamundi.org\/wp-content\/uploads\/slider_ghana1-300x179.jpg\" alt=\"\" loading=\"lazy\" srcset=\"http:\/\/vitamundi.org\/wp-content\/uploads\/slider_ghana1-300x179.jpg 300w, http:\/\/vitamundi.org\/wp-content\/uploads\/2018\/01\/slider_ghana1.jpg 570w\" sizes=\"(max-width: 300px) 100vw, 300px\" \/>\t\t\t\t<\/a><\/p>\n<h3>Ghana<\/h3>\n<p>Desde el a\u00f1o 2005 colaboramos en la zona de Elmina &#8211; al sur del pa\u00eds &#8211; con varios proyectos enfocados a las mujeres de la zona.<\/p>\n<p>\t\t\t\t\t\t<a href=\"http:\/\/vitamundi.org\/ca\/que-fem\/barcelona\/\" data-elementor-open-lightbox=\"default\"><br \/>\n\t\t<img width=\"300\" height=\"179\" src=\"http:\/\/vitamundi.org\/wp-content\/uploads\/slider_meridiana1-300x179.jpg\" alt=\"\" loading=\"lazy\" srcset=\"http:\/\/vitamundi.org\/wp-content\/uploads\/slider_meridiana1-300x179.jpg 300w, http:\/\/vitamundi.org\/wp-content\/uploads\/2018\/01\/slider_meridiana1.jpg 570w\" sizes=\"(max-width: 300px) 100vw, 300px\" \/>\t\t\t\t<\/a><\/p>\n<h3>Barcelona<\/h3>\n<p>Des de el 2013 colaboramos en Ciudad Meridiana y Roquetes, barrios con grandes necesidades alimentarias entre la poblaci\u00f3n infantil.<\/p>\n<h3><strong>CARI\u00d1O, IMPULSO, OPORTUNIDAD<\/strong><\/h3>\n<p>Colabora con nosotros en nuestros proyectos<\/p>\n<p>\t\t\t<a href=\"http:\/\/vitamundi.org\/que-pots-fer\/?lang=ca\"><br \/>\n\t\t\t\t\t\tHAZTE COLABORADOR<br \/>\n\t\t\t\t\t<\/a><br \/>\n\t\t<img width=\"184\" height=\"39\" src=\"http:\/\/vitamundi.org\/wp-content\/uploads\/2018\/02\/logo-vitamundi-blanc.png\" alt=\"\" loading=\"lazy\" \/>\t\t<\/p>\n<p>DATOS DE CONTACTO<\/p>\n<p>ESTATUTOS<\/p>\n<p>Es una <strong>ONG para el Desarrollo constituida en Octubre del 2006<\/strong>, que pretende coordinar acciones puntuales y proyectos sostenibles a largo plazo en diferentes pa\u00edses con bajo nivel de desarrollo humano, econ\u00f3mico y social.<\/p>\n<p><strong>Vita Mundi<\/strong><br \/>C.Balmes, 310, pral. 1\u00aa<br \/>08006 Barcelona<br \/>Tel\u00e9fono: 606 365 305\/93 200 07 96<\/p>\n<p><strong>Informaci\u00f3n General<\/strong>:<br \/>\n<a href=\"mailto:info@vitamundi.org\">info@vitamundi.org<\/a><br \/>\n<strong>Comunicaci\u00f3n y Marketing<\/strong>:<br \/>\n<a href=\"mailto:comunicacion@vitamundi.org\">comunicacion@vitamundi.org<\/a><\/p>\n<p style=\"text-align: left;\">\n<p>100% aportaciones destinadas a los proyectos.<br \/>\nGastos asumidos por los fundadores.<br \/>\nTodos los viajes son asumidos por los expedicionarios.<br \/>\nNo salarios.<\/p>\n<p><strong>SIGUE NUESTRAS ACCIONES EN LAS REDES<\/strong><\/p>\n<p><strong>HAZ UNA DONACI\u00d3N<\/strong><\/p>\n<p><strong>RECIBE NUESTRA NEWSLETTER<\/strong><\/p>\n<p>\t\t\t\t\t\t\t<a href=\"https:\/\/www.facebook.com\/vitamundi\" target=\"_blank\" rel=\"noopener\"><br \/>\n\t\t\t\t\tFacebook<br \/>\n\t\t\t\t<\/a><br \/>\n\t\t\t\t\t\t\t<a href=\"https:\/\/twitter.com\/Vita_Mundi\" target=\"_blank\" rel=\"noopener\"><br \/>\n\t\t\t\t\tTwitter<br \/>\n\t\t\t\t<\/a><br \/>\n\t\t\t<a href=\"http:\/\/vitamundi.org\/que-pots-fer\/donacio-puntual\/?lang=ca\"><br \/>\n\t\t\t\t\t\tColabora<br \/>\n\t\t\t\t\t<\/a><br \/>\n\t\t\t<a href=\"mailto:info@vitamundi.org\"><br \/>\n\t\t\t\t\t\tSuscr\u00edbete<br \/>\n\t\t\t\t\t<\/a><\/p>\n","protected":false},"excerpt":{"rendered":"<p>Barcelona BARCELONA PROJECTES DE SENSIBILITZACI\u00d3 VITA MUNDI participa des-de la seva fundaci\u00f3 en diferents actes de sensibilitzaci\u00f3 per visibilitzar la problem\u00e0tica real dels pa\u00efsos amb els que col.labora: mercats solidaris, concerts solidaris, exposicions fotogr\u00e0fiques, stand Diada de la Terra, stand AXA De todo Coraz\u00f3n. Actes en els que ha participat VITA MUNDI Concerts solidarisBLUES a &#8230; <\/p>\n<p class=\"read-more-container\"><a title=\"Barcelona\" class=\"read-more button\" href=\"http:\/\/vitamundi.org\/ca\/que-fem\/barcelona\/#more-4078\">Leer m\u00e1s<span class=\"screen-reader-text\">Barcelona<\/span><\/a><\/p>\n","protected":false},"author":1,"featured_media":0,"parent":2797,"menu_order":4,"comment_status":"closed","ping_status":"closed","template":"","meta":{"generate_page_header":""},"_links":{"self":[{"href":"http:\/\/vitamundi.org\/ca\/wp-json\/wp\/v2\/pages\/4078"}],"collection":[{"href":"http:\/\/vitamundi.org\/ca\/wp-json\/wp\/v2\/pages"}],"about":[{"href":"http:\/\/vitamundi.org\/ca\/wp-json\/wp\/v2\/types\/page"}],"author":[{"embeddable":true,"href":"http:\/\/vitamundi.org\/ca\/wp-json\/wp\/v2\/users\/1"}],"replies":[{"embeddable":true,"href":"http:\/\/vitamundi.org\/ca\/wp-json\/wp\/v2\/comments?post=4078"}],"version-history":[{"count":34,"href":"http:\/\/vitamundi.org\/ca\/wp-json\/wp\/v2\/pages\/4078\/revisions"}],"predecessor-version":[{"id":7857,"href":"http:\/\/vitamundi.org\/ca\/wp-json\/wp\/v2\/pages\/4078\/revisions\/7857"}],"up":[{"embeddable":true,"href":"http:\/\/vitamundi.org\/ca\/wp-json\/wp\/v2\/pages\/2797"}],"wp:attachment":[{"href":"http:\/\/vitamundi.org\/ca\/wp-json\/wp\/v2\/media?parent=4078"}],"curies":[{"name":"wp","href":"https:\/\/api.w.org\/{rel}","templated":true}]}}