{"id":3179,"date":"2018-05-08T11:53:55","date_gmt":"2018-05-08T10:53:55","guid":{"rendered":"http:\/\/vitamundi.org\/vita-mundi\/"},"modified":"2025-02-18T10:23:41","modified_gmt":"2025-02-18T09:23:41","slug":"vita-mundi","status":"publish","type":"page","link":"http:\/\/vitamundi.org\/en\/","title":{"rendered":"Vita Mundi"},"content":{"rendered":"<p>Developement cooperation NGO that,since 2006,coordinates health,food and educational Projects in countries with\u00a0 vulnerable communities living below the poverty line<\/p>\n<figure><img src=\"http:\/\/vitamundi.org\/wp-content\/uploads\/2018\/02\/cabecera_galeria-1.jpg\" alt=\"cabecera_galeria\" \/><\/figure>\n<figure><img src=\"http:\/\/vitamundi.org\/wp-content\/uploads\/2018\/02\/cabecera_que_puedes_hacer.jpg\" alt=\"cabecera_que_puedes_hacer\" \/><\/figure>\n<figure><img src=\"http:\/\/vitamundi.org\/wp-content\/uploads\/2018\/02\/cabecera_quehacemos_india.jpg\" alt=\"cabecera_quehacemos_india\" \/><\/figure>\n<figure><img src=\"http:\/\/vitamundi.org\/wp-content\/uploads\/2018\/02\/cabecera_quehacemos_meridiana_2.jpg\" alt=\"cabecera_quehacemos_meridiana_2\" \/><\/figure>\n<h2 style=\"text-align: center;\">AFFECTION, DRIVE AND OPPORTUNITY<\/h2>\n<h2>Our main projects<\/h2>\n<figure><a href=\"http:\/\/vitamundi.org\/que-hacemos\/guatemala\/\"><img src=\"http:\/\/vitamundi.org\/wp-content\/uploads\/2018\/02\/guatemala.png\" alt=\"guatemala\" title=\"guatemala\"><\/a><\/figure>\n<h3><a href=\"http:\/\/vitamundi.org\/que-hacemos\/guatemala\/\">GUATEMALA<\/a><\/h3>\n<p><p>Committed with the health of indigenous communities through health and food projects.<\/p>\n<\/p>\n<figure><a href=\"http:\/\/vitamundi.org\/que-hacemos\/india\/\"><img src=\"http:\/\/vitamundi.org\/wp-content\/uploads\/2018\/02\/india.png\" alt=\"india\" title=\"india\"><\/a><\/figure>\n<h3><a href=\"http:\/\/vitamundi.org\/que-hacemos\/india\/\">INDIA<\/a><\/h3>\n<p><p>Medical, food and educational projects in collaboration with Ankur Childrens Home (Mumbai).<\/p>\n<\/p>\n<figure><a href=\"http:\/\/vitamundi.org\/que-hacemos\/barcelona\/\"><img src=\"http:\/\/vitamundi.org\/wp-content\/uploads\/2018\/02\/ciudad-meridiana.png\" alt=\"ciudad-meridiana\" title=\"ciudad-meridiana\"><\/a><\/figure>\n<h3><a href=\"http:\/\/vitamundi.org\/que-hacemos\/barcelona\/\">BARCELONA<\/a><\/h3>\n<p><p>Infant feeding project in Ciutat Meridiana and Roquetes. Awareness action and solidarity events.<\/p>\n<\/p>\n<h2>Our Values<\/h2>\n<p style=\"text-align: center;\"><strong>MOST VULNERABLE POPULATION: CHILDREN AND WOMEN<\/strong><\/p>\n<p style=\"text-align: center;\"><strong>100% OF THE CONTRIBUTIONS ALLOCATED IN PROJECTS<\/strong><\/p>\n<p style=\"text-align: center;\"><strong>RESPECT TO THE COUNTRY AND ITS BELIEFS<\/strong><\/p>\n<p style=\"text-align: center;\"><strong>SPONSORSHIP<\/strong><\/p>\n<p style=\"text-align: center;\"><strong>NO MONEY, NO CORRUPTION<\/strong><\/p>\n<p style=\"text-align: center;\"><strong>WITHOUT SALARIES<\/strong><\/p>\n<p style=\"text-align: center;\"><strong>CONTRIBUTIONS FROM 10 EUROS<\/strong><\/p>\n<p>\t\t\t<a href=\"http:\/\/vitamundi.org\/en\/what-can-you-do\/\" target=\"_blank\" rel=\"noopener\"><br \/>\n\t\t\t\t\t\tCOLLABORATE<br \/>\n\t\t\t\t\t<\/a><br \/>\n\t\t<img width=\"900\" height=\"900\" src=\"http:\/\/vitamundi.org\/wp-content\/uploads\/2018\/02\/collage-inici.jpg\" alt=\"\" loading=\"lazy\" srcset=\"http:\/\/vitamundi.org\/wp-content\/uploads\/2018\/02\/collage-inici.jpg 900w, http:\/\/vitamundi.org\/wp-content\/uploads\/2018\/02\/collage-inici-150x150.jpg 150w, http:\/\/vitamundi.org\/wp-content\/uploads\/2018\/02\/collage-inici-300x300.jpg 300w, http:\/\/vitamundi.org\/wp-content\/uploads\/2018\/02\/collage-inici-768x768.jpg 768w\" sizes=\"(max-width: 900px) 100vw, 900px\" \/>\t\t<\/p>\n<h2>Vita Mundi News<\/h2>\n<p>\t\t<img width=\"1080\" height=\"1080\" src=\"http:\/\/vitamundi.org\/wp-content\/uploads\/2023\/11\/366464971_2288819524637246_2846673179428970361_n.jpg\" alt=\"\" loading=\"lazy\" srcset=\"http:\/\/vitamundi.org\/wp-content\/uploads\/2023\/11\/366464971_2288819524637246_2846673179428970361_n.jpg 1080w, http:\/\/vitamundi.org\/wp-content\/uploads\/2023\/11\/366464971_2288819524637246_2846673179428970361_n-300x300.jpg 300w, http:\/\/vitamundi.org\/wp-content\/uploads\/2023\/11\/366464971_2288819524637246_2846673179428970361_n-1024x1024.jpg 1024w, http:\/\/vitamundi.org\/wp-content\/uploads\/2023\/11\/366464971_2288819524637246_2846673179428970361_n-150x150.jpg 150w, http:\/\/vitamundi.org\/wp-content\/uploads\/2023\/11\/366464971_2288819524637246_2846673179428970361_n-768x768.jpg 768w\" sizes=\"(max-width: 1080px) 100vw, 1080px\" \/><br \/>\n                <a href=\"http:\/\/vitamundi.org\/huerto-escolar-solidario-dr-carlos-algara\/\" target=\"_blank\" rel=\"noopener\"><br \/>\n                <\/a><\/p>\n<p>\n                    <a href=\"http:\/\/vitamundi.org\/huerto-escolar-solidario-dr-carlos-algara\/\" target=\"_blank\" rel=\"noopener\">VITAMUNDI EN GUATEMALA 2023. El Proyecto Huertos Infantiles Solidarios se ha vuelto a retomar tras la pandemia .Ve a la p\u00e1gina.<\/a>\n                <\/p>\n<p><p>Proyecto<\/p>\n<\/p>\n<p>\t\t<img width=\"1280\" height=\"1600\" src=\"http:\/\/vitamundi.org\/wp-content\/uploads\/2023\/05\/IMG-20230303-WA00001.jpg\" alt=\"\" loading=\"lazy\" srcset=\"http:\/\/vitamundi.org\/wp-content\/uploads\/2023\/05\/IMG-20230303-WA00001.jpg 1280w, http:\/\/vitamundi.org\/wp-content\/uploads\/2023\/05\/IMG-20230303-WA00001-240x300.jpg 240w, http:\/\/vitamundi.org\/wp-content\/uploads\/2023\/05\/IMG-20230303-WA00001-819x1024.jpg 819w, http:\/\/vitamundi.org\/wp-content\/uploads\/2023\/05\/IMG-20230303-WA00001-768x960.jpg 768w, http:\/\/vitamundi.org\/wp-content\/uploads\/2023\/05\/IMG-20230303-WA00001-1229x1536.jpg 1229w\" sizes=\"(max-width: 1280px) 100vw, 1280px\" \/><br \/>\n                <a href=\"http:\/\/vitamundi.org\/vitamundi-en-roquetes\/\" target=\"_blank\" rel=\"noopener\"><br \/>\n                <\/a><\/p>\n<p>\n                    <a href=\"http:\/\/vitamundi.org\/vitamundi-en-roquetes\/\" target=\"_blank\" rel=\"noopener\">VITAMUNDI EN ROQUETES-MARZO 2023 Apoyando al Proyecto BETANIA. Leer Noticia<\/a>\n                <\/p>\n<p><p>Noticia<\/p>\n<\/p>\n<p>\t\t<img width=\"1440\" height=\"1080\" src=\"http:\/\/vitamundi.org\/wp-content\/uploads\/2023\/11\/364288039_858611242638783_8363680044263221065_n.jpg\" alt=\"\" loading=\"lazy\" srcset=\"http:\/\/vitamundi.org\/wp-content\/uploads\/2023\/11\/364288039_858611242638783_8363680044263221065_n.jpg 1440w, http:\/\/vitamundi.org\/wp-content\/uploads\/2023\/11\/364288039_858611242638783_8363680044263221065_n-300x225.jpg 300w, http:\/\/vitamundi.org\/wp-content\/uploads\/2023\/11\/364288039_858611242638783_8363680044263221065_n-1024x768.jpg 1024w, http:\/\/vitamundi.org\/wp-content\/uploads\/2023\/11\/364288039_858611242638783_8363680044263221065_n-768x576.jpg 768w\" sizes=\"(max-width: 1440px) 100vw, 1440px\" \/><br \/>\n                <a href=\"http:\/\/vitamundi.org\/wp-content\/uploads\/2023\/11\/boletin-vitamundi-diciembre-2023-1.pdf\" target=\"_blank\" rel=\"noopener\"><br \/>\n                <\/a><\/p>\n<p>\n                    <a href=\"http:\/\/vitamundi.org\/wp-content\/uploads\/2023\/11\/boletin-vitamundi-diciembre-2023-1.pdf\" target=\"_blank\" rel=\"noopener\">BOLETIN DICIEMBRE 2023.Este a\u00f1o, vuestra colaboraci\u00f3n sigue siendo necesaria para mantener los Proyectos activos. Leer Bolet\u00edn.<\/a>\n                <\/p>\n<p><p>Bolet\u00edn<\/p>\n<\/p>\n<h3><strong>AFFECTION, DRIVE, OPPORTUNITY<\/strong><\/h3>\n<p>Collaborate with us in our projects<\/p>\n<p>\t\t\t<a href=\"http:\/\/vitamundi.org\/en\/what-can-you-do\/\"><br \/>\n\t\t\t\t\t\tBECOME A COLLABORATOR<br \/>\n\t\t\t\t\t<\/a><br \/>\n\t\t<img width=\"184\" height=\"39\" src=\"http:\/\/vitamundi.org\/wp-content\/uploads\/2018\/02\/logo-vitamundi-blanc.png\" alt=\"\" loading=\"lazy\" \/>\t\t<\/p>\n<p>CONTACT DATA<\/p>\n<p>STATUTES<\/p>\n<p style=\"text-align: center;\">\u00a0\u00a0\u00a0 It is a Development aid NGO established in October 2006, with the intention of coordinating specific actions and long-term sustainable projects in different countries with low levels of human, economic and social development.<\/p>\n<p><strong>Vita Mundi<\/strong><br \/>C.Balmes, 310, pral. 1\u00aa<br \/>08006 Barcelona<br \/>Tel\u00e9fonos: 606 36 53 05 \/ <\/p>\n<p><strong>General information<\/strong>:<br \/>\n<a href=\"mailto:info@vitamundi.org\">info@vitamundi.org<\/a><br \/>\n<strong>Comunications and Marketing<\/strong>:<br \/>\n<a href=\"mailto:comunicacion@vitamundi.org\">comunicacion@vitamundi.org<\/a><\/p>\n<p style=\"text-align: left;\">\n<p>100% of the contributions allocated in projects.<br \/>\nExpenses are assumed by the founders.<br \/>\nAll trips are borne by the expedition members.<br \/>\nNo salaries<\/p>\n<p><strong>\u00a0\u00a0\u00a0\u00a0\u00a0\u00a0\u00a0\u00a0 FOLLOW OUR ACTIONS IN THE NETWORK<\/strong><\/p>\n<p><strong>MAKE A DONATION<\/strong><\/p>\n<p><strong>RECEIVE OUR NEWSLETTER<\/strong><\/p>\n<p>\t\t\t\t\t\t\t<a href=\"https:\/\/www.facebook.com\/vitamundi\" target=\"_blank\" rel=\"noopener\"><br \/>\n\t\t\t\t\tFacebook<br \/>\n\t\t\t\t<\/a><br \/>\n\t\t\t\t\t\t\t<a href=\"https:\/\/twitter.com\/Vita_Mundi\" target=\"_blank\" rel=\"noopener\"><br \/>\n\t\t\t\t\tTwitter<br \/>\n\t\t\t\t<\/a><br \/>\n\t\t\t<a href=\"http:\/\/vitamundi.org\/en\/what-can-you-do\/make-a-one-time-donation\/\"><br \/>\n\t\t\t\t\t\tCollaborate<br \/>\n\t\t\t\t\t<\/a><br \/>\n\t\t\t<a href=\"mailto:info@vitamundi.org\"><br \/>\n\t\t\t\t\t\tSubscribe yourself<br \/>\n\t\t\t\t\t<\/a><\/p>\n","protected":false},"excerpt":{"rendered":"<p>Developement cooperation NGO that,since 2006,coordinates health,food and educational Projects in countries with\u00a0 vulnerable communities living below the poverty line AFFECTION, DRIVE AND OPPORTUNITY Our main projects GUATEMALA Committed with the health of indigenous communities through health and food projects. INDIA Medical, food and educational projects in collaboration with Ankur Childrens Home (Mumbai). BARCELONA Infant feeding &#8230; <\/p>\n<p class=\"read-more-container\"><a title=\"Vita Mundi\" class=\"read-more button\" href=\"http:\/\/vitamundi.org\/en\/#more-3179\">Leer m\u00e1s<span class=\"screen-reader-text\">Vita Mundi<\/span><\/a><\/p>\n","protected":false},"author":1,"featured_media":0,"parent":0,"menu_order":0,"comment_status":"closed","ping_status":"closed","template":"","meta":{"generate_page_header":""},"_links":{"self":[{"href":"http:\/\/vitamundi.org\/en\/wp-json\/wp\/v2\/pages\/3179"}],"collection":[{"href":"http:\/\/vitamundi.org\/en\/wp-json\/wp\/v2\/pages"}],"about":[{"href":"http:\/\/vitamundi.org\/en\/wp-json\/wp\/v2\/types\/page"}],"author":[{"embeddable":true,"href":"http:\/\/vitamundi.org\/en\/wp-json\/wp\/v2\/users\/1"}],"replies":[{"embeddable":true,"href":"http:\/\/vitamundi.org\/en\/wp-json\/wp\/v2\/comments?post=3179"}],"version-history":[{"count":83,"href":"http:\/\/vitamundi.org\/en\/wp-json\/wp\/v2\/pages\/3179\/revisions"}],"predecessor-version":[{"id":7984,"href":"http:\/\/vitamundi.org\/en\/wp-json\/wp\/v2\/pages\/3179\/revisions\/7984"}],"wp:attachment":[{"href":"http:\/\/vitamundi.org\/en\/wp-json\/wp\/v2\/media?parent=3179"}],"curies":[{"name":"wp","href":"https:\/\/api.w.org\/{rel}","templated":true}]}}