{"id":3425,"date":"2018-05-16T08:42:49","date_gmt":"2018-05-16T07:42:49","guid":{"rendered":"http:\/\/vitamundi.org\/what-we-do\/guatemala\/"},"modified":"2025-02-17T19:05:58","modified_gmt":"2025-02-17T18:05:58","slug":"guatemala","status":"publish","type":"page","link":"http:\/\/vitamundi.org\/en\/what-we-do\/guatemala\/","title":{"rendered":"Guatemala"},"content":{"rendered":"<h1>Guatemala<\/h1>\n<h4>GUATEMALA<\/h4>\n<p>Since 2000, we have been committed with the indigenous communities of Guatemala through various projects, including health collaboration, sponsorship, food projects and school tutoring.<\/p>\n<p>\t\t\t\t\t\t\t\t\t\t\t\tMEDICAL COLLABORATION\t\t\t\t\t<\/p>\n<p>\u00a0<\/p>\n<p>Se realizan jornadas m\u00e9dicas peri\u00f3dicas en las aldeas de las zonas de Patz\u00fan (Chimaltenango) y Bolonc\u00f3 (Alta Verapaz) que incluyen visita m\u00e9dica ambulatoria, diagn\u00f3stico y <strong>tratamiento de las enfermedades m\u00e1s prevalentes<\/strong>.<br \/>Tambi\u00e9n se organizan simult\u00e1neamente sesiones divulgativas de higiene bucodental, nutrici\u00f3n equilibrada y <strong>prevenci\u00f3n de enfermedades de transmisi\u00f3n sexual<\/strong>.<br \/>Las expediciones est\u00e1n formadas por m\u00e9dicos, enfermeras, logopedas, fisioterapeutas y otro personal sanitario voluntario, que se costean su viaje a la zona.<br \/>Desde el a\u00f1o 2000 se han hecho m\u00e1s de <strong>30 expediciones sanitarias<\/strong>, y se han desplazado m\u00e1s de <strong>240 voluntarios<\/strong> (m\u00e9dicos, enfermeras,auxiliares, farmac\u00e9uticos, fisioterapeutas, psicopedagogos,logopedas,nutricionistas y otras disciplinas).<\/p>\n<p>Prestaciones sanitarias realizadas en el Hospital Hermano Pedro(Antigua) y en el Hospital Corpus Christi(Patzun):<\/p>\n<ul>\n<li>Cirug\u00eda Ortop\u00e9dica\u00a0<\/li>\n<li>Cirug\u00eda Mano<\/li>\n<li>Artroscopia<\/li>\n<li>Cirug\u00eda pl\u00e1stica: labio leporino y hendidura<\/li>\n<li>Urolog\u00eda<\/li>\n<li>Consulta Pediatr\u00eda<\/li>\n<li>Consulta Medicina General<\/li>\n<\/ul>\n<p>\t\t\t\t\t\t\t\t\t\t\t\tSPONSORSHIP PROGRAM\t\t\t\t\t<\/p>\n<p><strong>Sponsorship of children<\/strong> with different degrees of malnutrition, most of them from broken families due to parental alcohol problems, or extreme poverty that does not allow them to be maintained.<\/p>\n<p><strong>Sponsorships in Patzun (San Francisco de As\u00eds Nutrition Center)<\/strong><br \/>\n80 foster-children aged between 6 months and 14 years.<\/p>\n<p><strong>Sponsorship in Due\u00f1as (Nido Jes\u00fas Ni\u00f1o Center)<\/strong><br \/>\n50 foster- children, between 2 and 14 years old, with different degrees of physical or mental disability.<\/p>\n<p>\t\t\t\t\t\t\t\t\t\t\t\tFOOD PROJECT \t\t\t\t\t<\/p>\n<p><strong><br \/>EDUCANDO PARA EL FUTURO<\/strong><br \/>Demos una oportunidad a las ni\u00f1as y j\u00f3venes ind\u00edgenas de Bolonc\u00f3 (Guatemala) para decidir su futruro<\/p>\n<p>Bolonc\u00f3, situado en Alta Verapaz, Guatemala, tiene el \u00edndice que mayor analfabetismo de todo Latinoam\u00e9rica. Sus habitantes son en un 98% ind\u00edgenas de la etnia maya-q&#8217;eqch\u00ed. La pobreza es del 76%, y la extrema pobreza alcanza el 27%. <br \/>Con el objetivo de dar una oportunidad de futuro a las mujeres ind\u00edgenas, quienes sufren una mayor vulnerabilidad y quedan relegadas a las tareas del hogar o a los trabajos peor remunerados, se construy\u00f3 el <strong>Centro de Promoci\u00f3n Femenina \u00abRatz&#8217;um K&#8217;iche\u00bb<\/strong>, gracias a la labor del Padre Junoy y la Fundaci\u00f3n Juan Bonal(1997)<br \/>Este Centro est\u00e1 dirigido desde hace 20 a\u00f1os por las Hermanas de la Caridad de Santa Ana, y VITAMUNDI colabora, desde el a\u00f1o 2007, financiando anualmente los costes de alimentaci\u00f3n, dotaci\u00f3n de material escolar y uniformes para las m\u00e1s 160 ni\u00f1as y adolescentes que cursan estudios de Secundaria y Bachillerato. Gracias a la formaci\u00f3n recibida, las j\u00f3venes ind\u00edgenas( en edades comprendidas entre 10 y 16 a\u00f1os) pueden mejorar sus expectativas finalizando los estudios b\u00e1sicos y, si lo desean o pueden costearlo, continuar con estudios superiores.<strong><br \/><\/strong><\/p>\n<p><strong>Las mujeres son el motor del cambio. \u00a1Ay\u00fadanos a mejorar su futuro y el de toda su comunidad!<\/strong><\/p>\n<p><strong>\u00a0 Colabora con VITA MUNDI<\/strong>\u00a0 para que reciban una alimentaci\u00f3n sana y equilibrada durante todo el Curso Escolar<\/p>\n<p>\u00a0<br \/>\n\u00a0<br \/>\n\t\t\t\t\t\t\t\t\t\t\t\tPROJECT OF AFTER SCHOOL TUTORING\t\t\t\t\t<\/p>\n<p>Voluntarios de <strong>Vita Mundi<\/strong>\u00a0de perfil docente (maestros, INEF, psicopedagogia, trabajadores sociales,&#8230;) se desplazan periodicamente cada a\u00f1o para reforzar las clases de materias comunes a las adolescentes del CPF Ratz\u2019um Kich\u00e9 en <strong>Bolonco\u00a0<\/strong>(Alta Verapaz).<\/p>\n<p>Vita Mundi participa en este proyecto desde el a\u00f1o 2009.<\/p>\n<p>Ampliaci\u00f3n: Ver el video \u00ab<a href=\"http:\/\/vitamundi.org\/en\/a-look-at-guatemala\/\" target=\"_blank\" rel=\"noopener\">Una mirada a Guatemala<\/a>\u00ab<\/p>\n<p>\t\t\t<a href=\"http:\/\/vitamundi.org\/en\/what-can-you-do\/make-a-one-time-donation\/\" target=\"_blank\" rel=\"noopener\"><br \/>\n\t\t\t\t\t\tDO YOU WISH TO COLLABORATE WITH THIS PROJECT?<br \/>\n\t\t\t\t\t<\/a><\/p>\n<figure><img src=\"http:\/\/vitamundi.org\/wp-content\/uploads\/2018\/01\/slider_guatemala5.jpg\" alt=\"slider_guatemala5\" \/><\/figure>\n<figure><img src=\"http:\/\/vitamundi.org\/wp-content\/uploads\/2018\/01\/slider_guatemala1-1.jpg\" alt=\"slider_guatemala1\" \/><\/figure>\n<figure><img src=\"http:\/\/vitamundi.org\/wp-content\/uploads\/2018\/01\/slider_guatemala2.jpg\" alt=\"slider_guatemala2\" \/><\/figure>\n<figure><img src=\"http:\/\/vitamundi.org\/wp-content\/uploads\/2018\/01\/slider_guatemala3.jpg\" alt=\"slider_guatemala3\" \/><\/figure>\n<figure><img src=\"http:\/\/vitamundi.org\/wp-content\/uploads\/2018\/01\/slider_guatemala4.jpg\" alt=\"slider_guatemala4\" \/><\/figure>\n<h2>What we do in\u2026 <\/h2>\n<p>\t\t\t\t\t\t<a href=\"http:\/\/vitamundi.org\/what-we-do\/guatemala\/?lang=en\" data-elementor-open-lightbox=\"default\"><br \/>\n\t\t<img width=\"300\" height=\"179\" src=\"\" alt=\"\" loading=\"lazy\" srcset=\" 300w, http:\/\/vitamundi.org\/wp-content\/uploads\/2018\/01\/slider_guatemala1.jpg 570w\" sizes=\"(max-width: 300px) 100vw, 300px\" \/>\t\t\t\t<\/a><\/p>\n<h3>Guatemala<\/h3>\n<p>Since 2000 we are committed with the indigenous communities of Guatemala through various projects<\/p>\n<p>\t\t\t\t\t\t<a href=\"http:\/\/vitamundi.org\/en\/what-we-do\/india\/\" data-elementor-open-lightbox=\"default\"><br \/>\n\t\t<img width=\"300\" height=\"179\" src=\"\" alt=\"\" loading=\"lazy\" srcset=\" 300w, http:\/\/vitamundi.org\/wp-content\/uploads\/2018\/02\/reparto-alimentos.jpg 570w\" sizes=\"(max-width: 300px) 100vw, 300px\" \/>\t\t\t\t<\/a><\/p>\n<h3>India<\/h3>\n<p>We have been actively collaborating since 2004 with food projects, sponsorships and providing medical assistance.<\/p>\n<p>\t\t\t\t\t\t<a href=\"http:\/\/vitamundi.org\/en\/what-we-do\/ghana\/\" data-elementor-open-lightbox=\"default\"><br \/>\n\t\t<img width=\"300\" height=\"179\" src=\"\" alt=\"\" loading=\"lazy\" srcset=\" 300w, http:\/\/vitamundi.org\/wp-content\/uploads\/2018\/01\/slider_ghana1.jpg 570w\" sizes=\"(max-width: 300px) 100vw, 300px\" \/>\t\t\t\t<\/a><\/p>\n<h3>Ghana<\/h3>\n<p>Since 2005, we have been collaborating with several projects, addressed to women, in the Elmina area (in the south of the country)<\/p>\n<p>\t\t\t\t\t\t<a href=\"http:\/\/vitamundi.org\/en\/what-we-do\/barcelona\/\" data-elementor-open-lightbox=\"default\"><br \/>\n\t\t<img width=\"300\" height=\"179\" src=\"\" alt=\"\" loading=\"lazy\" srcset=\" 300w, http:\/\/vitamundi.org\/wp-content\/uploads\/2018\/01\/slider_meridiana1.jpg 570w\" sizes=\"(max-width: 300px) 100vw, 300px\" \/>\t\t\t\t<\/a><\/p>\n<h3>Barcelona<\/h3>\n<p>Since 2013, we have been collaborating in Ciudad Meridiana and Roquetes, neighborhoods with large food needs among children.<\/p>\n<h3>AFFECTION, DRIVE, OPPORTUNITY<\/h3>\n<p>Collaborate with us in our projects<\/p>\n<p>\t\t\t<a href=\"http:\/\/vitamundi.org\/en\/what-can-you-do\/\"><br \/>\n\t\t\t\t\t\tBECOME A COLLABORATOR<br \/>\n\t\t\t\t\t<\/a><br \/>\n\t\t<img width=\"184\" height=\"39\" src=\"http:\/\/vitamundi.org\/wp-content\/uploads\/2018\/02\/logo-vitamundi-blanc.png\" alt=\"\" loading=\"lazy\" \/>\t\t<\/p>\n<p><strong>CONTACT DATA<\/strong><\/p>\n<p><strong>STATUTES<\/strong><\/p>\n<p>It is a <strong>Development aid NGO established in October 2006<\/strong>, with the intention of coordinating specific actions and long-term sustainable projects in different countries with low levels of human, economic and social development.<\/p>\n<p><strong>Vita Mundi<\/strong><br \/>C.Balmes, 310, pral. 1\u00aa<br \/>08006 Barcelona<br \/>Phone number: +34 606 36 53 05 \/93 200 07 96<\/p>\n<p><strong>General Informati\u00f3n<\/strong>:<br \/>\n<a href=\"mailto:info@vitamundi.org\">info@vitamundi.org<\/a><br \/>\n<strong>Comunications and Marketing<\/strong>:<br \/>\n<a href=\"mailto:comunicacion@vitamundi.org\">comunicacion@vitamundi.org<\/a><\/p>\n<p style=\"text-align: left;\">\n<p>100% of the contributions allocated in projects.<br \/>\nExpenses are assumed by the founders.<br \/>\nAll trips are borne by the expedition members.<br \/>\nNo salaries<\/p>\n<p><strong>FOLLOW OUR ACTIONS IN THE NETWORK<\/strong><\/p>\n<p><strong>MAKE A DONATION<\/strong><\/p>\n<p><strong>RECEIVE OUR NEWSLETTER<\/strong><\/p>\n<p>\t\t\t\t\t\t\t<a href=\"https:\/\/www.facebook.com\/vitamundi\" target=\"_blank\" rel=\"noopener\"><br \/>\n\t\t\t\t\tFacebook<br \/>\n\t\t\t\t<\/a><br \/>\n\t\t\t\t\t\t\t<a href=\"https:\/\/twitter.com\/Vita_Mundi\" target=\"_blank\" rel=\"noopener\"><br \/>\n\t\t\t\t\tTwitter<br \/>\n\t\t\t\t<\/a><br \/>\n\t\t\t<a href=\"http:\/\/vitamundi.org\/wordpress\/que-puedes-hacer\/donacion-puntual\/\"><br \/>\n\t\t\t\t\t\tCollaborate<br \/>\n\t\t\t\t\t<\/a><br \/>\n\t\t\t<a href=\"mailto:info@vitamundi.org\"><br \/>\n\t\t\t\t\t\tSubscribe<br \/>\n\t\t\t\t\t<\/a><\/p>\n","protected":false},"excerpt":{"rendered":"<p>Guatemala GUATEMALA Since 2000, we have been committed with the indigenous communities of Guatemala through various projects, including health collaboration, sponsorship, food projects and school tutoring. MEDICAL COLLABORATION \u00a0 Se realizan jornadas m\u00e9dicas peri\u00f3dicas en las aldeas de las zonas de Patz\u00fan (Chimaltenango) y Bolonc\u00f3 (Alta Verapaz) que incluyen visita m\u00e9dica ambulatoria, diagn\u00f3stico y tratamiento &#8230; <\/p>\n<p class=\"read-more-container\"><a title=\"Guatemala\" class=\"read-more button\" href=\"http:\/\/vitamundi.org\/en\/what-we-do\/guatemala\/#more-3425\">Leer m\u00e1s<span class=\"screen-reader-text\">Guatemala<\/span><\/a><\/p>\n","protected":false},"author":1,"featured_media":0,"parent":3368,"menu_order":1,"comment_status":"closed","ping_status":"closed","template":"","meta":{"generate_page_header":""},"_links":{"self":[{"href":"http:\/\/vitamundi.org\/en\/wp-json\/wp\/v2\/pages\/3425"}],"collection":[{"href":"http:\/\/vitamundi.org\/en\/wp-json\/wp\/v2\/pages"}],"about":[{"href":"http:\/\/vitamundi.org\/en\/wp-json\/wp\/v2\/types\/page"}],"author":[{"embeddable":true,"href":"http:\/\/vitamundi.org\/en\/wp-json\/wp\/v2\/users\/1"}],"replies":[{"embeddable":true,"href":"http:\/\/vitamundi.org\/en\/wp-json\/wp\/v2\/comments?post=3425"}],"version-history":[{"count":54,"href":"http:\/\/vitamundi.org\/en\/wp-json\/wp\/v2\/pages\/3425\/revisions"}],"predecessor-version":[{"id":7905,"href":"http:\/\/vitamundi.org\/en\/wp-json\/wp\/v2\/pages\/3425\/revisions\/7905"}],"up":[{"embeddable":true,"href":"http:\/\/vitamundi.org\/en\/wp-json\/wp\/v2\/pages\/3368"}],"wp:attachment":[{"href":"http:\/\/vitamundi.org\/en\/wp-json\/wp\/v2\/media?parent=3425"}],"curies":[{"name":"wp","href":"https:\/\/api.w.org\/{rel}","templated":true}]}}